{"id":94280,"date":"2022-02-15T07:31:50","date_gmt":"2022-02-15T08:43:48","guid":{"rendered":"https:\/\/primomoto.es\/bela-atlas-cara-couro-botas-preto\/"},"modified":"2023-04-05T08:41:48","modified_gmt":"2023-04-05T08:41:48","slug":"bela-atlas-homens-botas-couro-preto","status":"publish","type":"product","link":"https:\/\/primomoto.es\/pt-pt\/bela-atlas-homens-botas-couro-preto\/","title":{"rendered":"Bela Atlas Homens Couro Chuteiras Preto"},"content":{"rendered":"<p>&nbsp;<\/p>\n<h2>BARCO BELA ATLAS<\/h2>\n<ul>\n<li>Parte superior em microfibra italiana<\/li>\n<li>Forro imperme\u00e1vel e respir\u00e1vel de 3 vias<\/li>\n<li>Forro de poli\u00e9ster com espuma de c\u00e9lula aberta para maior conforto<\/li>\n<li>Biqueira e calcanhar termopl\u00e1stico Techno GI\u00ae<\/li>\n<li>Sola interm\u00e9dia de nylon moldada anti-tor\u00e7\u00e3o<\/li>\n<li>Solado antiderrapante vulcanizado de alta densidade<\/li>\n<\/ul>\n","protected":false},"excerpt":{"rendered":"<p>&nbsp; BARCO BELA ATLAS Parte superior em microfibra italiana Forro imperme\u00e1vel e respir\u00e1vel de 3 vias Forro de poli\u00e9ster com<\/p>\n","protected":false},"featured_media":279120,"template":"","meta":[],"product_brand":[],"product_cat":[2571,2581,2572,682,3265,3260],"product_tag":[2578,2604,2574,3371],"class_list":{"0":"post-94280","1":"product","2":"type-product","3":"status-publish","4":"has-post-thumbnail","6":"product_cat-botas-de-motocicleta","7":"product_cat-botas-urbanas","8":"product_cat-homens-botas-de-motocicleta","9":"product_cat-motorcycle-clothing-pt-pt","10":"product_cat-rua","11":"product_cat-general-touring-category-pt","12":"product_tag-botas-de-couro","13":"product_tag-botas-de-rua","14":"product_tag-botas-masculinas","15":"product_tag-botas-pretas","16":"pa_size-39-pt-pt","17":"pa_size-40-pt-pt","18":"pa_size-41-pt-pt","19":"pa_size-42-pt-pt","20":"pa_size-43-pt-pt","21":"pa_size-44-pt-pt","22":"pa_size-45-pt-pt","23":"pa_size-46-pt-pt","25":"first","26":"outofstock","27":"sale","28":"taxable","29":"shipping-taxable","30":"purchasable","31":"product-type-variable","32":"has-default-attributes"},"_links":{"self":[{"href":"https:\/\/primomoto.es\/pt-pt\/wp-json\/wp\/v2\/product\/94280","targetHints":{"allow":["GET"]}}],"collection":[{"href":"https:\/\/primomoto.es\/pt-pt\/wp-json\/wp\/v2\/product"}],"about":[{"href":"https:\/\/primomoto.es\/pt-pt\/wp-json\/wp\/v2\/types\/product"}],"wp:featuredmedia":[{"embeddable":true,"href":"https:\/\/primomoto.es\/pt-pt\/wp-json\/wp\/v2\/media\/279120"}],"wp:attachment":[{"href":"https:\/\/primomoto.es\/pt-pt\/wp-json\/wp\/v2\/media?parent=94280"}],"wp:term":[{"taxonomy":"product_brand","embeddable":true,"href":"https:\/\/primomoto.es\/pt-pt\/wp-json\/wp\/v2\/product_brand?post=94280"},{"taxonomy":"product_cat","embeddable":true,"href":"https:\/\/primomoto.es\/pt-pt\/wp-json\/wp\/v2\/product_cat?post=94280"},{"taxonomy":"product_tag","embeddable":true,"href":"https:\/\/primomoto.es\/pt-pt\/wp-json\/wp\/v2\/product_tag?post=94280"}],"curies":[{"name":"wp","href":"https:\/\/api.w.org\/{rel}","templated":true}]}}