{"id":92153,"date":"2022-01-06T09:57:25","date_gmt":"2022-01-06T09:57:25","guid":{"rendered":"https:\/\/primomoto.es\/bela-speedo-2-0-motocicleta-corrida-botas-preto\/"},"modified":"2022-07-20T11:56:29","modified_gmt":"2022-07-20T11:56:29","slug":"bela-speedo-2-0-motocicleta-botas-pretas","status":"publish","type":"product","link":"https:\/\/primomoto.es\/pt-pt\/bela-speedo-2-0-motocicleta-botas-pretas\/","title":{"rendered":"Bela Speedo 2.0 Motocicleta Corrida Chuteiras Preto"},"content":{"rendered":"<h2>Bota Bela Speedo 2.0 para motociclismo<\/h2>\n<p>Bela Speedo 2.0 s\u00e3o ideais para motociclistas. Essas botas de motocicleta aprovadas pela CE s\u00e3o fornecidas com prote\u00e7\u00f5es de canela <span class=\"hiddenSpellError\">TPU<\/span> sobrepostas, essas botas se tornam um item confi\u00e1vel para uso em circuitos e estradas. Provido de reflexos que se tornam vis\u00edveis no escuro para outros ve\u00edculos e condutores. Seu material exterior robusto oferece prote\u00e7\u00e3o extrema em climas adversos. O forro interior macio oferece uma experi\u00eancia de condu\u00e7\u00e3o confort\u00e1vel ao longo do dia. Bela <span class=\"hiddenSpellError\">Speedo 2.0<\/span> vem na cor Preto e Preto com a combina\u00e7\u00e3o de Amarelo, Vermelho, Verde, Branco<\/p>\n<p><strong>Materiais:<\/strong><\/p>\n<ul>\n<li>Exterior de couro colado em PU<\/li>\n<li>Forro interno macio de poli\u00e9ster<\/li>\n<\/ul>\n<p><strong>Informa\u00e7\u00e3o t\u00e9cnica:<\/strong><\/p>\n<ul>\n<li>Painel de engrenagem TPU<\/li>\n<li>Refletores para visibilidade noturna<\/li>\n<li>CE aprovado<\/li>\n<li>Prote\u00e7\u00e3o TPU na \u00e1rea da canela<\/li>\n<li>Z\u00edper longo com puxadores para facilitar o uso<\/li>\n<li><span style=\"vertical-align: inherit;\"><span style=\"vertical-align: inherit;\">Fecho com aba de velcro<\/span><\/span><\/li>\n<li><span style=\"vertical-align: inherit;\"><span style=\"vertical-align: inherit;\">Acorde\u00e3o na frente e atr\u00e1s para facilitar o movimento<\/span><\/span><\/li>\n<li><span style=\"vertical-align: inherit;\"><span style=\"vertical-align: inherit;\">TPU contador traseiro na \u00e1rea do calcanhar<\/span><\/span><\/li>\n<li><span style=\"vertical-align: inherit;\"><span style=\"vertical-align: inherit;\">Linguado de borracha<\/span><\/span><\/li>\n<\/ul>\n","protected":false},"excerpt":{"rendered":"<div id=\"product-description-short-598\" class=\"rte-content\">\n<p>            <span style=\"vertical-align: inherit;\"><br \/>\n              <span style=\"vertical-align: inherit;\">Bela Speedo 2.0 s\u00e3o botas de motocicleta com aprova\u00e7\u00e3o CE. Fornecidas com prote\u00e7\u00f5es de canela em TPU sobrepostas, essas botas se tornam um item confi\u00e1vel para uso em circuitos e estradas<\/span><br \/>\n            <\/span><\/p><\/div>\n<div class=\"product-actions\">\n<form id=\"add-to-cart-or-refresh\" action=\"https:\/\/maximo-moto.com\/gb\/cart\" method=\"post\">\n<div class=\"product-variants\">\n<div class=\"clearfix product-variants-item\"><\/div>\n<\/p><\/div>\n<\/p><\/form>\n<\/p><\/div>\n","protected":false},"featured_media":122783,"template":"","meta":[],"product_brand":[],"product_cat":[2571,2577,2572,3270,682],"product_tag":[2578,3415,2597,3371],"class_list":{"0":"post-92153","1":"product","2":"type-product","3":"status-publish","4":"has-post-thumbnail","6":"product_cat-botas-de-motocicleta","7":"product_cat-homens-botas-de-corrida","8":"product_cat-homens-botas-de-motocicleta","9":"product_cat-corrida","10":"product_cat-motorcycle-clothing-pt-pt","11":"product_tag-botas-de-couro","12":"product_tag-botas-de-motocicleta","13":"product_tag-botas-ejaculacao","14":"product_tag-botas-pretas","15":"pa_size-39-pt-pt","16":"pa_size-40-pt-pt","17":"pa_size-41-pt-pt","18":"pa_size-42-pt-pt","19":"pa_size-43-pt-pt","20":"pa_size-44-pt-pt","21":"pa_size-45-pt-pt","22":"pa_size-46-pt-pt","23":"pa_size-47-pt-pt","25":"first","26":"outofstock","27":"sale","28":"taxable","29":"shipping-taxable","30":"purchasable","31":"product-type-variable","32":"has-default-attributes"},"_links":{"self":[{"href":"https:\/\/primomoto.es\/pt-pt\/wp-json\/wp\/v2\/product\/92153","targetHints":{"allow":["GET"]}}],"collection":[{"href":"https:\/\/primomoto.es\/pt-pt\/wp-json\/wp\/v2\/product"}],"about":[{"href":"https:\/\/primomoto.es\/pt-pt\/wp-json\/wp\/v2\/types\/product"}],"wp:featuredmedia":[{"embeddable":true,"href":"https:\/\/primomoto.es\/pt-pt\/wp-json\/wp\/v2\/media\/122783"}],"wp:attachment":[{"href":"https:\/\/primomoto.es\/pt-pt\/wp-json\/wp\/v2\/media?parent=92153"}],"wp:term":[{"taxonomy":"product_brand","embeddable":true,"href":"https:\/\/primomoto.es\/pt-pt\/wp-json\/wp\/v2\/product_brand?post=92153"},{"taxonomy":"product_cat","embeddable":true,"href":"https:\/\/primomoto.es\/pt-pt\/wp-json\/wp\/v2\/product_cat?post=92153"},{"taxonomy":"product_tag","embeddable":true,"href":"https:\/\/primomoto.es\/pt-pt\/wp-json\/wp\/v2\/product_tag?post=92153"}],"curies":[{"name":"wp","href":"https:\/\/api.w.org\/{rel}","templated":true}]}}