{"id":84189,"date":"2021-01-04T11:26:28","date_gmt":"2021-01-04T11:26:28","guid":{"rendered":"https:\/\/primomoto.es\/bela-rocket-homens-jaqueta-preto-amarelo-fluro\/"},"modified":"2022-12-22T10:16:10","modified_gmt":"2022-12-22T10:16:10","slug":"bela-foguete-men-motocicleta-jaqueta-corrida-preta-fluro-amarela","status":"publish","type":"product","link":"https:\/\/primomoto.es\/pt-pt\/bela-foguete-men-motocicleta-jaqueta-corrida-preta-fluro-amarela\/","title":{"rendered":"Bela Rocket Men Motocicleta Corrida Jaqueta Preto\/Fluro Amarelo"},"content":{"rendered":"<h1>Jaqueta de couro para motocicleta Bela Rocket Men Kangaroo Mix<\/h1>\n<p>A Bela oferece esta jaqueta de couro exclusiva confeccionada em couro bovino Hq com inser\u00e7\u00f5es canguru para oferecer a melhor prote\u00e7\u00e3o da junta com a melhor adaptabilidade.<\/p>\n<h2>Material:<\/h2>\n<p>Couro de couro de flor integral premium de 1,1-1,3 mm com inser\u00e7\u00f5es de canguru repelentes de \u00e1gua Mm 0,9 \/ 1<\/p>\n<p>Tecido el\u00e1stico super tenso no cotovelo e nas costas do material externo: 75% couro bovino 25% couro canguru (inser\u00e7\u00f5es 92% pa 8% elastano)<\/p>\n<p>Forro: 100% poli\u00e9ster<\/p>\n<h3>Informa\u00e7\u00e3o t\u00e9cnica:<\/h3>\n<p>Forro fixo em malha de poliester<\/p>\n<p>Pe\u00e7as de prote\u00e7\u00e3o externa TPU no ombro e cotovelo<\/p>\n<p>Prote\u00e7\u00f5es aprovadas pela CE interna nos ombros, cotovelos,<\/p>\n<p>Corcunda aerodin\u00e2mica para prote\u00e7\u00e3o da medula espinhal<\/p>\n<p>Couro parcialmente perfurado na frente, nos bra\u00e7os e nas costas para melhorar a ventila\u00e7\u00e3o Pain\u00e9is de couro el\u00e1stico nas cavas e ombros traseiros para movimentos confort\u00e1veis e flex\u00edveis<\/p>\n<p>Neoprene na gola, punhos e bainha para reduzir a espessura e dar maior conforto. Refor\u00e7o em pele de dupla camada no cotovelo, ombro.<\/p>\n<p>Velcro dentro do painel frontal para facilitar a prote\u00e7\u00e3o do peito, se necess\u00e1rio<\/p>\n<p>Fecho de correr no pulso na manga para oferecer maior praticidade<\/p>\n<p>Reflexivo na \u00e1rea do bra\u00e7o para melhor vis\u00e3o noturna.<\/p>\n<p>Z\u00edper de conex\u00e3o de alta resist\u00eancia<\/p>\n","protected":false},"excerpt":{"rendered":"<p>A Bela est\u00e1 oferecendo esta jaqueta de couro exclusiva confeccionada em couro de vaca HQ com inser\u00e7\u00f5es Kanguroo para oferecer a melhor prote\u00e7\u00e3o articular a melhor adaptabilidade.<\/p>\n","protected":false},"featured_media":289919,"template":"","meta":[],"product_brand":[],"product_cat":[2614,2635,2615,3270,682],"product_tag":[3282,2695,3278],"class_list":{"0":"post-84189","1":"product","2":"type-product","3":"status-publish","4":"has-post-thumbnail","6":"product_cat-casacos-motos","7":"product_cat-jaquetas-de-couro","8":"product_cat-homens-jaquetas-de-motocicleta","9":"product_cat-corrida","10":"product_cat-motorcycle-clothing-pt-pt","11":"product_tag-chaqueta-de-carreras-pt-pt","12":"product_tag-chaqueta-de-cuero-pt-pt-2","13":"product_tag-jaqueta-de-homem","14":"pa_size-46-xs-pt-pt","15":"pa_size-48-s-pt-pt","16":"pa_size-50-m-pt-pt-2","17":"pa_size-52-l-pt-pt","18":"pa_size-54-xl-pt-pt","19":"pa_size-56-2xl-pt-pt-2","20":"pa_size-58-3xl-pt-pt-2","21":"pa_size-60-4xl-pt-pt","22":"pa_size-62-5xl-pt-pt","24":"first","25":"instock","26":"sale","27":"taxable","28":"shipping-taxable","29":"purchasable","30":"product-type-variable","31":"has-default-attributes"},"_links":{"self":[{"href":"https:\/\/primomoto.es\/pt-pt\/wp-json\/wp\/v2\/product\/84189","targetHints":{"allow":["GET"]}}],"collection":[{"href":"https:\/\/primomoto.es\/pt-pt\/wp-json\/wp\/v2\/product"}],"about":[{"href":"https:\/\/primomoto.es\/pt-pt\/wp-json\/wp\/v2\/types\/product"}],"wp:featuredmedia":[{"embeddable":true,"href":"https:\/\/primomoto.es\/pt-pt\/wp-json\/wp\/v2\/media\/289919"}],"wp:attachment":[{"href":"https:\/\/primomoto.es\/pt-pt\/wp-json\/wp\/v2\/media?parent=84189"}],"wp:term":[{"taxonomy":"product_brand","embeddable":true,"href":"https:\/\/primomoto.es\/pt-pt\/wp-json\/wp\/v2\/product_brand?post=84189"},{"taxonomy":"product_cat","embeddable":true,"href":"https:\/\/primomoto.es\/pt-pt\/wp-json\/wp\/v2\/product_cat?post=84189"},{"taxonomy":"product_tag","embeddable":true,"href":"https:\/\/primomoto.es\/pt-pt\/wp-json\/wp\/v2\/product_tag?post=84189"}],"curies":[{"name":"wp","href":"https:\/\/api.w.org\/{rel}","templated":true}]}}