{"id":84063,"date":"2021-01-04T11:24:38","date_gmt":"2021-01-04T11:24:38","guid":{"rendered":"https:\/\/primomoto.es\/bela-rocket-lady-jaqueta-preto-amarelo-fluro\/"},"modified":"2021-12-03T08:00:32","modified_gmt":"2021-12-03T08:00:32","slug":"bela-foguete-senhora-casaco-preto-fluro-amarelo","status":"publish","type":"product","link":"https:\/\/primomoto.es\/pt-pt\/bela-foguete-senhora-casaco-preto-fluro-amarelo\/","title":{"rendered":"Bela Rocket Lady Jaqueta Preto \/ Amarelo Fluro"},"content":{"rendered":"<h2>Jaqueta Bela Rocket Lady Motorcycle Racing<\/h2>\n<p>A Bela est\u00e1 oferecendo esta jaqueta de couro exclusiva confeccionada em couro de vaca HQ com inser\u00e7\u00f5es Canguru para oferecer a melhor prote\u00e7\u00e3o da junta com a melhor adaptabilidade.<\/p>\n<p><strong>Material:<\/strong><\/p>\n<ul>\n<li>Couro de vaca de flor integral premium de 1,1-1,3 mm com inser\u00e7\u00f5es de canguru repelentes de \u00e1gua mm 0,9 \/ 1<\/li>\n<li>Tecido super tenso-tex el\u00e1stico no cotovelo e nas costas<\/li>\n<li>Material externo: 75% couro de couro 25% couro canguru (inser\u00e7\u00f5es 92% PA 8% ELASTAN)<\/li>\n<li>Forro: 100% poli\u00e9ster<\/li>\n<\/ul>\n<p><strong>Informa\u00e7\u00e3o t\u00e9cnica:<\/strong><\/p>\n<ul>\n<li>Forro de malha de poli\u00e9ster fixo<\/li>\n<li>Pe\u00e7as de prote\u00e7\u00e3o externa TPU no ombro e cotovelo<\/li>\n<li>Protetores internos aprovados pela CE nos ombros, cotovelos,<\/li>\n<li>Sali\u00eancia aerodin\u00e2mica para prote\u00e7\u00e3o da medula espinhal<\/li>\n<li>Couro parcialmente perfurado na frente, bra\u00e7os e costas para melhorar a ventila\u00e7\u00e3o<\/li>\n<li>Pain\u00e9is de couro el\u00e1stico na cava traseira e nos ombros para um movimento confort\u00e1vel e flex\u00edvel<\/li>\n<li>Neoprene na gola, punho e bainha para reduzir a espessura e dar maior conforto<\/li>\n<li>Refor\u00e7o de couro de camada dupla no cotovelo, ombro.<\/li>\n<li>Velcro dentro do painel frontal para facilitar um protetor de t\u00f3rax, se necess\u00e1rio<\/li>\n<li>Fecho de correr de pulso no punho para maior comodidade<\/li>\n<li>Reflexivo na \u00e1rea do bra\u00e7o para melhor vis\u00e3o noturna.<\/li>\n<li>Z\u00edper de conex\u00e3o de alta resist\u00eancia<\/li>\n<\/ul>\n","protected":false},"excerpt":{"rendered":"<p>A Bela est\u00e1 oferecendo esta jaqueta feminina de couro exclusiva confeccionada em couro de vaca de alta qualidade com inser\u00e7\u00f5es Canguru para oferecer a melhor prote\u00e7\u00e3o para as articula\u00e7\u00f5es e a melhor adaptabilidade.<\/p>\n","protected":false},"featured_media":289877,"template":"","meta":[],"product_brand":[],"product_cat":[2614,2680,2627,3270,682],"product_tag":[3282,2695,2701],"class_list":{"0":"post-84063","1":"product","2":"type-product","3":"status-publish","4":"has-post-thumbnail","6":"product_cat-casacos-motos","7":"product_cat-jaqueta-de-couro-feminino","8":"product_cat-mulheres-jaqueta-de-motocicleta","9":"product_cat-corrida","10":"product_cat-motorcycle-clothing-pt-pt","11":"product_tag-chaqueta-de-carreras-pt-pt","12":"product_tag-chaqueta-de-cuero-pt-pt-2","13":"product_tag-mulher-de-jaqueta","14":"pa_size-36-xs-pt-pt","15":"pa_size-38-s-pt-pt","16":"pa_size-40-m-pt-pt","17":"pa_size-42-l-pt-pt","18":"pa_size-44-xl-pt-pt","19":"pa_size-46-2xl-pt-pt","20":"pa_size-48-3xl-pt-pt","22":"first","23":"outofstock","24":"sale","25":"taxable","26":"shipping-taxable","27":"purchasable","28":"product-type-variable","29":"has-default-attributes"},"_links":{"self":[{"href":"https:\/\/primomoto.es\/pt-pt\/wp-json\/wp\/v2\/product\/84063","targetHints":{"allow":["GET"]}}],"collection":[{"href":"https:\/\/primomoto.es\/pt-pt\/wp-json\/wp\/v2\/product"}],"about":[{"href":"https:\/\/primomoto.es\/pt-pt\/wp-json\/wp\/v2\/types\/product"}],"wp:featuredmedia":[{"embeddable":true,"href":"https:\/\/primomoto.es\/pt-pt\/wp-json\/wp\/v2\/media\/289877"}],"wp:attachment":[{"href":"https:\/\/primomoto.es\/pt-pt\/wp-json\/wp\/v2\/media?parent=84063"}],"wp:term":[{"taxonomy":"product_brand","embeddable":true,"href":"https:\/\/primomoto.es\/pt-pt\/wp-json\/wp\/v2\/product_brand?post=84063"},{"taxonomy":"product_cat","embeddable":true,"href":"https:\/\/primomoto.es\/pt-pt\/wp-json\/wp\/v2\/product_cat?post=84063"},{"taxonomy":"product_tag","embeddable":true,"href":"https:\/\/primomoto.es\/pt-pt\/wp-json\/wp\/v2\/product_tag?post=84063"}],"curies":[{"name":"wp","href":"https:\/\/api.w.org\/{rel}","templated":true}]}}