{"id":83388,"date":"2021-01-04T11:24:36","date_gmt":"2021-01-04T11:24:36","guid":{"rendered":"https:\/\/primomoto.es\/r-tech-tom-rider-lady-lederjacke-fur-damen\/"},"modified":"2023-01-03T09:14:16","modified_gmt":"2023-01-03T09:14:16","slug":"r-tech-tom-rider-feminino-motocicleta-jaqueta-de-couro-preta","status":"publish","type":"product","link":"https:\/\/primomoto.es\/pt-pt\/r-tech-tom-rider-feminino-motocicleta-jaqueta-de-couro-preta\/","title":{"rendered":"R-Tech Tom Rider Women Motocicleta Couro Jaqueta Preto"},"content":{"rendered":"<section class=\"product-description-section block-section\">\n<div class=\"section-content\">\n<div class=\"product-description \">\n<div class=\"rte-content\">\n<h2>Jaqueta de couro de corrida de motocicleta R-Tech Tom Rider<\/h2>\n<p>Nossa jaqueta &#8220;TOM RIDER&#8221; \u00e9 feita especialmente para Lady BIKERS. Com um design feminino, o esp\u00edrito Racing desta jaqueta n\u00e3o \u00e9 abandonado de forma alguma. Suas prote\u00e7\u00f5es externas feitas em TPU lhe conferem um aspecto mais racing. Est\u00e1 desenhada para o corpo do motociclista, com os seus el\u00e1sticos nos antebra\u00e7os e zona posterior dos ombros permitindo um grande conforto ao andar na bicicleta.<\/p>\n<p><strong>Informa\u00e7\u00e3o material:<\/strong><\/p>\n<ul>\n<li>Arma\u00e7\u00e3o de couro bovino de qualidade premium com espessura de 1,0-1,1 mm<\/li>\n<\/ul>\n<p><strong>Informa\u00e7\u00e3o t\u00e9cnica:<\/strong><\/p>\n<ul>\n<li>1\u201d colar de mandarim.<\/li>\n<li>Forro com z\u00edper destac\u00e1vel 100 gm enchimento de poli\u00e9ster.<\/li>\n<li>Prote\u00e7\u00f5es nos ombros e cotovelos.<\/li>\n<li>Bolso de prote\u00e7\u00e3o nas costas (n\u00e3o inclu\u00eddo).<\/li>\n<li>Material el\u00e1stico nos antebra\u00e7os.<\/li>\n<li>Dois bolsos externos<\/li>\n<li>Ajust\u00e1vel na cintura.<\/li>\n<li>Fechamento com z\u00edper e fecho.<\/li>\n<li>Z\u00edperes YKK originais.<\/li>\n<li>Faixas refletivas nas costas.<\/li>\n<li>Protetor de TPU nos ombros.<\/li>\n<\/ul>\n<\/div>\n<\/div>\n<\/div>\n<\/section>\n","protected":false},"excerpt":{"rendered":"<div id=\"product-description-short-147\" class=\"rte-content\">\n<div class=\"short-description\">\n<div class=\"std\">\n<p>Feita de couro bovino de qualidade premium, a jaqueta de couro R-Tech Tom Rider \u00e9 um produto especial para mulheres.<\/p>\n<\/div>\n<\/div>\n<\/div>\n<div id=\"gtx-trans\" style=\"position: absolute; left: -46px; top: 57px;\">\n<div class=\"gtx-trans-icon\"><\/div>\n<\/div>\n","protected":false},"featured_media":10158,"template":"","meta":[],"product_brand":[],"product_cat":[2614,2680,2627,682],"product_tag":[2695,2629,2701],"class_list":{"0":"post-83388","1":"product","2":"type-product","3":"status-publish","4":"has-post-thumbnail","6":"product_cat-casacos-motos","7":"product_cat-jaqueta-de-couro-feminino","8":"product_cat-mulheres-jaqueta-de-motocicleta","9":"product_cat-motorcycle-clothing-pt-pt","10":"product_tag-chaqueta-de-cuero-pt-pt-2","11":"product_tag-chaqueta-de-turismo-pt-pt","12":"product_tag-mulher-de-jaqueta","13":"pa_size-34-2xs-pt-pt","14":"pa_size-36-xs-pt-pt","15":"pa_size-38-s-pt-pt","16":"pa_size-40-m-pt-pt","17":"pa_size-42-l-pt-pt","18":"pa_size-44-xl-pt-pt","19":"pa_size-46-2xl-pt-pt","20":"pa_size-48-3xl-pt-pt","21":"pa_size-50-4xl-pt-pt","23":"first","24":"outofstock","25":"sale","26":"featured","27":"taxable","28":"shipping-taxable","29":"purchasable","30":"product-type-variable","31":"has-default-attributes"},"_links":{"self":[{"href":"https:\/\/primomoto.es\/pt-pt\/wp-json\/wp\/v2\/product\/83388","targetHints":{"allow":["GET"]}}],"collection":[{"href":"https:\/\/primomoto.es\/pt-pt\/wp-json\/wp\/v2\/product"}],"about":[{"href":"https:\/\/primomoto.es\/pt-pt\/wp-json\/wp\/v2\/types\/product"}],"wp:featuredmedia":[{"embeddable":true,"href":"https:\/\/primomoto.es\/pt-pt\/wp-json\/wp\/v2\/media\/10158"}],"wp:attachment":[{"href":"https:\/\/primomoto.es\/pt-pt\/wp-json\/wp\/v2\/media?parent=83388"}],"wp:term":[{"taxonomy":"product_brand","embeddable":true,"href":"https:\/\/primomoto.es\/pt-pt\/wp-json\/wp\/v2\/product_brand?post=83388"},{"taxonomy":"product_cat","embeddable":true,"href":"https:\/\/primomoto.es\/pt-pt\/wp-json\/wp\/v2\/product_cat?post=83388"},{"taxonomy":"product_tag","embeddable":true,"href":"https:\/\/primomoto.es\/pt-pt\/wp-json\/wp\/v2\/product_tag?post=83388"}],"curies":[{"name":"wp","href":"https:\/\/api.w.org\/{rel}","templated":true}]}}