{"id":82840,"date":"2021-11-24T09:45:24","date_gmt":"2021-11-24T10:13:42","guid":{"rendered":"https:\/\/primomoto.es\/bela-blast-senhora-luvas-couro-preto-rosa\/"},"modified":"2023-02-07T11:09:00","modified_gmt":"2023-02-07T11:09:00","slug":"bela-explosao-senhora-luva-de-couro-preto-rosa","status":"publish","type":"product","link":"https:\/\/primomoto.es\/pt-pt\/bela-explosao-senhora-luva-de-couro-preto-rosa\/","title":{"rendered":"Bela Blast Senhora Couro Luva Preto \/ Rosa"},"content":{"rendered":"<h2><strong>LUVAS DE COURO PARA MOTOCICLETAS &#8211; LUVAS BELA BLAST<\/strong><\/h2>\n<p><strong>Descri\u00e7\u00e3o:<\/strong><\/p>\n<ul>\n<li>Luvas mistas de couro e tecido.<\/li>\n<li>Couro genu\u00edno usado em \u00e1reas de alto risco de impacto.<\/li>\n<li>Malha de poli\u00e9ster de alta qualidade para fins de ventila\u00e7\u00e3o.<\/li>\n<li>Constru\u00e7\u00e3o em tecido de neoprene e poli\u00e9ster macio para um encaixe confort\u00e1vel.<\/li>\n<li>Forro de poli\u00e9ster macio no interior.<\/li>\n<li>Debrum em couro sint\u00e9tico.<\/li>\n<li>Protetor de TPU para prote\u00e7\u00e3o dos dedos.<\/li>\n<li>Prote\u00e7\u00e3o TPR para seguran\u00e7a de palma e dedos.<\/li>\n<li>Remendo de preenchimento Eva para proteger a junta do polegar.<\/li>\n<li>Refor\u00e7o Clarino para seguran\u00e7a da palma.<\/li>\n<li>Forma curva para um encaixe agrad\u00e1vel.<\/li>\n<li>Pain\u00e9is el\u00e1sticos.<\/li>\n<li>Fecho de velcro ajust\u00e1vel no punho para melhor conforto e ader\u00eancia do punho.<\/li>\n<\/ul>\n","protected":false},"excerpt":{"rendered":"<p>LUVAS DE COURO PARA MOTOCICLETAS &#8211; LUVAS BELA BLAST Descri\u00e7\u00e3o: Luvas mistas de couro e tecido. Couro genu\u00edno usado em<\/p>\n","protected":false},"featured_media":82792,"template":"","meta":[],"product_brand":[],"product_cat":[2543,2483,3270,682],"product_tag":[2508,2531,3183,3184],"class_list":{"0":"post-82840","1":"product","2":"type-product","3":"status-publish","4":"has-post-thumbnail","6":"product_cat-luva-de-corrida-mulher","7":"product_cat-mulheres-luvas-de-motocicleta","8":"product_cat-corrida","9":"product_cat-motorcycle-clothing-pt-pt","10":"product_tag-luva-de-couro","11":"product_tag-luvas-de-corrida","12":"product_tag-luvas-de-motocicleta","13":"product_tag-luvas-pretas","14":"pa_size-2xl-pt-pt","15":"pa_size-2xs-pt-pt","16":"pa_size-l-pt-pt","17":"pa_size-m-pt-pt","18":"pa_size-s-pt-pt","19":"pa_size-xl-pt-pt","20":"pa_size-xs-pt-pt","22":"first","23":"outofstock","24":"sale","25":"taxable","26":"shipping-taxable","27":"purchasable","28":"product-type-variable","29":"has-default-attributes"},"_links":{"self":[{"href":"https:\/\/primomoto.es\/pt-pt\/wp-json\/wp\/v2\/product\/82840","targetHints":{"allow":["GET"]}}],"collection":[{"href":"https:\/\/primomoto.es\/pt-pt\/wp-json\/wp\/v2\/product"}],"about":[{"href":"https:\/\/primomoto.es\/pt-pt\/wp-json\/wp\/v2\/types\/product"}],"wp:featuredmedia":[{"embeddable":true,"href":"https:\/\/primomoto.es\/pt-pt\/wp-json\/wp\/v2\/media\/82792"}],"wp:attachment":[{"href":"https:\/\/primomoto.es\/pt-pt\/wp-json\/wp\/v2\/media?parent=82840"}],"wp:term":[{"taxonomy":"product_brand","embeddable":true,"href":"https:\/\/primomoto.es\/pt-pt\/wp-json\/wp\/v2\/product_brand?post=82840"},{"taxonomy":"product_cat","embeddable":true,"href":"https:\/\/primomoto.es\/pt-pt\/wp-json\/wp\/v2\/product_cat?post=82840"},{"taxonomy":"product_tag","embeddable":true,"href":"https:\/\/primomoto.es\/pt-pt\/wp-json\/wp\/v2\/product_tag?post=82840"}],"curies":[{"name":"wp","href":"https:\/\/api.w.org\/{rel}","templated":true}]}}