{"id":82462,"date":"2021-11-23T07:26:58","date_gmt":"2021-11-23T09:18:52","guid":{"rendered":"https:\/\/primomoto.es\/bela-blast-man-luvas-de-verao-preto-amarelo\/"},"modified":"2023-02-15T08:19:49","modified_gmt":"2023-02-15T08:19:49","slug":"bela-blast-men-luvas-de-couro-preto-amarelo","status":"publish","type":"product","link":"https:\/\/primomoto.es\/pt-pt\/bela-blast-men-luvas-de-couro-preto-amarelo\/","title":{"rendered":"Bela Blast Homens Couro Luvas Preto \/ Amarelo"},"content":{"rendered":"<h2><strong>Luvas de ver\u00e3o para motocicleta &#8211; Luvas Bela Blast<\/strong><\/h2>\n<p><strong><span style=\"vertical-align: inherit;\"><span style=\"vertical-align: inherit;\">Descri\u00e7\u00e3o:<\/span><\/span><\/strong><\/p>\n<ul>\n<li>Luvas mistas de couro e tecido.<\/li>\n<li>Couro genu\u00edno usado em \u00e1reas de alto risco de impacto.<\/li>\n<li>Malha de poli\u00e9ster de alta qualidade para fins de ventila\u00e7\u00e3o.<\/li>\n<li>Constru\u00e7\u00e3o em tecido de neoprene e poli\u00e9ster macio para um encaixe confort\u00e1vel.<\/li>\n<li>Forro de poli\u00e9ster macio no interior.<\/li>\n<li>Debrum em couro sint\u00e9tico.<\/li>\n<li>Protetor de TPU para prote\u00e7\u00e3o dos dedos.<\/li>\n<li>Prote\u00e7\u00e3o TPR para seguran\u00e7a de palma e dedos.<\/li>\n<li>Remendo de preenchimento Eva para proteger a junta do polegar.<\/li>\n<li>Refor\u00e7o Clarino para seguran\u00e7a da palma.<\/li>\n<li>Forma curva para um encaixe agrad\u00e1vel.<\/li>\n<li>Pain\u00e9is el\u00e1sticos.<\/li>\n<li>Fecho de velcro ajust\u00e1vel no punho para melhor conforto e ader\u00eancia do punho.<\/li>\n<\/ul>\n","protected":false},"excerpt":{"rendered":"<p>Luvas de ver\u00e3o para motocicleta &#8211; Luvas Bela Blast Descri\u00e7\u00e3o: Luvas mistas de couro e tecido. Couro genu\u00edno usado em<\/p>\n","protected":false},"featured_media":82376,"template":"","meta":[],"product_brand":[],"product_cat":[2488,2482,2511,3270,682,3265],"product_tag":[2534,2563,3164,3166,3165],"class_list":{"0":"post-82462","1":"product","2":"type-product","3":"status-publish","4":"has-post-thumbnail","6":"product_cat-luvas-de-motocicleta-masculinas","7":"product_cat-luvas-de-motocicleta-pt","8":"product_cat-luvas-de-corrida","9":"product_cat-corrida","10":"product_cat-motorcycle-clothing-pt-pt","11":"product_cat-rua","12":"product_tag-luva-de-corrida","13":"product_tag-luva-de-motocicleta","14":"product_tag-luva-de-motocicleta-pt-pt","15":"product_tag-luva-masculina","16":"product_tag-luva-preta","17":"pa_size-2xl-pt-pt","18":"pa_size-3xl-pt","19":"pa_size-l-pt-pt","20":"pa_size-m-pt-pt","21":"pa_size-s-pt-pt","22":"pa_size-xl-pt-pt","23":"pa_size-xs-pt-pt","25":"first","26":"outofstock","27":"sale","28":"taxable","29":"shipping-taxable","30":"purchasable","31":"product-type-variable","32":"has-default-attributes"},"_links":{"self":[{"href":"https:\/\/primomoto.es\/pt-pt\/wp-json\/wp\/v2\/product\/82462","targetHints":{"allow":["GET"]}}],"collection":[{"href":"https:\/\/primomoto.es\/pt-pt\/wp-json\/wp\/v2\/product"}],"about":[{"href":"https:\/\/primomoto.es\/pt-pt\/wp-json\/wp\/v2\/types\/product"}],"wp:featuredmedia":[{"embeddable":true,"href":"https:\/\/primomoto.es\/pt-pt\/wp-json\/wp\/v2\/media\/82376"}],"wp:attachment":[{"href":"https:\/\/primomoto.es\/pt-pt\/wp-json\/wp\/v2\/media?parent=82462"}],"wp:term":[{"taxonomy":"product_brand","embeddable":true,"href":"https:\/\/primomoto.es\/pt-pt\/wp-json\/wp\/v2\/product_brand?post=82462"},{"taxonomy":"product_cat","embeddable":true,"href":"https:\/\/primomoto.es\/pt-pt\/wp-json\/wp\/v2\/product_cat?post=82462"},{"taxonomy":"product_tag","embeddable":true,"href":"https:\/\/primomoto.es\/pt-pt\/wp-json\/wp\/v2\/product_tag?post=82462"}],"curies":[{"name":"wp","href":"https:\/\/api.w.org\/{rel}","templated":true}]}}