{"id":81333,"date":"2021-11-12T11:02:25","date_gmt":"2021-11-12T11:02:25","guid":{"rendered":"https:\/\/primomoto.es\/bela-x-race-fato-de-couro-1pc-branco-preto-azul\/"},"modified":"2025-06-04T13:51:29","modified_gmt":"2025-06-04T13:51:29","slug":"bela-x-corrida-motocicleta-couro-fato-de-corrida-1-pc-branco-preto-azul","status":"publish","type":"product","link":"https:\/\/primomoto.es\/pt-pt\/bela-x-corrida-motocicleta-couro-fato-de-corrida-1-pc-branco-preto-azul\/","title":{"rendered":"Bela X-Race Fatos de Moto Branco\/Preto\/Azul"},"content":{"rendered":"<p><span style=\"color: #ff0000;\"><strong>Nota: os pedidos s\u00e3o enviados dentro de 10 a 15 dias \u00fateis a partir da data da compra!!<\/strong><\/span><\/p>\n<h2>Bela X-Race Motocicleta Couro Corrida Terno 1 PC<\/h2>\n<p><strong>Caracteristicas:<\/strong><\/p>\n<ul>\n<li>Constru\u00eddo em couro de novilho tingido em tambor de qualidade premium de 1,2-1,4 mm com uma combina\u00e7\u00e3o de couro perfurado e n\u00e3o perfurado<\/li>\n<li>A lombada de velocidade no ar de perfil de corrida com painel superior de couro perfurado \u00e9 combinada com uma lombada de velocidade recuada para maior ventila\u00e7\u00e3o<\/li>\n<li>Protetores de ombro, cotovelo e joelho remov\u00edveis e aprovados pela CE podem ser ajustados com fechos de velcro<\/li>\n<li>Pain\u00e9is de expans\u00e3o estilo acorde\u00e3o nos ombros, cotovelos, cintura e joelhos para flexibilidade e ajuste de desempenho<\/li>\n<li>Grandes pain\u00e9is sem costura na parte inferior e traseira da coxa para maximizar a resist\u00eancia \u00e0 abras\u00e3o<\/li>\n<li>O painel de expans\u00e3o estilo acorde\u00e3o ao longo da parte superior do traje oferece maior flexibilidade e uma ampla gama de conforto para diferentes tamanhos de protetores de costas<\/li>\n<li>Pain\u00e9is extens\u00edveis resistentes nos bra\u00e7os, virilhas e panturrilhas para facilitar os movimentos<\/li>\n<li>A armadura de prote\u00e7\u00e3o de ombro e cotovelo TPU nos ombros e cotovelos oferece prote\u00e7\u00e3o adicional<\/li>\n<li>Mangas torneadas e pernas pr\u00e9-curvas para um ajuste de desempenho na posi\u00e7\u00e3o de pilotagem<\/li>\n<li>O punho confort\u00e1vel possui um painel extens\u00edvel de neoprene que pode acomodar diferentes tamanhos de pulso e \u00e9 macio ao toque.<\/li>\n<li>Forro em malha para respirabilidade.<\/li>\n<li>Costura tripla com linha de n\u00e1ilon refor\u00e7ada<\/li>\n<li>Colarinho de neoprene macio para maior conforto.<\/li>\n<li>Bolso interno com z\u00edper no peito<\/li>\n<li>Os punhos apresentam um z\u00edper com mola para evitar oscila\u00e7\u00f5es<\/li>\n<li>Joelhos deslizantes inclu\u00eddos<\/li>\n<\/ul>\n","protected":false},"excerpt":{"rendered":"<p>Nota: os pedidos s\u00e3o enviados dentro de 10 a 15 dias \u00fateis a partir da data da compra!! Bela X-Race<\/p>\n","protected":false},"featured_media":231786,"template":"","meta":[],"product_brand":[],"product_cat":[2131,2133,2132,682],"product_tag":[2144,2180],"class_list":{"0":"post-81333","1":"product","2":"type-product","3":"status-publish","4":"has-post-thumbnail","6":"product_cat-fatos-de-couro","7":"product_cat-terno-masculino-1-pcs","8":"product_cat-ternos-motociclistas-masculinos","9":"product_cat-motorcycle-clothing-pt-pt","10":"product_tag-terno-de-couro","11":"product_tag-traje-de-hombre-pt-pt","12":"pa_size-48-3xl-pt-pt-2","13":"pa_size-50-m-pt-pt-2","14":"pa_size-52-l-pt-pt","15":"pa_size-54-xl-pt-pt","16":"pa_size-56-2xl-pt-pt-2","17":"pa_size-58-3xl-pt-pt-2","18":"pa_size-60-4xl-pt-pt","19":"pa_size-62-5xl-pt-pt","20":"pa_size-64-6xl-pt-pt","22":"first","23":"outofstock","24":"sale","25":"taxable","26":"shipping-taxable","27":"purchasable","28":"product-type-variable","29":"has-default-attributes"},"_links":{"self":[{"href":"https:\/\/primomoto.es\/pt-pt\/wp-json\/wp\/v2\/product\/81333","targetHints":{"allow":["GET"]}}],"collection":[{"href":"https:\/\/primomoto.es\/pt-pt\/wp-json\/wp\/v2\/product"}],"about":[{"href":"https:\/\/primomoto.es\/pt-pt\/wp-json\/wp\/v2\/types\/product"}],"wp:featuredmedia":[{"embeddable":true,"href":"https:\/\/primomoto.es\/pt-pt\/wp-json\/wp\/v2\/media\/231786"}],"wp:attachment":[{"href":"https:\/\/primomoto.es\/pt-pt\/wp-json\/wp\/v2\/media?parent=81333"}],"wp:term":[{"taxonomy":"product_brand","embeddable":true,"href":"https:\/\/primomoto.es\/pt-pt\/wp-json\/wp\/v2\/product_brand?post=81333"},{"taxonomy":"product_cat","embeddable":true,"href":"https:\/\/primomoto.es\/pt-pt\/wp-json\/wp\/v2\/product_cat?post=81333"},{"taxonomy":"product_tag","embeddable":true,"href":"https:\/\/primomoto.es\/pt-pt\/wp-json\/wp\/v2\/product_tag?post=81333"}],"curies":[{"name":"wp","href":"https:\/\/api.w.org\/{rel}","templated":true}]}}