{"id":75859,"date":"2021-01-04T11:26:58","date_gmt":"2021-01-04T11:26:58","guid":{"rendered":"https:\/\/primomoto.es\/bela-mesh-pro-lady-jaqueta-de-verao-feminino-preto\/"},"modified":"2021-11-28T13:19:28","modified_gmt":"2021-11-28T13:19:28","slug":"bela-mesh-pro-lady-jaqueta-de-verao-feminino-preto","status":"publish","type":"product","link":"https:\/\/primomoto.es\/pt-pt\/bela-mesh-pro-lady-jaqueta-de-verao-feminino-preto\/","title":{"rendered":"Bela Mesh Pro Lady Jaqueta de Ver\u00e3o Feminino Preto"},"content":{"rendered":"<h2>Bela Mesh Pro Lady\u00a0Casacos\u00a0de Ver\u00e3o Feminino Preto<\/h2>\n<p>Bela Mesh Pro Lady tem tudo o que uma mulher cavaleira deseja, quer seja prote\u00e7\u00e3o, estilo ou conforto. Este casaco tem um forro de malha de ar para ventila\u00e7\u00e3o que o torna perfeito para passeios de Ver\u00e3o e o logotipo refletor na frente e nas costas melhora a visibilidade noturna. O casaco t\u00eaxtil Bela Mesh Pro Lady dispon\u00edvel em preto e cinza \/ preto em v\u00e1rios tamanhos.<\/p>\n<p><b>Especifica\u00e7\u00f5es t\u00e9cnicas:<\/b><\/p>\n<ul>\n<li><\/li>\n<li>Exterior: 100% poli\u00e9ster Maxtex 600D com malha de ar para ventila\u00e7\u00e3o<\/li>\n<li>Interior: forro em malha 100% poli\u00e9ster<\/li>\n<li>Protetores de ombros e cotovelos amov\u00edveis com aprova\u00e7\u00e3o CE<\/li>\n<li>Bot\u00e3o de press\u00e3o ajust\u00e1vel nas mangas<\/li>\n<li>Algemas de velcro e cintos de cintura<\/li>\n<li>Duas bolsas \u00e0 prova de \u00e1gua<\/li>\n<li>Logotipo refletor BELA na frente e atr\u00e1s para condu\u00e7\u00e3o noturna<\/li>\n<li>Estofamento extra na parte traseira para prote\u00e7\u00e3o adicional<\/li>\n<li>Fecho de liga\u00e7\u00e3o curto YKK # 8<\/li>\n<\/ul>\n","protected":false},"excerpt":{"rendered":"<p style=\"text-align: left;\">A nova gama de casacos de Ver\u00e3o BELA para mulheres. Fique descontra\u00eddo e desfrute de passeios em dias quentes de Ver\u00e3o com este casaco Bela Mesh Pro. Vem com um forro de malha para maior conforto e respirabilidade. Totalmente ventilado, desportivo, e otimamente protegido dispon\u00edvel em Preto e Cinzento\/Preto.<\/p>\n","protected":false},"featured_media":65867,"template":"","meta":[],"product_brand":[],"product_cat":[2614,2628,2627,682],"product_tag":[2629,2617,2701],"class_list":{"0":"post-75859","1":"product","2":"type-product","3":"status-publish","4":"has-post-thumbnail","6":"product_cat-casacos-motos","7":"product_cat-casacos-de-texteis-mulher","8":"product_cat-mulheres-jaqueta-de-motocicleta","9":"product_cat-motorcycle-clothing-pt-pt","10":"product_tag-chaqueta-de-turismo-pt-pt","11":"product_tag-chaqueta-textil-pt-pt","12":"product_tag-mulher-de-jaqueta","13":"pa_size-34-2xs-pt-pt","14":"pa_size-36-xs-pt-pt","15":"pa_size-38-s-pt-pt","16":"pa_size-40-m-pt-pt","17":"pa_size-42-l-pt-pt","18":"pa_size-44-xl-pt-pt","19":"pa_size-46-2xl-pt-pt","20":"pa_size-48-3xl-pt-pt","21":"pa_size-50-4xl-pt-pt","22":"pa_size-52-5xl-pt-pt","23":"pa_size-54-6xl-pt-pt","25":"first","26":"outofstock","27":"sale","28":"featured","29":"taxable","30":"shipping-taxable","31":"purchasable","32":"product-type-variable","33":"has-default-attributes"},"_links":{"self":[{"href":"https:\/\/primomoto.es\/pt-pt\/wp-json\/wp\/v2\/product\/75859","targetHints":{"allow":["GET"]}}],"collection":[{"href":"https:\/\/primomoto.es\/pt-pt\/wp-json\/wp\/v2\/product"}],"about":[{"href":"https:\/\/primomoto.es\/pt-pt\/wp-json\/wp\/v2\/types\/product"}],"wp:featuredmedia":[{"embeddable":true,"href":"https:\/\/primomoto.es\/pt-pt\/wp-json\/wp\/v2\/media\/65867"}],"wp:attachment":[{"href":"https:\/\/primomoto.es\/pt-pt\/wp-json\/wp\/v2\/media?parent=75859"}],"wp:term":[{"taxonomy":"product_brand","embeddable":true,"href":"https:\/\/primomoto.es\/pt-pt\/wp-json\/wp\/v2\/product_brand?post=75859"},{"taxonomy":"product_cat","embeddable":true,"href":"https:\/\/primomoto.es\/pt-pt\/wp-json\/wp\/v2\/product_cat?post=75859"},{"taxonomy":"product_tag","embeddable":true,"href":"https:\/\/primomoto.es\/pt-pt\/wp-json\/wp\/v2\/product_tag?post=75859"}],"curies":[{"name":"wp","href":"https:\/\/api.w.org\/{rel}","templated":true}]}}