{"id":72119,"date":"2021-09-18T03:58:47","date_gmt":"2021-09-18T04:37:49","guid":{"rendered":"https:\/\/primomoto.es\/bela-boom-wp-luvas-de-inverno-preto-vermelho\/"},"modified":"2022-11-19T22:49:14","modified_gmt":"2022-11-19T22:49:14","slug":"bela-boom-wp-luvas-de-inverno-preto-vermelho","status":"publish","type":"product","link":"https:\/\/primomoto.es\/pt-pt\/bela-boom-wp-luvas-de-inverno-preto-vermelho\/","title":{"rendered":"Bela Boom WP Inverno Luvas Preto \/ Vermelho"},"content":{"rendered":"<h2>\n            <strong>Motorcycle Winter Gloves &#8211; Bela Boom WP Gloves for Men<\/strong><br \/>\n          <\/h2>\n<p>          <strong>Descri\u00e7\u00e3o:<\/strong><\/p>\n<ul>\n<li>Leather + Textile gloves.<\/li>\n<li>High quality C-DRY tech waterproof membrane.<\/li>\n<li>Soft polyester winter lining inside.<\/li>\n<li>Camadas refor\u00e7adas Clarino para melhor prote\u00e7\u00e3o.<\/li>\n<li>Eva foam for protection.<\/li>\n<li>Knuckle protector to improve safety.<\/li>\n<li>Forma curva para um encaixe agrad\u00e1vel.<\/li>\n<li>Curved shape for pleasant fitting.<\/li>\n<\/ul>\n","protected":false},"excerpt":{"rendered":"<p>Motorcycle Winter Gloves &#8211; Bela Boom WP Gloves for Men Descri\u00e7\u00e3o: Leather + Textile gloves. High quality C-DRY tech waterproof<\/p>\n","protected":false},"featured_media":72089,"template":"","meta":[],"product_brand":[],"product_cat":[2488,2482,2489,682,3260],"product_tag":[2504],"class_list":{"0":"post-72119","1":"product","2":"type-product","3":"status-publish","4":"has-post-thumbnail","6":"product_cat-luvas-de-motocicleta-masculinas","7":"product_cat-luvas-de-motocicleta-pt","8":"product_cat-luvas-de-touring","9":"product_cat-motorcycle-clothing-pt-pt","10":"product_cat-general-touring-category-pt","11":"product_tag-hombres-touring-guante-pt-pt","12":"pa_size-l-pt-pt","13":"pa_size-m-pt-pt","14":"pa_size-s-pt-pt","15":"pa_size-xl-pt-pt","16":"pa_size-xxl-pt-pt","17":"pa_size-xxxl-pt-pt","19":"first","20":"outofstock","21":"sale","22":"taxable","23":"shipping-taxable","24":"purchasable","25":"product-type-variable","26":"has-default-attributes"},"_links":{"self":[{"href":"https:\/\/primomoto.es\/pt-pt\/wp-json\/wp\/v2\/product\/72119","targetHints":{"allow":["GET"]}}],"collection":[{"href":"https:\/\/primomoto.es\/pt-pt\/wp-json\/wp\/v2\/product"}],"about":[{"href":"https:\/\/primomoto.es\/pt-pt\/wp-json\/wp\/v2\/types\/product"}],"wp:featuredmedia":[{"embeddable":true,"href":"https:\/\/primomoto.es\/pt-pt\/wp-json\/wp\/v2\/media\/72089"}],"wp:attachment":[{"href":"https:\/\/primomoto.es\/pt-pt\/wp-json\/wp\/v2\/media?parent=72119"}],"wp:term":[{"taxonomy":"product_brand","embeddable":true,"href":"https:\/\/primomoto.es\/pt-pt\/wp-json\/wp\/v2\/product_brand?post=72119"},{"taxonomy":"product_cat","embeddable":true,"href":"https:\/\/primomoto.es\/pt-pt\/wp-json\/wp\/v2\/product_cat?post=72119"},{"taxonomy":"product_tag","embeddable":true,"href":"https:\/\/primomoto.es\/pt-pt\/wp-json\/wp\/v2\/product_tag?post=72119"}],"curies":[{"name":"wp","href":"https:\/\/api.w.org\/{rel}","templated":true}]}}