{"id":69286,"date":"2021-09-15T12:09:40","date_gmt":"2021-09-15T12:15:23","guid":{"rendered":"https:\/\/primomoto.es\/bela-twix-lady-luvas-de-motocicleta-preto-vermelho\/"},"modified":"2023-02-13T08:29:22","modified_gmt":"2023-02-13T08:29:22","slug":"bela-twix-lady-luvas-de-motocicleta-preto-vermelho","status":"publish","type":"product","link":"https:\/\/primomoto.es\/pt-pt\/bela-twix-lady-luvas-de-motocicleta-preto-vermelho\/","title":{"rendered":"Bela Twix Senhora Motocicleta Luvas Preto \/ Vermelho"},"content":{"rendered":"<h2><strong>Motorcycle Summer Gloves \u2013 Bela Twix Gloves<\/strong><\/h2>\n<p><strong>Descri\u00e7\u00e3o:<\/strong><\/p>\n<ul>\n<li>Luvas mistas de couro e tecido.<\/li>\n<li>Couro genu\u00edno usado em \u00e1reas de alto risco de impacto.<\/li>\n<li>Malha de poli\u00e9ster de alta qualidade para fins de ventila\u00e7\u00e3o.<\/li>\n<li>Constru\u00e7\u00e3o em tecido de neoprene e poli\u00e9ster macio para um encaixe confort\u00e1vel.<\/li>\n<li>Forro de poli\u00e9ster macio no interior.<\/li>\n<li>Debrum em couro sint\u00e9tico.<\/li>\n<li>Protetor de TPU para prote\u00e7\u00e3o dos dedos.<\/li>\n<li>Prote\u00e7\u00e3o TPR para seguran\u00e7a de palma e dedos.<\/li>\n<li>Remendo de preenchimento Eva para proteger a junta do polegar.<\/li>\n<li>Refor\u00e7o Clarino para seguran\u00e7a da palma.<\/li>\n<li>Forma curva para um encaixe agrad\u00e1vel.<\/li>\n<li>Elasticated panels for<\/li>\n<li>Fecho de velcro ajust\u00e1vel no punho para melhor conforto e ader\u00eancia do punho.<\/li>\n<\/ul>\n","protected":false},"excerpt":{"rendered":"<p>Motorcycle Summer Gloves \u2013 Bela Twix Gloves Descri\u00e7\u00e3o: Luvas mistas de couro e tecido. Couro genu\u00edno usado em \u00e1reas de<\/p>\n","protected":false},"featured_media":69253,"template":"","meta":[],"product_brand":[],"product_cat":[2482,2484,2483,682],"product_tag":[2523],"class_list":{"0":"post-69286","1":"product","2":"type-product","3":"status-publish","4":"has-post-thumbnail","6":"product_cat-luvas-de-motocicleta-pt","7":"product_cat-luvas-de-turismo-mulher","8":"product_cat-mulheres-luvas-de-motocicleta","9":"product_cat-motorcycle-clothing-pt-pt","10":"product_tag-luva-feminina-de-turismo","11":"pa_size-l-pt-pt","12":"pa_size-m-pt-pt","13":"pa_size-s-pt-pt","14":"pa_size-xl-pt-pt","15":"pa_size-xs-pt-pt","16":"pa_size-xxl-pt-pt","17":"pa_size-xxs-pt-pt","19":"first","20":"outofstock","21":"sale","22":"taxable","23":"shipping-taxable","24":"purchasable","25":"product-type-variable","26":"has-default-attributes"},"_links":{"self":[{"href":"https:\/\/primomoto.es\/pt-pt\/wp-json\/wp\/v2\/product\/69286","targetHints":{"allow":["GET"]}}],"collection":[{"href":"https:\/\/primomoto.es\/pt-pt\/wp-json\/wp\/v2\/product"}],"about":[{"href":"https:\/\/primomoto.es\/pt-pt\/wp-json\/wp\/v2\/types\/product"}],"wp:featuredmedia":[{"embeddable":true,"href":"https:\/\/primomoto.es\/pt-pt\/wp-json\/wp\/v2\/media\/69253"}],"wp:attachment":[{"href":"https:\/\/primomoto.es\/pt-pt\/wp-json\/wp\/v2\/media?parent=69286"}],"wp:term":[{"taxonomy":"product_brand","embeddable":true,"href":"https:\/\/primomoto.es\/pt-pt\/wp-json\/wp\/v2\/product_brand?post=69286"},{"taxonomy":"product_cat","embeddable":true,"href":"https:\/\/primomoto.es\/pt-pt\/wp-json\/wp\/v2\/product_cat?post=69286"},{"taxonomy":"product_tag","embeddable":true,"href":"https:\/\/primomoto.es\/pt-pt\/wp-json\/wp\/v2\/product_tag?post=69286"}],"curies":[{"name":"wp","href":"https:\/\/api.w.org\/{rel}","templated":true}]}}