{"id":66549,"date":"2021-09-13T06:55:04","date_gmt":"2021-09-13T06:55:04","guid":{"rendered":"https:\/\/primomoto.es\/r-tech-marshal-jaqueta-para-senhoras-preto-rosa\/"},"modified":"2024-04-30T08:29:17","modified_gmt":"2024-04-30T08:29:17","slug":"r-tech-marshal-ladies-motocicleta-jaqueta-preta-rosa","status":"publish","type":"product","link":"https:\/\/primomoto.es\/pt-pt\/r-tech-marshal-ladies-motocicleta-jaqueta-preta-rosa\/","title":{"rendered":"R-Tech Marshal Ladies Motocicleta Jaqueta Preto\/Rosa"},"content":{"rendered":"<h2>\n            <strong>R-Tech Marshal Jaqueta de passeio Preto\/Verde<\/strong><br \/>\n          <\/h2>\n<p>          <strong>Informa\u00e7\u00e3o t\u00e9cnica:<\/strong><\/p>\n<ul>\n<li>Casca externa: poli\u00e9ster<\/li>\n<li>Forro interior em malha macia<\/li>\n<li>Preenchimento aprovado CE<\/li>\n<li>Forro interno de poli\u00e9ster remov\u00edvel, com bolso interno para celular e documentos.<\/li>\n<li>Tecido agrad\u00e1vel e macio ao toque no pesco\u00e7o<\/li>\n<li>Dois bolsos aquecendo as m\u00e3os<\/li>\n<li>Preenchendo na \u00e1rea do ombro e punho<\/li>\n<li>Protetores no ombro, cotovelo e costas.<\/li>\n<li>\u00c1reas reflexivas para melhor visibilidade noturna<\/li>\n<li>Punho com fecho de velcro<\/li>\n<\/ul>\n","protected":false},"excerpt":{"rendered":"<div id=\"product-description-short-1014\" class=\"rte-content\">\n<div class=\"short-description\">\n<div class=\"std\">\n<p>Make yourself ride in the most comfortable way with the R-tech Marshal textile jacket for motorcycles. It has removable polyester inner lining and protection with reflectors for better night-time visibility.<\/p>\n<\/div><\/div>\n<\/p><\/div>\n","protected":false},"featured_media":240842,"template":"","meta":[],"product_brand":[],"product_cat":[2614,2628,2627,682,3260],"product_tag":[2632],"class_list":{"0":"post-66549","1":"product","2":"type-product","3":"status-publish","4":"has-post-thumbnail","6":"product_cat-casacos-motos","7":"product_cat-casacos-de-texteis-mulher","8":"product_cat-mulheres-jaqueta-de-motocicleta","9":"product_cat-motorcycle-clothing-pt-pt","10":"product_cat-general-touring-category-pt","11":"product_tag-mulher-jaqueta-de-tecido","12":"pa_size-34-2xs-pt-pt","13":"pa_size-36-xs-pt-pt","14":"pa_size-38-s-pt-pt","15":"pa_size-40-m-pt-pt","16":"pa_size-42-l-pt-pt","17":"pa_size-44-xl-pt-pt","18":"pa_size-46-2xl-pt-pt","19":"pa_size-48-3xl-pt-pt","20":"pa_size-50-4xl-pt-pt","21":"pa_size-52-5xl-pt-pt","22":"pa_size-54-6xl-pt-pt","24":"first","25":"outofstock","26":"sale","27":"taxable","28":"shipping-taxable","29":"purchasable","30":"product-type-variable","31":"has-default-attributes"},"_links":{"self":[{"href":"https:\/\/primomoto.es\/pt-pt\/wp-json\/wp\/v2\/product\/66549","targetHints":{"allow":["GET"]}}],"collection":[{"href":"https:\/\/primomoto.es\/pt-pt\/wp-json\/wp\/v2\/product"}],"about":[{"href":"https:\/\/primomoto.es\/pt-pt\/wp-json\/wp\/v2\/types\/product"}],"wp:featuredmedia":[{"embeddable":true,"href":"https:\/\/primomoto.es\/pt-pt\/wp-json\/wp\/v2\/media\/240842"}],"wp:attachment":[{"href":"https:\/\/primomoto.es\/pt-pt\/wp-json\/wp\/v2\/media?parent=66549"}],"wp:term":[{"taxonomy":"product_brand","embeddable":true,"href":"https:\/\/primomoto.es\/pt-pt\/wp-json\/wp\/v2\/product_brand?post=66549"},{"taxonomy":"product_cat","embeddable":true,"href":"https:\/\/primomoto.es\/pt-pt\/wp-json\/wp\/v2\/product_cat?post=66549"},{"taxonomy":"product_tag","embeddable":true,"href":"https:\/\/primomoto.es\/pt-pt\/wp-json\/wp\/v2\/product_tag?post=66549"}],"curies":[{"name":"wp","href":"https:\/\/api.w.org\/{rel}","templated":true}]}}