{"id":66460,"date":"2021-09-13T06:38:46","date_gmt":"2021-09-13T06:38:46","guid":{"rendered":"https:\/\/primomoto.es\/r-tech-marshal-jaqueta-de-passeio-preto-amarelo-fluro\/"},"modified":"2023-07-26T06:45:19","modified_gmt":"2023-07-26T06:45:19","slug":"r-tech-marshal-motocicleta-jaqueta-preta-fluro-amarelo","status":"publish","type":"product","link":"https:\/\/primomoto.es\/pt-pt\/r-tech-marshal-motocicleta-jaqueta-preta-fluro-amarelo\/","title":{"rendered":"R-Tech Marshal Motocicleta Jaqueta Preto\/Fluxo Amarelo"},"content":{"rendered":"<h2>Jaqueta de pilotagem de motocicleta Marshall R-Tech<\/h2>\n<p>          <strong>Informa\u00e7\u00e3o t\u00e9cnica:<\/strong><\/p>\n<ul>\n<li>Casca externa: poli\u00e9ster<\/li>\n<li>Forro interior em malha macia<\/li>\n<li>Preenchimento aprovado CE<\/li>\n<li>Forro interno de poli\u00e9ster remov\u00edvel, com bolso interno para celular e documentos.<\/li>\n<li>Tecido agrad\u00e1vel e macio ao toque no pesco\u00e7o<\/li>\n<li>Dois bolsos aquecendo as m\u00e3os<\/li>\n<li>Preenchendo na \u00e1rea do ombro e punho<\/li>\n<li>Protetores no ombro, cotovelo e costas.<\/li>\n<li>\u00c1reas reflexivas para melhor visibilidade noturna<\/li>\n<li>Punho com fecho de velcro<\/li>\n<\/ul>\n","protected":false},"excerpt":{"rendered":"<div id=\"product-description-short-666\" class=\"rte-content\">\n<div class=\"short-description\">\n<div class=\"std\">\n<p>Make yourself ride in the most comfortable way with the R-tech Marshal textile jacket for motorcycles. It has removable polyester inner lining and protection with reflectors for better night-time visibility. Marshal men jacket available in 3 colors and different sizes.<\/p>\n<\/div><\/div>\n<div id=\"product-options-wrapper\" class=\"product-options\"><\/div>\n<\/p><\/div>\n<div class=\"product-actions\">\n<form id=\"add-to-cart-or-refresh\" action=\"https:\/\/maximo-moto.com\/gb\/cart\" method=\"post\">\n<div class=\"product-variants\">\n<div class=\"clearfix product-variants-item\"><\/div>\n<\/p><\/div>\n<\/p><\/form>\n<\/p><\/div>\n","protected":false},"featured_media":240926,"template":"","meta":[],"product_brand":[],"product_cat":[2614,2616,2615,682],"product_tag":[2634],"class_list":{"0":"post-66460","1":"product","2":"type-product","3":"status-publish","4":"has-post-thumbnail","6":"product_cat-casacos-motos","7":"product_cat-casacos-de-texteis","8":"product_cat-homens-jaquetas-de-motocicleta","9":"product_cat-motorcycle-clothing-pt-pt","10":"product_tag-jaqueta-textil-masculina-pt-pt","11":"pa_size-44-xxs-pt-pt","12":"pa_size-46-xs-pt-pt","13":"pa_size-48-s-pt-pt","14":"pa_size-50-m-pt-pt-2","15":"pa_size-52-l-pt-pt","16":"pa_size-54-xl-pt-pt","17":"pa_size-56-2xl-pt-pt-2","18":"pa_size-58-3xl-pt-pt-2","19":"pa_size-60-4xl-pt-pt","20":"pa_size-62-5xl-pt-pt","21":"pa_size-64-6xl-pt-pt","22":"pa_size-66-7xl-pt-pt","23":"pa_size-68-8xl-pt-pt","25":"first","26":"instock","27":"sale","28":"taxable","29":"shipping-taxable","30":"purchasable","31":"product-type-variable","32":"has-default-attributes"},"_links":{"self":[{"href":"https:\/\/primomoto.es\/pt-pt\/wp-json\/wp\/v2\/product\/66460","targetHints":{"allow":["GET"]}}],"collection":[{"href":"https:\/\/primomoto.es\/pt-pt\/wp-json\/wp\/v2\/product"}],"about":[{"href":"https:\/\/primomoto.es\/pt-pt\/wp-json\/wp\/v2\/types\/product"}],"wp:featuredmedia":[{"embeddable":true,"href":"https:\/\/primomoto.es\/pt-pt\/wp-json\/wp\/v2\/media\/240926"}],"wp:attachment":[{"href":"https:\/\/primomoto.es\/pt-pt\/wp-json\/wp\/v2\/media?parent=66460"}],"wp:term":[{"taxonomy":"product_brand","embeddable":true,"href":"https:\/\/primomoto.es\/pt-pt\/wp-json\/wp\/v2\/product_brand?post=66460"},{"taxonomy":"product_cat","embeddable":true,"href":"https:\/\/primomoto.es\/pt-pt\/wp-json\/wp\/v2\/product_cat?post=66460"},{"taxonomy":"product_tag","embeddable":true,"href":"https:\/\/primomoto.es\/pt-pt\/wp-json\/wp\/v2\/product_tag?post=66460"}],"curies":[{"name":"wp","href":"https:\/\/api.w.org\/{rel}","templated":true}]}}