{"id":65091,"date":"2021-09-08T11:51:49","date_gmt":"2021-09-08T11:51:49","guid":{"rendered":"https:\/\/primomoto.es\/bela-bradley-jaqueta-preto-amarelo-fluo\/"},"modified":"2023-03-19T23:55:06","modified_gmt":"2023-03-19T23:55:06","slug":"bela-bradley-motocicleta-jaqueta-textil-preto-amarelo-fluor","status":"publish","type":"product","link":"https:\/\/primomoto.es\/pt-pt\/bela-bradley-motocicleta-jaqueta-textil-preto-amarelo-fluor\/","title":{"rendered":"Bela Bradley Motocicleta T\u00eaxtil Jaqueta Preto\/Amarelo Fl\u00faor"},"content":{"rendered":"<h2>Bela Bradley Men&#8217;s Motorcycle Textile Jacket<\/h2>\n<p>          <strong>Informa\u00e7\u00e3o t\u00e9cnica:<\/strong><\/p>\n<ul>\n<li>Casca externa: poli\u00e9ster<\/li>\n<li>Forro interior em malha de fixa\u00e7\u00e3o suave<\/li>\n<li>Preenchimento aprovado CE<\/li>\n<li>Forro de edred\u00e3o de poli\u00e9ster remov\u00edvel com um m\u00f3vel e bolso para documentos<\/li>\n<li>Tecido agrad\u00e1vel e macio na gola<\/li>\n<li>Bolsos de aquecimento de duas m\u00e3os<\/li>\n<li>Belo acolchoamento na \u00e1rea do ombro e punho<\/li>\n<li>protetores de ombro e cotovelo e costas normais<\/li>\n<li>Elementos reflexivos para visibilidade noturna<\/li>\n<li>Punho de velcro<\/li>\n<li>Adicional com z\u00edper de fixa\u00e7\u00e3o de cal\u00e7a<\/li>\n<\/ul>\n","protected":false},"excerpt":{"rendered":"<div id=\"product-description-short-129\" class=\"rte-content\">\n<div class=\"short-description\">\n<div class=\"std\">\n<p>Bela Bradley is a jacket that all motorcyclists will love. It is a textile motorcycle jacket made especially for comfort on long or short trips. Available in 3 colours with a huge variety of sizes.<\/p>\n<\/div><\/div>\n<\/p><\/div>\n","protected":false},"featured_media":65050,"template":"","meta":[],"product_brand":[],"product_cat":[2614,2616,2615,682,3260],"product_tag":[2634],"class_list":{"0":"post-65091","1":"product","2":"type-product","3":"status-publish","4":"has-post-thumbnail","6":"product_cat-casacos-motos","7":"product_cat-casacos-de-texteis","8":"product_cat-homens-jaquetas-de-motocicleta","9":"product_cat-motorcycle-clothing-pt-pt","10":"product_cat-general-touring-category-pt","11":"product_tag-jaqueta-textil-masculina-pt-pt","12":"pa_size-46-xs-pt-pt","13":"pa_size-50-m-pt-pt-2","14":"pa_size-52-l-pt-pt","15":"pa_size-54-xl-pt-pt","16":"pa_size-56-2xl-pt-pt-2","17":"pa_size-58-3xl-pt-pt-2","18":"pa_size-60-4xl-pt-pt","19":"pa_size-62-5xl-pt-pt","20":"pa_size-64-6xl-pt-pt","21":"pa_size-66-7xl-pt-pt","23":"first","24":"outofstock","25":"sale","26":"taxable","27":"shipping-taxable","28":"purchasable","29":"product-type-variable","30":"has-default-attributes"},"_links":{"self":[{"href":"https:\/\/primomoto.es\/pt-pt\/wp-json\/wp\/v2\/product\/65091","targetHints":{"allow":["GET"]}}],"collection":[{"href":"https:\/\/primomoto.es\/pt-pt\/wp-json\/wp\/v2\/product"}],"about":[{"href":"https:\/\/primomoto.es\/pt-pt\/wp-json\/wp\/v2\/types\/product"}],"wp:featuredmedia":[{"embeddable":true,"href":"https:\/\/primomoto.es\/pt-pt\/wp-json\/wp\/v2\/media\/65050"}],"wp:attachment":[{"href":"https:\/\/primomoto.es\/pt-pt\/wp-json\/wp\/v2\/media?parent=65091"}],"wp:term":[{"taxonomy":"product_brand","embeddable":true,"href":"https:\/\/primomoto.es\/pt-pt\/wp-json\/wp\/v2\/product_brand?post=65091"},{"taxonomy":"product_cat","embeddable":true,"href":"https:\/\/primomoto.es\/pt-pt\/wp-json\/wp\/v2\/product_cat?post=65091"},{"taxonomy":"product_tag","embeddable":true,"href":"https:\/\/primomoto.es\/pt-pt\/wp-json\/wp\/v2\/product_tag?post=65091"}],"curies":[{"name":"wp","href":"https:\/\/api.w.org\/{rel}","templated":true}]}}