{"id":61355,"date":"2021-08-27T14:56:37","date_gmt":"2021-08-27T15:54:18","guid":{"rendered":"https:\/\/primomoto.es\/bela-shirley-moto-jeans-senhoras-granata\/"},"modified":"2023-02-16T11:04:21","modified_gmt":"2023-02-16T11:04:21","slug":"bela-shirley-lady-calca-motocicleta-cinza","status":"publish","type":"product","link":"https:\/\/primomoto.es\/pt-pt\/bela-shirley-lady-calca-motocicleta-cinza\/","title":{"rendered":"Bela Shirley Senhora Motocicleta Cal\u00e7a Cinza"},"content":{"rendered":"<h2>Bela Shirley Lady Motorcycle Jeans<\/h2>\n<p><strong>Informa\u00e7\u00e3o do produto:<\/strong><\/p>\n<p>The \u201cShirley\u201d Ladies Wax Coated Motorcycle Jeans is a part of the latest Bela Jeans Brand Collection. Shirley Ladies jeans style is made of best Cotton and Elastane fabric. N\u00e3o s\u00f3 isso, os refor\u00e7os de tecido DuPont Aramida extras estrategicamente posicionados para excelente resist\u00eancia \u00e0 abras\u00e3o sem comprometer o bom conforto e elasticidade. The CE approved knee &amp; thigh protectors \u201cEN 1621-1:2012\u201d are hard to spot when riding \/ walking but offer best protection in case of any unfortunate mishap during drive&#8230;<\/p>\n<p><strong>Tecido do escudo:<\/strong><\/p>\n<ul>\n<li>10.0 Oz Wax Coated Stretch Denim<\/li>\n<li>Confeccionada em 98% Algod\u00e3o e 2% Elastano.<\/li>\n<li>Grey Color<\/li>\n<\/ul>\n<p><strong>Prote\u00e7\u00f5es:<\/strong><\/p>\n<ul>\n<li>Prote\u00e7\u00f5es remov\u00edveis nos joelhos e coxas com certifica\u00e7\u00e3o CE EN 1621-1:2012.<\/li>\n<li>The knee guards are adjustable due to additional velcro attached on top &amp; bottom.<\/li>\n<li>A prote\u00e7\u00e3o pode ser removida facilmente enquanto simplesmente abre os z\u00edperes laterais do joelho.<\/li>\n<\/ul>\n<p><strong>Conforto:<\/strong><\/p>\n<ul>\n<li>Forro interno de tecido DuPont Aramida, que \u00e9 propositadamente colocado para proporcionar excelente resist\u00eancia \u00e0 abras\u00e3o.<\/li>\n<li>Forro interno em malha 100% poli\u00e9ster para maior respirabilidade e conforto.<\/li>\n<li>Melhor ajuste no corte regular.<\/li>\n<li>YKK\u00ae Zippers (Fly &amp; Knee area)<\/li>\n<li>Com Bolsa de Protetores extra.<\/li>\n<\/ul>\n","protected":false},"excerpt":{"rendered":"<p>Bela Shirley Lady Motorcycle Jeans Informa\u00e7\u00e3o do produto: The \u201cShirley\u201d Ladies Wax Coated Motorcycle Jeans is a part of the<\/p>\n","protected":false},"featured_media":61020,"template":"","meta":[],"product_brand":[],"product_cat":[2645,2732,2729,682,3260],"product_tag":[2742],"class_list":{"0":"post-61355","1":"product","2":"type-product","3":"status-publish","4":"has-post-thumbnail","6":"product_cat-calcas-de-motociclista","7":"product_cat-jeans-feminino","8":"product_cat-jeans-para-motos","9":"product_cat-motorcycle-clothing-pt-pt","10":"product_cat-general-touring-category-pt","11":"product_tag-mezclilla-de-las-mujeres-pt-pt","12":"pa_size-26-pt-pt","13":"pa_size-28-pt-pt","14":"pa_size-30-pt-pt","15":"pa_size-32-pt-pt","16":"pa_size-34-pt-pt","17":"pa_size-36-pt-pt","19":"first","20":"outofstock","21":"sale","22":"taxable","23":"shipping-taxable","24":"purchasable","25":"product-type-variable","26":"has-default-attributes"},"_links":{"self":[{"href":"https:\/\/primomoto.es\/pt-pt\/wp-json\/wp\/v2\/product\/61355","targetHints":{"allow":["GET"]}}],"collection":[{"href":"https:\/\/primomoto.es\/pt-pt\/wp-json\/wp\/v2\/product"}],"about":[{"href":"https:\/\/primomoto.es\/pt-pt\/wp-json\/wp\/v2\/types\/product"}],"wp:featuredmedia":[{"embeddable":true,"href":"https:\/\/primomoto.es\/pt-pt\/wp-json\/wp\/v2\/media\/61020"}],"wp:attachment":[{"href":"https:\/\/primomoto.es\/pt-pt\/wp-json\/wp\/v2\/media?parent=61355"}],"wp:term":[{"taxonomy":"product_brand","embeddable":true,"href":"https:\/\/primomoto.es\/pt-pt\/wp-json\/wp\/v2\/product_brand?post=61355"},{"taxonomy":"product_cat","embeddable":true,"href":"https:\/\/primomoto.es\/pt-pt\/wp-json\/wp\/v2\/product_cat?post=61355"},{"taxonomy":"product_tag","embeddable":true,"href":"https:\/\/primomoto.es\/pt-pt\/wp-json\/wp\/v2\/product_tag?post=61355"}],"curies":[{"name":"wp","href":"https:\/\/api.w.org\/{rel}","templated":true}]}}