{"id":61234,"date":"2021-08-27T15:12:49","date_gmt":"2021-08-27T15:32:35","guid":{"rendered":"https:\/\/primomoto.es\/bela-metro-jeans-para-motocicleta-azul\/"},"modified":"2022-08-10T10:36:36","modified_gmt":"2022-08-10T10:36:36","slug":"bela-metro-jeans-para-motocicleta-azul","status":"publish","type":"product","link":"https:\/\/primomoto.es\/pt-pt\/bela-metro-jeans-para-motocicleta-azul\/","title":{"rendered":"Bela Metro Motocicleta Jeans Azul"},"content":{"rendered":"<h2><strong>Motorcycle Jeans for Men &#8211; Bela Metro Denim Pant<\/strong><\/h2>\n<p><strong>INFORMA\u00c7\u00c3O DO PRODUTO:<\/strong><\/p>\n<p>The Metro Motorcycle Jeans is a part of the latest Bela Jeans Brand Collection. Metro Men\u2019s jeans style is made of best Cotton and Elastane fabric. N\u00e3o s\u00f3 isso, os refor\u00e7os de tecido DuPont Aramida extras estrategicamente posicionados para excelente resist\u00eancia \u00e0 abras\u00e3o sem comprometer o bom conforto e elasticidade. The CE approved knee &amp; thigh protectors \u201cEN 1621-1:2012\u201d are hard to spot when riding \/ walking but offer best protection in case of any unfortunate mishap during drive&#8230;<\/p>\n<p><strong>Tecido do escudo:<\/strong><\/p>\n<ul>\n<li>Confeccionada em 98% Algod\u00e3o e 2% Elastano.<\/li>\n<li>Cor preta<\/li>\n<\/ul>\n<p><strong>Prote\u00e7\u00f5es:<\/strong><\/p>\n<ul>\n<li>Prote\u00e7\u00f5es remov\u00edveis nos joelhos e coxas com certifica\u00e7\u00e3o CE EN 1621-1:2012.<\/li>\n<li>The knee guards are adjustable due to additional velcro attached on top &amp; bottom.<\/li>\n<li>The Protection can be removed easily while simply opening the side knee zipper.<\/li>\n<\/ul>\n<p><strong>Conforto:<\/strong><\/p>\n<ul>\n<li>Forro interno de tecido DuPont Aramida, que \u00e9 propositadamente colocado para proporcionar excelente resist\u00eancia \u00e0 abras\u00e3o.<\/li>\n<li>Forro interno em malha 100% poli\u00e9ster para maior respirabilidade e conforto.<\/li>\n<li>Melhor ajuste em corte regular.<\/li>\n<li>YKK\u00ae Zippers (Fly &amp; Knee area)<\/li>\n<li>Com Bolsa de Protetores extra.<\/li>\n<\/ul>\n","protected":false},"excerpt":{"rendered":"<p>Motorcycle Jeans for Men &#8211; Bela Metro Denim Pant INFORMA\u00c7\u00c3O DO PRODUTO: The Metro Motorcycle Jeans is a part of<\/p>\n","protected":false},"featured_media":61115,"template":"","meta":[],"product_brand":[],"product_cat":[2645,2730,2733,2729,682,3260],"product_tag":[2743],"class_list":{"0":"post-61234","1":"product","2":"type-product","3":"status-publish","4":"has-post-thumbnail","6":"product_cat-calcas-de-motociclista","7":"product_cat-denim-masculino-homes","8":"product_cat-jeans-masculino","9":"product_cat-jeans-para-motos","10":"product_cat-motorcycle-clothing-pt-pt","11":"product_cat-general-touring-category-pt","12":"product_tag-los-hombres-de-mezclilla-pt-pt","13":"pa_size-26-pt-pt","14":"pa_size-28-pt-pt","15":"pa_size-30-pt-pt","16":"pa_size-32-pt-pt","17":"pa_size-34-pt-pt","18":"pa_size-36-pt-pt","19":"pa_size-38-pt-pt","20":"pa_size-40-pt-pt","21":"pa_size-42-pt-pt","22":"pa_size-44-pt-pt","24":"first","25":"outofstock","26":"sale","27":"taxable","28":"shipping-taxable","29":"purchasable","30":"product-type-variable","31":"has-default-attributes"},"_links":{"self":[{"href":"https:\/\/primomoto.es\/pt-pt\/wp-json\/wp\/v2\/product\/61234","targetHints":{"allow":["GET"]}}],"collection":[{"href":"https:\/\/primomoto.es\/pt-pt\/wp-json\/wp\/v2\/product"}],"about":[{"href":"https:\/\/primomoto.es\/pt-pt\/wp-json\/wp\/v2\/types\/product"}],"wp:featuredmedia":[{"embeddable":true,"href":"https:\/\/primomoto.es\/pt-pt\/wp-json\/wp\/v2\/media\/61115"}],"wp:attachment":[{"href":"https:\/\/primomoto.es\/pt-pt\/wp-json\/wp\/v2\/media?parent=61234"}],"wp:term":[{"taxonomy":"product_brand","embeddable":true,"href":"https:\/\/primomoto.es\/pt-pt\/wp-json\/wp\/v2\/product_brand?post=61234"},{"taxonomy":"product_cat","embeddable":true,"href":"https:\/\/primomoto.es\/pt-pt\/wp-json\/wp\/v2\/product_cat?post=61234"},{"taxonomy":"product_tag","embeddable":true,"href":"https:\/\/primomoto.es\/pt-pt\/wp-json\/wp\/v2\/product_tag?post=61234"}],"curies":[{"name":"wp","href":"https:\/\/api.w.org\/{rel}","templated":true}]}}