{"id":60901,"date":"2021-08-27T14:20:58","date_gmt":"2021-08-27T14:24:36","guid":{"rendered":"https:\/\/primomoto.es\/bela-tour-to-snow-calca-textil-para-homem-preto\/"},"modified":"2022-08-10T06:34:15","modified_gmt":"2022-08-10T06:34:15","slug":"bela-tour-to-snow-calca-textil-para-homem-preto","status":"publish","type":"product","link":"https:\/\/primomoto.es\/pt-pt\/bela-tour-to-snow-calca-textil-para-homem-preto\/","title":{"rendered":"Bela Tour To Snow Homens T\u00eaxtil Cal\u00e7a Preto"},"content":{"rendered":"<h2>\n            <strong>Bela Tour To Snow Textile Pant For Men<\/strong><br \/>\n          <\/h2>\n<p>          <strong>Seguran\u00e7a:<\/strong><\/p>\n<ul>\n<li>Tecido externo resistente \u00e0 abras\u00e3o Mototex com tratamento DWR (repelente de poeira e \u00e1gua) e revestimento de filme PU \u00e0 prova d&#8217;\u00e1gua e respir\u00e1vel.<\/li>\n<li>Reflective features on the sides and lower leg for greater visibility.<\/li>\n<li>Removable CE Approved knee protectors.<\/li>\n<li>Removable eva foam hip protection.<\/li>\n<\/ul>\n<p>          <strong>Conforto:<\/strong><\/p>\n<ul>\n<li>Highly-breathable, removable \u201cC-Dry Tech\u201d waterproof membrane. Connection system to the trousers through a zip around the waist and quick poppers at the ankles.<\/li>\n<li>Removable thermal lining with 100% polyester padding. Connection system to the \u201cC-Dry Tech\u201d membrane through a zip around the waist and quick poppers at the ankles.<\/li>\n<li>Micro-perforated inner lining for improved breathability.<\/li>\n<li>Ventilation openings in the side part of the thigh area.<\/li>\n<li>Pre-curved knees greater comfort when riding.<\/li>\n<li>Tentex Stretchable fabric under legs and upper knees to feel relaxed in movements.<\/li>\n<li>Lateral opening with a zip and Velcro at the bottom part of the leg.<\/li>\n<li>Waist adjustment points.<\/li>\n<\/ul>\n<p>          <strong>Extra:<\/strong><\/p>\n<ul>\n<li>Two outside pockets with zip fastening.<\/li>\n<li>Completely removable, adjustable braces.<\/li>\n<li>Zip to join the jacket to the trousers with elasticated points.<\/li>\n<li>Branded zippers.<\/li>\n<\/ul>\n","protected":false},"excerpt":{"rendered":"<p>Bela Tour To Snow Textile Pant For Men Seguran\u00e7a: Tecido externo resistente \u00e0 abras\u00e3o Mototex com tratamento DWR (repelente de<\/p>\n","protected":false},"featured_media":60859,"template":"","meta":[],"product_brand":[],"product_cat":[2645,2646,2727,682,3260],"product_tag":[2652],"class_list":{"0":"post-60901","1":"product","2":"type-product","3":"status-publish","4":"has-post-thumbnail","6":"product_cat-calcas-de-motociclista","7":"product_cat-homens-calca-de-motocicleta","8":"product_cat-calca-textil-homen","9":"product_cat-motorcycle-clothing-pt-pt","10":"product_cat-general-touring-category-pt","11":"product_tag-calca-de-tecido","12":"pa_size-2xl-pt-pt","13":"pa_size-3xl-pt","14":"pa_size-4xl-pt","15":"pa_size-l-pt-pt","16":"pa_size-m-pt-pt","17":"pa_size-s-pt-pt","18":"pa_size-xl-pt-pt","19":"pa_size-xs-pt-pt","20":"pa_size-xxs-pt-pt","22":"first","23":"outofstock","24":"sale","25":"taxable","26":"shipping-taxable","27":"purchasable","28":"product-type-variable","29":"has-default-attributes"},"_links":{"self":[{"href":"https:\/\/primomoto.es\/pt-pt\/wp-json\/wp\/v2\/product\/60901","targetHints":{"allow":["GET"]}}],"collection":[{"href":"https:\/\/primomoto.es\/pt-pt\/wp-json\/wp\/v2\/product"}],"about":[{"href":"https:\/\/primomoto.es\/pt-pt\/wp-json\/wp\/v2\/types\/product"}],"wp:featuredmedia":[{"embeddable":true,"href":"https:\/\/primomoto.es\/pt-pt\/wp-json\/wp\/v2\/media\/60859"}],"wp:attachment":[{"href":"https:\/\/primomoto.es\/pt-pt\/wp-json\/wp\/v2\/media?parent=60901"}],"wp:term":[{"taxonomy":"product_brand","embeddable":true,"href":"https:\/\/primomoto.es\/pt-pt\/wp-json\/wp\/v2\/product_brand?post=60901"},{"taxonomy":"product_cat","embeddable":true,"href":"https:\/\/primomoto.es\/pt-pt\/wp-json\/wp\/v2\/product_cat?post=60901"},{"taxonomy":"product_tag","embeddable":true,"href":"https:\/\/primomoto.es\/pt-pt\/wp-json\/wp\/v2\/product_tag?post=60901"}],"curies":[{"name":"wp","href":"https:\/\/api.w.org\/{rel}","templated":true}]}}