{"id":60832,"date":"2021-08-27T14:03:18","date_gmt":"2021-08-27T14:08:06","guid":{"rendered":"https:\/\/primomoto.es\/bela-strip-long-botas-de-corrida-unissex-preto\/"},"modified":"2023-04-04T05:49:53","modified_gmt":"2023-04-04T05:49:53","slug":"bela-strip-long-botas-de-corrida-unissex-preto","status":"publish","type":"product","link":"https:\/\/primomoto.es\/pt-pt\/bela-strip-long-botas-de-corrida-unissex-preto\/","title":{"rendered":"Bela Strip Long Botas de corrida Unissex Preto"},"content":{"rendered":"<h2>Botas de corrida de motocicleta Unissex\u00a0Bela Strip Long<\/h2>\n<p><strong>Informa\u00e7\u00f5es materiais e t\u00e9cnicas:<\/strong><\/p>\n<ul>\n<li>Microfibra<\/li>\n<li>Revestimento de poli\u00e9ster com humidade, macio e respir\u00e1vel tipo malha 3D<\/li>\n<li>Sola de borracha<\/li>\n<li>Prote\u00e7\u00e3o do calcanhar duro<\/li>\n<li>Prote\u00e7\u00e3o do tornozelo duro<\/li>\n<li>Dedos r\u00edgidos<\/li>\n<li>Os pontos duplos e triplos melhoram a durabilidade<\/li>\n<li>O produto tem a certifica\u00e7\u00e3o CE (EN 13634:2017)<\/li>\n<li>Z\u00edper longo YKK para colocar facilmente as botas<\/li>\n<li>Velcro para ajustar a circunfer\u00eancia da barriga da perna<\/li>\n<li>Pain\u00e9is flex\u00edveis para garantir a liberdade de movimento<\/li>\n<li>A inser\u00e7\u00e3o antibacteriana assegura frescura<\/li>\n<li>Elementos reflexivos para melhorar a visibilidade<\/li>\n<li>Os cursores substitu\u00edveis prolongam a vida \u00fatil das botas<\/li>\n<li>Refor\u00e7o para c\u00e2mbio de marchas<\/li>\n<li>Acabamento suave da borda superior da bota<\/li>\n<\/ul>\n","protected":false},"excerpt":{"rendered":"<p>Uma adi\u00e7\u00e3o nova, cl\u00e1ssica e premium \u00e0 chuteira Bela: Bela Strip que vem com Certifica\u00e7\u00e3o CE, prote\u00e7\u00e3o de calcanhar e tornozelo, pain\u00e9is flex\u00edveis e controles deslizantes substitu\u00edveis.<\/p>\n","protected":false},"featured_media":290635,"template":"","meta":[],"product_brand":[],"product_cat":[2571,2605,2577,2572,2591,682],"product_tag":[2578],"class_list":{"0":"post-60832","1":"product","2":"type-product","3":"status-publish","4":"has-post-thumbnail","6":"product_cat-botas-de-motocicleta","7":"product_cat-botas-de-corrida","8":"product_cat-homens-botas-de-corrida","9":"product_cat-homens-botas-de-motocicleta","10":"product_cat-mulheres-botas-de-motocicleta","11":"product_cat-motorcycle-clothing-pt-pt","12":"product_tag-botas-de-couro","13":"pa_size-40-pt-pt","14":"pa_size-41-pt-pt","15":"pa_size-42-pt-pt","16":"pa_size-43-pt-pt","17":"pa_size-44-pt-pt","18":"pa_size-45-pt-pt","19":"pa_size-46-pt-pt","21":"first","22":"outofstock","23":"sale","24":"taxable","25":"shipping-taxable","26":"purchasable","27":"product-type-variable","28":"has-default-attributes"},"_links":{"self":[{"href":"https:\/\/primomoto.es\/pt-pt\/wp-json\/wp\/v2\/product\/60832","targetHints":{"allow":["GET"]}}],"collection":[{"href":"https:\/\/primomoto.es\/pt-pt\/wp-json\/wp\/v2\/product"}],"about":[{"href":"https:\/\/primomoto.es\/pt-pt\/wp-json\/wp\/v2\/types\/product"}],"wp:featuredmedia":[{"embeddable":true,"href":"https:\/\/primomoto.es\/pt-pt\/wp-json\/wp\/v2\/media\/290635"}],"wp:attachment":[{"href":"https:\/\/primomoto.es\/pt-pt\/wp-json\/wp\/v2\/media?parent=60832"}],"wp:term":[{"taxonomy":"product_brand","embeddable":true,"href":"https:\/\/primomoto.es\/pt-pt\/wp-json\/wp\/v2\/product_brand?post=60832"},{"taxonomy":"product_cat","embeddable":true,"href":"https:\/\/primomoto.es\/pt-pt\/wp-json\/wp\/v2\/product_cat?post=60832"},{"taxonomy":"product_tag","embeddable":true,"href":"https:\/\/primomoto.es\/pt-pt\/wp-json\/wp\/v2\/product_tag?post=60832"}],"curies":[{"name":"wp","href":"https:\/\/api.w.org\/{rel}","templated":true}]}}