{"id":60685,"date":"2021-08-25T09:45:58","date_gmt":"2021-08-25T09:53:01","guid":{"rendered":"https:\/\/primomoto.es\/bela-vega-jeans-motocicleta-para-homens-azul\/"},"modified":"2022-06-27T11:40:19","modified_gmt":"2022-06-27T11:40:19","slug":"bela-vega-jeans-motocicleta-para-homens-azul","status":"publish","type":"product","link":"https:\/\/primomoto.es\/pt-pt\/bela-vega-jeans-motocicleta-para-homens-azul\/","title":{"rendered":"Bela Vega Motocicleta Jeans Por Homens Azul"},"content":{"rendered":"<h2>\n            <b><br \/>\n              <strong>Bela Vega Motorcycle Jeans For Men<\/strong><br \/>\n            <\/b><br \/>\n          <\/h2>\n<p style=\"font-weight: 400;\">\n            <b><br \/>\n              <strong>Informa\u00e7\u00e3o do produto:<\/strong><br \/>\n            <\/b>\n          <\/p>\n<p style=\"font-weight: 400;\">The \u201cVega\u201d Men\u2019s Motorcycle Jeans is a part of the latest Bela Jeans Brand Collection. Vega Men\u2019s jeans style is made of best Cotton and Elastane fabric. N\u00e3o s\u00f3 isso, os refor\u00e7os de tecido DuPont Aramida extras estrategicamente posicionados para excelente resist\u00eancia \u00e0 abras\u00e3o sem comprometer o bom conforto e elasticidade. Os protetores de joelho e coxa aprovados pela CE \u201cEN 1621-1: 2012\u201d s\u00e3o dif\u00edceis de detectar durante a condu\u00e7\u00e3o \/ caminhada, mas oferecem a melhor prote\u00e7\u00e3o em caso de qualquer acidente infeliz durante a condu\u00e7\u00e3o.<\/p>\n<p style=\"font-weight: 400;\">\n            <b><br \/>\n              <strong>Tecido do escudo:<\/strong><br \/>\n            <\/b>\n          <\/p>\n<ul style=\"font-weight: 400;\">\n<li>11.50 Oz Stretch Denim<\/li>\n<li>Made of 99% Cotton and 1% Elastane.<\/li>\n<li>D\/Blue (Green Cast) Color<\/li>\n<\/ul>\n<p style=\"font-weight: 400;\">\n            <b><br \/>\n              <strong>Prote\u00e7\u00f5es:<\/strong><br \/>\n            <\/b>\n          <\/p>\n<ul style=\"font-weight: 400;\">\n<li>Prote\u00e7\u00f5es remov\u00edveis nos joelhos e coxas com certifica\u00e7\u00e3o CE EN 1621-1:2012.<\/li>\n<li>The knee guards are adjustable due to additional velcro attached on top &amp; bottom.<\/li>\n<li>A prote\u00e7\u00e3o pode ser removida facilmente enquanto simplesmente abre os z\u00edperes laterais do joelho.<\/li>\n<\/ul>\n<p style=\"font-weight: 400;\">\n            <b><br \/>\n              <strong>Conforto:<\/strong><br \/>\n            <\/b>\n          <\/p>\n<ul style=\"font-weight: 400;\">\n<li>Forro interno de tecido DuPont Aramida, que \u00e9 propositadamente colocado para proporcionar excelente resist\u00eancia \u00e0 abras\u00e3o.<\/li>\n<li>Forro interno em malha 100% poli\u00e9ster para maior respirabilidade e conforto.<\/li>\n<li>Melhor ajuste no corte regular.<\/li>\n<li>YKK\u00ae Zippers (Fly &amp; Knee area)<\/li>\n<li>Com Bolsa de Protetores extra.<\/li>\n<\/ul>\n","protected":false},"excerpt":{"rendered":"<p>Bela Vega Motorcycle Jeans For Men Informa\u00e7\u00e3o do produto: The \u201cVega\u201d Men\u2019s Motorcycle Jeans is a part of the latest<\/p>\n","protected":false},"featured_media":60644,"template":"","meta":[],"product_brand":[],"product_cat":[2645,2730,2733,2729,682,3260],"product_tag":[2743],"class_list":{"0":"post-60685","1":"product","2":"type-product","3":"status-publish","4":"has-post-thumbnail","6":"product_cat-calcas-de-motociclista","7":"product_cat-denim-masculino-homes","8":"product_cat-jeans-masculino","9":"product_cat-jeans-para-motos","10":"product_cat-motorcycle-clothing-pt-pt","11":"product_cat-general-touring-category-pt","12":"product_tag-los-hombres-de-mezclilla-pt-pt","13":"pa_size-26-pt-pt","14":"pa_size-28-pt-pt","15":"pa_size-30-pt-pt","16":"pa_size-32-pt-pt","17":"pa_size-34-pt-pt","18":"pa_size-36-pt-pt","19":"pa_size-38-pt-pt","20":"pa_size-40-pt-pt","21":"pa_size-42-pt-pt","23":"first","24":"outofstock","25":"sale","26":"taxable","27":"shipping-taxable","28":"purchasable","29":"product-type-variable","30":"has-default-attributes"},"_links":{"self":[{"href":"https:\/\/primomoto.es\/pt-pt\/wp-json\/wp\/v2\/product\/60685","targetHints":{"allow":["GET"]}}],"collection":[{"href":"https:\/\/primomoto.es\/pt-pt\/wp-json\/wp\/v2\/product"}],"about":[{"href":"https:\/\/primomoto.es\/pt-pt\/wp-json\/wp\/v2\/types\/product"}],"wp:featuredmedia":[{"embeddable":true,"href":"https:\/\/primomoto.es\/pt-pt\/wp-json\/wp\/v2\/media\/60644"}],"wp:attachment":[{"href":"https:\/\/primomoto.es\/pt-pt\/wp-json\/wp\/v2\/media?parent=60685"}],"wp:term":[{"taxonomy":"product_brand","embeddable":true,"href":"https:\/\/primomoto.es\/pt-pt\/wp-json\/wp\/v2\/product_brand?post=60685"},{"taxonomy":"product_cat","embeddable":true,"href":"https:\/\/primomoto.es\/pt-pt\/wp-json\/wp\/v2\/product_cat?post=60685"},{"taxonomy":"product_tag","embeddable":true,"href":"https:\/\/primomoto.es\/pt-pt\/wp-json\/wp\/v2\/product_tag?post=60685"}],"curies":[{"name":"wp","href":"https:\/\/api.w.org\/{rel}","templated":true}]}}