{"id":60445,"date":"2021-08-24T10:49:18","date_gmt":"2021-08-24T10:49:18","guid":{"rendered":"https:\/\/primomoto.es\/bela-beast-2-peca-terno-preto-branco-cinza-escuro\/"},"modified":"2025-06-03T12:55:06","modified_gmt":"2025-06-03T12:55:06","slug":"bela-fera-motocicleta-fato-de-couro-2-pc-preto-branco-cinza-escuro","status":"publish","type":"product","link":"https:\/\/primomoto.es\/pt-pt\/bela-fera-motocicleta-fato-de-couro-2-pc-preto-branco-cinza-escuro\/","title":{"rendered":"Bela Beast Motociclo Pelle Abito 2 PC Nero \/ Bianco \/ Scuro Grigio"},"content":{"rendered":"<p><span style=\"color: #ff0000;\"><strong>Nota: os pedidos s\u00e3o enviados no prazo de 10 a 15 dias \u00fateis a partir da data da compra!!<\/strong><\/span><\/p>\n<h2>Fato de couro masculino para motociclismo &#8211; Bela Beast 2Pc Fato de motocicleta<\/h2>\n<p><strong>Especifica\u00e7\u00f5es t\u00e9cnicas:<\/strong><\/p>\n<ul>\n<li>Um traje de equita\u00e7\u00e3o de 2 pe\u00e7as de alto desempenho constru\u00eddo em couro de flor integral para altos n\u00edveis de resist\u00eancia \u00e0 abras\u00e3o e durabilidade,<\/li>\n<li>Bela Beast 2 Piece suit incorporates track tested protective capabilities on shoulder and knee areas and a perforated Moto-GP profiled panels for improved aerodynamics and comfort.<\/li>\n<li>With the possibility to upgrade to CE certified construction back, chest and hip protection this premium two-piece suit is ideal for performance riding.<\/li>\n<li>Multiple-stitched main seam construction provides maximum tear resistance<\/li>\n<li>Extended, reinforced stretch fiber panels on arms, crotch and legs.<\/li>\n<li>Accordion leather stretch inserts on lumbar, knees, elbows and rear shoulders<\/li>\n<li>Zipper closure.<\/li>\n<li>Excellent stitching throughout with maximum durability.<\/li>\n<\/ul>\n","protected":false},"excerpt":{"rendered":"<p>A high-performance 2pieces riding suit constructed from full-grain leather for high levels of abrasion resistance and durability, the Beast 2Piece suit incorporates track tested protective capabilities on shoulder and knee areas and a perforated Moto-GP profiled panels for improved aerodynamics and comfort. With the possibility to upgrade to CE certified construction back, chest and hip protection this premium two-piece suit is ideal for performance riding.<\/p>\n","protected":false},"featured_media":60414,"template":"","meta":[],"product_brand":[],"product_cat":[2131,2132,2143,3270,682],"product_tag":[2144],"class_list":{"0":"post-60445","1":"product","2":"type-product","3":"status-publish","4":"has-post-thumbnail","6":"product_cat-fatos-de-couro","7":"product_cat-ternos-motociclistas-masculinos","8":"product_cat-terno-masculino-com-2-pecas","9":"product_cat-corrida","10":"product_cat-motorcycle-clothing-pt-pt","11":"product_tag-terno-de-couro","12":"pa_size-50-m-pt-pt-2","13":"pa_size-52-l-pt-pt","14":"pa_size-54-xl-pt-pt","15":"pa_size-56-2xl-pt-pt-2","16":"pa_size-58-3xl-pt-pt-2","17":"pa_size-60-4xl-pt-pt","19":"first","20":"outofstock","21":"sale","22":"taxable","23":"shipping-taxable","24":"purchasable","25":"product-type-variable","26":"has-default-attributes"},"_links":{"self":[{"href":"https:\/\/primomoto.es\/pt-pt\/wp-json\/wp\/v2\/product\/60445","targetHints":{"allow":["GET"]}}],"collection":[{"href":"https:\/\/primomoto.es\/pt-pt\/wp-json\/wp\/v2\/product"}],"about":[{"href":"https:\/\/primomoto.es\/pt-pt\/wp-json\/wp\/v2\/types\/product"}],"wp:featuredmedia":[{"embeddable":true,"href":"https:\/\/primomoto.es\/pt-pt\/wp-json\/wp\/v2\/media\/60414"}],"wp:attachment":[{"href":"https:\/\/primomoto.es\/pt-pt\/wp-json\/wp\/v2\/media?parent=60445"}],"wp:term":[{"taxonomy":"product_brand","embeddable":true,"href":"https:\/\/primomoto.es\/pt-pt\/wp-json\/wp\/v2\/product_brand?post=60445"},{"taxonomy":"product_cat","embeddable":true,"href":"https:\/\/primomoto.es\/pt-pt\/wp-json\/wp\/v2\/product_cat?post=60445"},{"taxonomy":"product_tag","embeddable":true,"href":"https:\/\/primomoto.es\/pt-pt\/wp-json\/wp\/v2\/product_tag?post=60445"}],"curies":[{"name":"wp","href":"https:\/\/api.w.org\/{rel}","templated":true}]}}