{"id":60317,"date":"2021-08-24T09:50:57","date_gmt":"2021-08-24T09:50:57","guid":{"rendered":"https:\/\/primomoto.es\/bela-beast-fato-de-couro-1peca-preto-branco-cinza-escuro\/"},"modified":"2025-06-03T12:38:46","modified_gmt":"2025-06-03T12:38:46","slug":"bela-fera-motocicleta-fato-de-couro-1-pc-preto-branco-cinza-escuro","status":"publish","type":"product","link":"https:\/\/primomoto.es\/pt-pt\/bela-fera-motocicleta-fato-de-couro-1-pc-preto-branco-cinza-escuro\/","title":{"rendered":"Bela Beast Motocicleta Couro Terno 1 PC Preto \/ Branco \/ Escuro Cinza"},"content":{"rendered":"<p><span style=\"color: #ff0000;\"><strong>Nota: os pedidos s\u00e3o enviados no prazo de 10 a 15 dias \u00fateis a partir da data da compra!!<\/strong><\/span><\/p>\n<h2>Fato de couro masculino para motociclismo &#8211; Bela Beast 1Pc Fato de motocicleta<\/h2>\n<p><strong>Especifica\u00e7\u00f5es t\u00e9cnicas:<\/strong><\/p>\n<ul>\n<li>Um traje de equita\u00e7\u00e3o de uma pe\u00e7a de alto desempenho constru\u00eddo em couro de flor integral para altos n\u00edveis de resist\u00eancia \u00e0 abras\u00e3o e durabilidade,<\/li>\n<li>O fato Bela Beast 1 Piece incorpora capacidades de prote\u00e7\u00e3o testadas em pistas nas \u00e1reas dos ombros e joelhos e pain\u00e9is perfurados de Moto-GP para melhor aerodin\u00e2mica e conforto.<\/li>\n<li>With the possibility to upgrade to CE certified construction back, chest and hip protection this premium one-piece suit is ideal for performance riding.<\/li>\n<li>Multiple-stitched main seam construction provides maximum tear resistance<\/li>\n<li>Extended, reinforced stretch fibre panels on arms, crotch and legs.<\/li>\n<li>Accordion leather stretch inserts on lumbar, knees, elbows and rear shoulders<\/li>\n<li>Zipper closure.<\/li>\n<li>Excellent stitching throughout with maximum durability.<\/li>\n<\/ul>\n","protected":false},"excerpt":{"rendered":"<p>Um macac\u00e3o de montaria de alto desempenho constru\u00eddo em couro de flor integral para altos n\u00edveis de resist\u00eancia \u00e0 abras\u00e3o e durabilidade, o macac\u00e3o Beast 1 Piece incorpora recursos de prote\u00e7\u00e3o testados em pistas nas \u00e1reas de ombro e joelho e pain\u00e9is perfurados Moto-GP perfilados para aerodin\u00e2mica aprimorada e conforto. With the possibility to upgrade to CE certified construction back, chest and hip protection this premium 1-piece suit is ideal for performance riding.<\/p>\n","protected":false},"featured_media":60287,"template":"","meta":[],"product_brand":[],"product_cat":[2131,2133,2132,682],"product_tag":[2144],"class_list":{"0":"post-60317","1":"product","2":"type-product","3":"status-publish","4":"has-post-thumbnail","6":"product_cat-fatos-de-couro","7":"product_cat-terno-masculino-1-pcs","8":"product_cat-ternos-motociclistas-masculinos","9":"product_cat-motorcycle-clothing-pt-pt","10":"product_tag-terno-de-couro","11":"pa_size-46-xs-pt-pt","12":"pa_size-48-s-pt-pt","13":"pa_size-50-m-pt-pt-2","14":"pa_size-52-l-pt-pt","15":"pa_size-54-xl-pt-pt","16":"pa_size-56-2xl-pt-pt-2","17":"pa_size-58-3xl-pt-pt-2","18":"pa_size-60-4xl-pt-pt","19":"pa_size-62-5xl-pt-pt-2","21":"first","22":"outofstock","23":"sale","24":"taxable","25":"shipping-taxable","26":"purchasable","27":"product-type-variable","28":"has-default-attributes"},"_links":{"self":[{"href":"https:\/\/primomoto.es\/pt-pt\/wp-json\/wp\/v2\/product\/60317","targetHints":{"allow":["GET"]}}],"collection":[{"href":"https:\/\/primomoto.es\/pt-pt\/wp-json\/wp\/v2\/product"}],"about":[{"href":"https:\/\/primomoto.es\/pt-pt\/wp-json\/wp\/v2\/types\/product"}],"wp:featuredmedia":[{"embeddable":true,"href":"https:\/\/primomoto.es\/pt-pt\/wp-json\/wp\/v2\/media\/60287"}],"wp:attachment":[{"href":"https:\/\/primomoto.es\/pt-pt\/wp-json\/wp\/v2\/media?parent=60317"}],"wp:term":[{"taxonomy":"product_brand","embeddable":true,"href":"https:\/\/primomoto.es\/pt-pt\/wp-json\/wp\/v2\/product_brand?post=60317"},{"taxonomy":"product_cat","embeddable":true,"href":"https:\/\/primomoto.es\/pt-pt\/wp-json\/wp\/v2\/product_cat?post=60317"},{"taxonomy":"product_tag","embeddable":true,"href":"https:\/\/primomoto.es\/pt-pt\/wp-json\/wp\/v2\/product_tag?post=60317"}],"curies":[{"name":"wp","href":"https:\/\/api.w.org\/{rel}","templated":true}]}}