{"id":60223,"date":"2021-08-24T08:03:43","date_gmt":"2021-08-24T08:03:43","guid":{"rendered":"https:\/\/primomoto.es\/bela-beast-fato-de-couro-2peca-preto-branco-azul-amarelo\/"},"modified":"2022-08-15T10:20:15","modified_gmt":"2022-08-15T10:20:15","slug":"bela-beast-motocicleta-fato-de-couro-2-pc-preto-branco-amarelo-azul","status":"publish","type":"product","link":"https:\/\/primomoto.es\/pt-pt\/bela-beast-motocicleta-fato-de-couro-2-pc-preto-branco-amarelo-azul\/","title":{"rendered":"Bela Beast Motocicleta Couro Terno 2 PC Preto \/ Branco \/ Amarelo \/ Azul"},"content":{"rendered":"<h2>Motorcycle Racing Leather Suit for Men &#8211; Bela Beast 2Pcs Motorbike Suit<\/h2>\n<p>          <strong>Especifica\u00e7\u00f5es t\u00e9cnicas:<\/strong><\/p>\n<ul>\n<li>A high-performance 2 pieces riding suit constructed from full-grain leather for high levels of abrasion resistance and durability,<\/li>\n<li>Bela Beast 2 Piece suit incorporates track tested protective capabilities on shoulder and knee areas and a perforated Moto-GP profiled panels for improved aerodynamics and comfort.<\/li>\n<li>With the possibility to upgrade to CE certified construction back, chest and hip protection this premium two-pieces suit is ideal for performance riding.<\/li>\n<li>Multiple-stitched main seam construction provides maximum tear resistance<\/li>\n<li>Extended, reinforced stretch fiber panels on arms, crotch and legs.<\/li>\n<li>Accordion leather stretch inserts on lumbar, knees, elbows and rear shoulders<\/li>\n<li>Zipper closure.<\/li>\n<li>Excellent stitching throughout with maximum durability.<\/li>\n<\/ul>\n","protected":false},"excerpt":{"rendered":"<p>A high-performance Two-pieces riding suit constructed from full-grain leather for high levels of abrasion resistance and durability, the Beast 2 Pieces suit incorporates track tested protective capabilities on shoulder and knee areas and a perforated Moto-GP profiled panels for improved aerodynamics and comfort. With the possibility to upgrade to CE certified construction back, chest and hip protection this premium 2-piece suit is ideal for performance riding.<\/p>\n","protected":false},"featured_media":60194,"template":"","meta":[],"product_brand":[],"product_cat":[2131,2132,2143,3270,682],"product_tag":[2144],"class_list":{"0":"post-60223","1":"product","2":"type-product","3":"status-publish","4":"has-post-thumbnail","6":"product_cat-fatos-de-couro","7":"product_cat-ternos-motociclistas-masculinos","8":"product_cat-terno-masculino-com-2-pecas","9":"product_cat-corrida","10":"product_cat-motorcycle-clothing-pt-pt","11":"product_tag-terno-de-couro","12":"pa_size-50-m-pt-pt-2","13":"pa_size-52-l-pt-pt","14":"pa_size-54-xl-pt-pt","15":"pa_size-56-2xl-pt-pt-2","16":"pa_size-58-3xl-pt-pt-2","17":"pa_size-60-4xl-pt-pt","19":"first","20":"outofstock","21":"sale","22":"taxable","23":"shipping-taxable","24":"purchasable","25":"product-type-variable","26":"has-default-attributes"},"_links":{"self":[{"href":"https:\/\/primomoto.es\/pt-pt\/wp-json\/wp\/v2\/product\/60223","targetHints":{"allow":["GET"]}}],"collection":[{"href":"https:\/\/primomoto.es\/pt-pt\/wp-json\/wp\/v2\/product"}],"about":[{"href":"https:\/\/primomoto.es\/pt-pt\/wp-json\/wp\/v2\/types\/product"}],"wp:featuredmedia":[{"embeddable":true,"href":"https:\/\/primomoto.es\/pt-pt\/wp-json\/wp\/v2\/media\/60194"}],"wp:attachment":[{"href":"https:\/\/primomoto.es\/pt-pt\/wp-json\/wp\/v2\/media?parent=60223"}],"wp:term":[{"taxonomy":"product_brand","embeddable":true,"href":"https:\/\/primomoto.es\/pt-pt\/wp-json\/wp\/v2\/product_brand?post=60223"},{"taxonomy":"product_cat","embeddable":true,"href":"https:\/\/primomoto.es\/pt-pt\/wp-json\/wp\/v2\/product_cat?post=60223"},{"taxonomy":"product_tag","embeddable":true,"href":"https:\/\/primomoto.es\/pt-pt\/wp-json\/wp\/v2\/product_tag?post=60223"}],"curies":[{"name":"wp","href":"https:\/\/api.w.org\/{rel}","templated":true}]}}