{"id":59935,"date":"2021-08-23T08:16:23","date_gmt":"2021-08-23T08:16:23","guid":{"rendered":"https:\/\/primomoto.es\/bela-rollover-kids-fato-de-couro-junior-1peca-preto-amarelo-fluor\/"},"modified":"2025-06-04T08:29:25","modified_gmt":"2025-06-04T08:29:25","slug":"bela-rollover-kids-motocicleta-fato-de-couro-1-pc-preto-amarelo-fluorescente","status":"publish","type":"product","link":"https:\/\/primomoto.es\/pt-pt\/bela-rollover-kids-motocicleta-fato-de-couro-1-pc-preto-amarelo-fluorescente\/","title":{"rendered":"Bela Rollover Kids Motocicleta Couro Terno 1 PC Terno\/Amarelo Fluorescente"},"content":{"rendered":"<p><span style=\"color: #ff0000;\"><strong>Nota: os pedidos s\u00e3o enviados dentro de 10 a 15 dias \u00fateis a partir da data da compra!!<\/strong><\/span><\/p>\n<h2>Bela Junior Rollover 1Pc Leather Suit<\/h2>\n<p>Material:<\/p>\n<ul>\n<li>Fabricado em couro de vaca.<\/li>\n<li>Super Tense-tex stretch fabric at elbow, crotch, back knee to provide flexibility &amp; comfort<\/li>\n<\/ul>\n<p>Informa\u00e7\u00e3o t\u00e9cnica<\/p>\n<ul>\n<li>Forro de malha fixa na panturrilha para oferecer melhor conforto<\/li>\n<li>Protetores internos aprovados pela CE nos cotovelos, quadril e joelhos<\/li>\n<li>Corcunda aerodin\u00e2mica<\/li>\n<li>Couro perfurado para melhorar a ventila\u00e7\u00e3o<\/li>\n<li>Pain\u00e9is de couro el\u00e1stico nos joelhos, cintura traseira, cava traseira para movimento confort\u00e1vel e flex\u00edvel<\/li>\n<li>Neoprene no punho e na bainha para reduzir a espessura e dar maior conforto<\/li>\n<li>Double layer leather reinforcement at elbow, shoulder and seat<\/li>\n<li>Velcro dentro do painel frontal para facilitar um protetor de t\u00f3rax, se necess\u00e1rio<\/li>\n<li>Deslizadores de joelho remov\u00edveis<\/li>\n<\/ul>\n","protected":false},"excerpt":{"rendered":"<p>Best motorcycle racing leather suit for kids. Made with the best selected leather. Removable knee sliders. Perforated leather to improve ventilation.<\/p>\n","protected":false},"featured_media":59897,"template":"","meta":[],"product_brand":[],"product_cat":[2131,2471,2470,3270,682],"product_tag":[2838,2144],"class_list":{"0":"post-59935","1":"product","2":"type-product","3":"status-publish","4":"has-post-thumbnail","6":"product_cat-fatos-de-couro","7":"product_cat-fatos-de-couro-1pecas","8":"product_cat-criancas-ternos-de-motocicleta","9":"product_cat-corrida","10":"product_cat-motorcycle-clothing-pt-pt","11":"product_tag-2838","12":"product_tag-terno-de-couro","13":"pa_size-2xl-pt-pt","14":"pa_size-3xl-pt","15":"pa_size-4xl-pt","16":"pa_size-5xl-pt","17":"pa_size-l-pt-pt","18":"pa_size-m-pt-pt","19":"pa_size-s-pt-pt","20":"pa_size-xl-pt-pt","22":"first","23":"outofstock","24":"sale","25":"taxable","26":"shipping-taxable","27":"purchasable","28":"product-type-variable","29":"has-default-attributes"},"_links":{"self":[{"href":"https:\/\/primomoto.es\/pt-pt\/wp-json\/wp\/v2\/product\/59935","targetHints":{"allow":["GET"]}}],"collection":[{"href":"https:\/\/primomoto.es\/pt-pt\/wp-json\/wp\/v2\/product"}],"about":[{"href":"https:\/\/primomoto.es\/pt-pt\/wp-json\/wp\/v2\/types\/product"}],"wp:featuredmedia":[{"embeddable":true,"href":"https:\/\/primomoto.es\/pt-pt\/wp-json\/wp\/v2\/media\/59897"}],"wp:attachment":[{"href":"https:\/\/primomoto.es\/pt-pt\/wp-json\/wp\/v2\/media?parent=59935"}],"wp:term":[{"taxonomy":"product_brand","embeddable":true,"href":"https:\/\/primomoto.es\/pt-pt\/wp-json\/wp\/v2\/product_brand?post=59935"},{"taxonomy":"product_cat","embeddable":true,"href":"https:\/\/primomoto.es\/pt-pt\/wp-json\/wp\/v2\/product_cat?post=59935"},{"taxonomy":"product_tag","embeddable":true,"href":"https:\/\/primomoto.es\/pt-pt\/wp-json\/wp\/v2\/product_tag?post=59935"}],"curies":[{"name":"wp","href":"https:\/\/api.w.org\/{rel}","templated":true}]}}