{"id":57719,"date":"2021-01-04T11:52:08","date_gmt":"2021-08-20T09:49:35","guid":{"rendered":"https:\/\/primomoto.es\/r-tech-robo-lady-luva-de-motociclismo-de-corrida-feminina-preto\/"},"modified":"2021-12-10T11:53:12","modified_gmt":"2021-12-10T11:53:12","slug":"r-tech-robo-lady-luvas-corrida-moto-mulheres-preto","status":"publish","type":"product","link":"https:\/\/primomoto.es\/pt-pt\/r-tech-robo-lady-luvas-corrida-moto-mulheres-preto\/","title":{"rendered":"R-Tech Robo Lady Luva de motociclismo de corrida feminina Preto"},"content":{"rendered":"<h2><strong>R-Tech Robo Lady Luvas de corrida de moto para\u00a0mulheres\u00a0Preto\/Azul<\/strong><\/h2>\n<p>Estas luvas que combinam ader\u00eancia e prote\u00e7\u00e3o s\u00e3o feitas de couro de vaca de alta qualidade em combina\u00e7\u00e3o com poli\u00e9ster macio, o que as torna muito confort\u00e1veis \u200b\u200be t\u00eam ajustes para uma melhor condu\u00e7\u00e3o.<\/p>\n<p><strong>Informa\u00e7\u00e3o t\u00e9cnica:<\/strong><\/p>\n<ul>\n<li>Luvas longas de corrida com Couro refor\u00e7ado bovino para maior seguran\u00e7a contra a abras\u00e3o<\/li>\n<li>Forro de poli\u00e9ster macio no interior.<\/li>\n<li>Camadas refor\u00e7adas com calrino na palma da m\u00e3o para uma ader\u00eancia firme<\/li>\n<li>Fun\u00e7\u00e3o de toque para utiliza\u00e7\u00e3o m\u00f3vel<\/li>\n<li>Prote\u00e7\u00e3o nos dedos e articula\u00e7\u00f5es<\/li>\n<li>Knox na palma da m\u00e3o para mais prote\u00e7\u00e3o<\/li>\n<li>Acorde\u00e3o na parte de tr\u00e1s da m\u00e3o e dedos para movimento<\/li>\n<li>Forma curva ajustada ao pulso<\/li>\n<li>Tira de velcro ajust\u00e1vel<\/li>\n<li>Fecho de velcro TPR com protetor de pulso em TPU<\/li>\n<li>Aprovado pela CE<\/li>\n<\/ul>\n","protected":false},"excerpt":{"rendered":"<p>As luvas R-Tech Robo podem ser facilmente a melhor op\u00e7\u00e3o para os motociclistas uma vez que s\u00e3o aprovadas pela CE e t\u00eam couro bovino refor\u00e7ado para maior seguran\u00e7a<\/p>\n","protected":false},"featured_media":14591,"template":"","meta":[],"product_brand":[],"product_cat":[2482,2543,2483,3270,682],"product_tag":[2805,2801],"class_list":{"0":"post-57719","1":"product","2":"type-product","3":"status-publish","4":"has-post-thumbnail","6":"product_cat-luvas-de-motocicleta-pt","7":"product_cat-luva-de-corrida-mulher","8":"product_cat-mulheres-luvas-de-motocicleta","9":"product_cat-corrida","10":"product_cat-motorcycle-clothing-pt-pt","11":"product_tag-guante-de-cuero-de-mujer-pt-pt","12":"product_tag-guantes-de-carreras-de-mujer-pt-pt","13":"pa_size-2xl-pt-pt","14":"pa_size-3xl-pt","15":"pa_size-l-pt-pt","16":"pa_size-xl-pt-pt","18":"first","19":"outofstock","20":"sale","21":"taxable","22":"shipping-taxable","23":"purchasable","24":"product-type-variable","25":"has-default-attributes"},"_links":{"self":[{"href":"https:\/\/primomoto.es\/pt-pt\/wp-json\/wp\/v2\/product\/57719","targetHints":{"allow":["GET"]}}],"collection":[{"href":"https:\/\/primomoto.es\/pt-pt\/wp-json\/wp\/v2\/product"}],"about":[{"href":"https:\/\/primomoto.es\/pt-pt\/wp-json\/wp\/v2\/types\/product"}],"wp:featuredmedia":[{"embeddable":true,"href":"https:\/\/primomoto.es\/pt-pt\/wp-json\/wp\/v2\/media\/14591"}],"wp:attachment":[{"href":"https:\/\/primomoto.es\/pt-pt\/wp-json\/wp\/v2\/media?parent=57719"}],"wp:term":[{"taxonomy":"product_brand","embeddable":true,"href":"https:\/\/primomoto.es\/pt-pt\/wp-json\/wp\/v2\/product_brand?post=57719"},{"taxonomy":"product_cat","embeddable":true,"href":"https:\/\/primomoto.es\/pt-pt\/wp-json\/wp\/v2\/product_cat?post=57719"},{"taxonomy":"product_tag","embeddable":true,"href":"https:\/\/primomoto.es\/pt-pt\/wp-json\/wp\/v2\/product_tag?post=57719"}],"curies":[{"name":"wp","href":"https:\/\/api.w.org\/{rel}","templated":true}]}}