{"id":57476,"date":"2021-01-04T12:01:48","date_gmt":"2021-08-19T04:14:41","guid":{"rendered":"https:\/\/primomoto.es\/bela-atomic-lady-bota-para-motociclista-feminina\/"},"modified":"2021-12-14T10:49:12","modified_gmt":"2021-12-14T10:49:12","slug":"bela-atomic-lady-botas-couro-motocicleta-turismo-feminina","status":"publish","type":"product","link":"https:\/\/primomoto.es\/pt-pt\/bela-atomic-lady-botas-couro-motocicleta-turismo-feminina\/","title":{"rendered":"Bela Atomic Lady Bota para motociclista feminina"},"content":{"rendered":"<h2><strong>Botas de couro de motocicleta feminina Preto<\/strong><\/h2>\n<p><strong>Informa\u00e7\u00e3o t\u00e9cnica:<\/strong><\/p>\n<ul>\n<li>Couro sint\u00e9tico PU no exterior<\/li>\n<li>Forro de poli\u00e9ster macio<\/li>\n<li>Painel de engrenagens TPU<\/li>\n<li>Aprovado pela CE<\/li>\n<li>Prote\u00e7\u00e3o do tornozelo para seguran\u00e7a<\/li>\n<li>Suporte longo com pegas para f\u00e1cil ajuste<\/li>\n<li>Fecho de correr de um lado.<\/li>\n<li>Acorde\u00e3o na frente e atr\u00e1s para facilitar o movimento<\/li>\n<li>Sola antiderrapante<\/li>\n<\/ul>\n","protected":false},"excerpt":{"rendered":"<div id=\"product-description-short-221\" class=\"rte-content\">\n<p>As botas de turismo\u00a0<strong>Bela Atomic Lady<\/strong> s\u00e3o feitas para serem usadas em todas as esta\u00e7\u00f5es do ano. Confort\u00e1vel, confi\u00e1vel e protetora torna esta bota de senhora uma das melhores botas de turismo para mulheres.<\/p>\n<\/div>\n","protected":false},"featured_media":16458,"template":"","meta":[],"product_brand":[],"product_cat":[2571,2592,2591,682,3260],"product_tag":[2578,2735],"class_list":{"0":"post-57476","1":"product","2":"type-product","3":"status-publish","4":"has-post-thumbnail","6":"product_cat-botas-de-motocicleta","7":"product_cat-mulher-touring-boot","8":"product_cat-mulheres-botas-de-motocicleta","9":"product_cat-motorcycle-clothing-pt-pt","10":"product_cat-general-touring-category-pt","11":"product_tag-botas-de-couro","12":"product_tag-botas-touring-mujer-pt-pt","13":"pa_size-37-pt-pt","14":"pa_size-38-pt-pt","15":"pa_size-39-pt-pt","16":"pa_size-40-pt-pt","17":"pa_size-41-pt-pt","18":"pa_size-42-pt-pt","20":"first","21":"instock","22":"sale","23":"taxable","24":"shipping-taxable","25":"purchasable","26":"product-type-variable","27":"has-default-attributes"},"_links":{"self":[{"href":"https:\/\/primomoto.es\/pt-pt\/wp-json\/wp\/v2\/product\/57476","targetHints":{"allow":["GET"]}}],"collection":[{"href":"https:\/\/primomoto.es\/pt-pt\/wp-json\/wp\/v2\/product"}],"about":[{"href":"https:\/\/primomoto.es\/pt-pt\/wp-json\/wp\/v2\/types\/product"}],"wp:featuredmedia":[{"embeddable":true,"href":"https:\/\/primomoto.es\/pt-pt\/wp-json\/wp\/v2\/media\/16458"}],"wp:attachment":[{"href":"https:\/\/primomoto.es\/pt-pt\/wp-json\/wp\/v2\/media?parent=57476"}],"wp:term":[{"taxonomy":"product_brand","embeddable":true,"href":"https:\/\/primomoto.es\/pt-pt\/wp-json\/wp\/v2\/product_brand?post=57476"},{"taxonomy":"product_cat","embeddable":true,"href":"https:\/\/primomoto.es\/pt-pt\/wp-json\/wp\/v2\/product_cat?post=57476"},{"taxonomy":"product_tag","embeddable":true,"href":"https:\/\/primomoto.es\/pt-pt\/wp-json\/wp\/v2\/product_tag?post=57476"}],"curies":[{"name":"wp","href":"https:\/\/api.w.org\/{rel}","templated":true}]}}