{"id":57469,"date":"2021-01-04T12:02:15","date_gmt":"2021-08-19T04:06:22","guid":{"rendered":"https:\/\/primomoto.es\/bela-strip-lady-botas-de-corrida-femininas-preto-amarelo-fluor\/"},"modified":"2021-12-14T19:46:38","modified_gmt":"2021-12-14T19:46:38","slug":"bela-strip-lady-botas-de-corrida-moto-femininas-preto-amarelo","status":"publish","type":"product","link":"https:\/\/primomoto.es\/pt-pt\/bela-strip-lady-botas-de-corrida-moto-femininas-preto-amarelo\/","title":{"rendered":"Bela Strip Lady Botas de corrida Femininas Preto\/Amarelo Fluor"},"content":{"rendered":"<h2><strong>Botas de corrida de motocicleta femininas<\/strong><\/h2>\n<p><strong>Informa\u00e7\u00f5es materiais e t\u00e9cnicas:<\/strong><\/p>\n<ul>\n<li>Microfibra<\/li>\n<li>Revestimento de poli\u00e9ster com humidade, macio e respir\u00e1vel tipo malha 3D<\/li>\n<li>Sola de borracha<\/li>\n<li>Prote\u00e7\u00e3o do calcanhar duro<\/li>\n<li>Prote\u00e7\u00e3o do tornozelo duro<\/li>\n<li>Dedos r\u00edgidos<\/li>\n<li>Os pontos duplos e triplos melhoram a durabilidade<\/li>\n<li>O produto tem a certifica\u00e7\u00e3o CE (EN 13634:2017)<\/li>\n<li>Z\u00edper longo YKK para colocar facilmente as botas<\/li>\n<li>Velcro para ajustar a circunfer\u00eancia da barriga da perna<\/li>\n<li>Pain\u00e9is flex\u00edveis para garantir a liberdade de movimento<\/li>\n<li>A inser\u00e7\u00e3o antibacteriana assegura frescura<\/li>\n<li>Elementos reflexivos para melhorar a visibilidade<\/li>\n<li>Os cursores substitu\u00edveis prolongam a vida \u00fatil das botas<\/li>\n<li>Refor\u00e7o para c\u00e2mbio de marchas<\/li>\n<li>Acabamento suave da borda superior da bota<\/li>\n<\/ul>\n","protected":false},"excerpt":{"rendered":"<p>Uma nova, cl\u00e1ssica e premium adi\u00e7\u00e3o \u00e0s botas de corrida Bela Ladies: Bela Strip Lady que vem com certifica\u00e7\u00e3o CE, prote\u00e7\u00e3o do calcanhar e tornozelo, pain\u00e9is flex\u00edveis e corredi\u00e7as substitu\u00edveis.<\/p>\n","protected":false},"featured_media":290831,"template":"","meta":[],"product_brand":[],"product_cat":[2571,2605,2591,3270,682],"product_tag":[2790,2578],"class_list":{"0":"post-57469","1":"product","2":"type-product","3":"status-publish","4":"has-post-thumbnail","6":"product_cat-botas-de-motocicleta","7":"product_cat-botas-de-corrida","8":"product_cat-mulheres-botas-de-motocicleta","9":"product_cat-corrida","10":"product_cat-motorcycle-clothing-pt-pt","11":"product_tag-botas-de-carreras-de-mujer-pt-pt","12":"product_tag-botas-de-couro","13":"pa_size-38-pt-pt","14":"pa_size-39-pt-pt","15":"pa_size-41-pt-pt","16":"pa_size-42-pt-pt","17":"pa_size-43-pt-pt","18":"pa_size-44-pt-pt","20":"first","21":"outofstock","22":"sale","23":"taxable","24":"shipping-taxable","25":"purchasable","26":"product-type-variable","27":"has-default-attributes"},"_links":{"self":[{"href":"https:\/\/primomoto.es\/pt-pt\/wp-json\/wp\/v2\/product\/57469","targetHints":{"allow":["GET"]}}],"collection":[{"href":"https:\/\/primomoto.es\/pt-pt\/wp-json\/wp\/v2\/product"}],"about":[{"href":"https:\/\/primomoto.es\/pt-pt\/wp-json\/wp\/v2\/types\/product"}],"wp:featuredmedia":[{"embeddable":true,"href":"https:\/\/primomoto.es\/pt-pt\/wp-json\/wp\/v2\/media\/290831"}],"wp:attachment":[{"href":"https:\/\/primomoto.es\/pt-pt\/wp-json\/wp\/v2\/media?parent=57469"}],"wp:term":[{"taxonomy":"product_brand","embeddable":true,"href":"https:\/\/primomoto.es\/pt-pt\/wp-json\/wp\/v2\/product_brand?post=57469"},{"taxonomy":"product_cat","embeddable":true,"href":"https:\/\/primomoto.es\/pt-pt\/wp-json\/wp\/v2\/product_cat?post=57469"},{"taxonomy":"product_tag","embeddable":true,"href":"https:\/\/primomoto.es\/pt-pt\/wp-json\/wp\/v2\/product_tag?post=57469"}],"curies":[{"name":"wp","href":"https:\/\/api.w.org\/{rel}","templated":true}]}}