{"id":57394,"date":"2021-01-04T11:48:06","date_gmt":"2021-08-18T10:48:09","guid":{"rendered":"https:\/\/primomoto.es\/bela-rocket-lady-calcas-de-corrida-preto-azul\/"},"modified":"2023-03-29T09:42:33","modified_gmt":"2023-03-29T09:42:33","slug":"bela-rocket-lady-calcas-corrida-preto-azul","status":"publish","type":"product","link":"https:\/\/primomoto.es\/pt-pt\/bela-rocket-lady-calcas-corrida-preto-azul\/","title":{"rendered":"Bela Rocket Lady Cal\u00e7as de corrida Preto\/Azul"},"content":{"rendered":"<h2><strong>cal\u00e7a de couro de corrida de motocicleta para senhoras\u00a0<\/strong><\/h2>\n<p><strong>Material:<\/strong><\/p>\n<ul>\n<li>1\/1.1 mm Couro bovino grosso<\/li>\n<li>1\/1.1 mm Couro de canguru grosso<\/li>\n<\/ul>\n<p><strong>composi\u00e7\u00e3o:<\/strong><\/p>\n<ul>\n<li>Revestimento de poli malha fixo interno<\/li>\n<li>Exterior: 100% Couro Bovino (insere 92% Nylon 8% ELASTAN)<\/li>\n<\/ul>\n<p><strong>Informa\u00e7\u00e3o t\u00e9cnica:<\/strong><\/p>\n<ul>\n<li>Almofadas laterais com absor\u00e7\u00e3o de choque<\/li>\n<li>Zonas flex\u00edveis de couro na cintura e nos joelhos<\/li>\n<li>tecido el\u00e1stico de alta resist\u00eancia na \u00e1rea inguinal, coxas, pantorrilhas e virilhas<\/li>\n<li>Protetores de joelho e canela aprovados e remov\u00edveis<\/li>\n<li>Conex\u00e3o com z\u00edper na cintura para a jaqueta.<\/li>\n<li>Deslizadores de joelho inclu\u00eddos<\/li>\n<\/ul>\n","protected":false},"excerpt":{"rendered":"<p>A Bela est\u00e1 a oferecer essa cal\u00e7a de couro exclusiva, feita com couro bovino de alta qualidade com inser\u00e7\u00f5es Kangoroo para oferecer a melhor articula\u00e7\u00e3o de prote\u00e7\u00e3o e a melhor adaptabilidade.<\/p>\n","protected":false},"featured_media":289730,"template":"","meta":[],"product_brand":[],"product_cat":[2645,2726,3270,682,2724],"product_tag":[2783,2782],"class_list":{"0":"post-57394","1":"product","2":"type-product","3":"status-publish","4":"has-post-thumbnail","6":"product_cat-calcas-de-motociclista","7":"product_cat-calca-de-couro-mulhere","8":"product_cat-corrida","9":"product_cat-motorcycle-clothing-pt-pt","10":"product_cat-calca-feminina","11":"product_tag-mujer-pantalon-de-carreras-pt-pt","12":"product_tag-mujer-pantalon-de-cuero-pt-pt","13":"pa_size-42-l-pt-pt","14":"pa_size-44-xl-pt-pt","15":"pa_size-46-2xl-pt-pt","16":"pa_size-48-3xl-pt-pt-2","18":"first","19":"instock","20":"sale","21":"featured","22":"taxable","23":"shipping-taxable","24":"purchasable","25":"product-type-variable","26":"has-default-attributes"},"_links":{"self":[{"href":"https:\/\/primomoto.es\/pt-pt\/wp-json\/wp\/v2\/product\/57394","targetHints":{"allow":["GET"]}}],"collection":[{"href":"https:\/\/primomoto.es\/pt-pt\/wp-json\/wp\/v2\/product"}],"about":[{"href":"https:\/\/primomoto.es\/pt-pt\/wp-json\/wp\/v2\/types\/product"}],"wp:featuredmedia":[{"embeddable":true,"href":"https:\/\/primomoto.es\/pt-pt\/wp-json\/wp\/v2\/media\/289730"}],"wp:attachment":[{"href":"https:\/\/primomoto.es\/pt-pt\/wp-json\/wp\/v2\/media?parent=57394"}],"wp:term":[{"taxonomy":"product_brand","embeddable":true,"href":"https:\/\/primomoto.es\/pt-pt\/wp-json\/wp\/v2\/product_brand?post=57394"},{"taxonomy":"product_cat","embeddable":true,"href":"https:\/\/primomoto.es\/pt-pt\/wp-json\/wp\/v2\/product_cat?post=57394"},{"taxonomy":"product_tag","embeddable":true,"href":"https:\/\/primomoto.es\/pt-pt\/wp-json\/wp\/v2\/product_tag?post=57394"}],"curies":[{"name":"wp","href":"https:\/\/api.w.org\/{rel}","templated":true}]}}