{"id":57339,"date":"2021-01-04T11:49:28","date_gmt":"2021-08-18T10:23:57","guid":{"rendered":"https:\/\/primomoto.es\/bela-tom-para-aramid-revestido-com-cera-calcas-gangas-denim-masculina\/"},"modified":"2022-01-04T09:41:06","modified_gmt":"2022-01-04T09:41:06","slug":"bela-tom-revestido-com-cera-calcas-gangas-denim-jeans-masculina","status":"publish","type":"product","link":"https:\/\/primomoto.es\/pt-pt\/bela-tom-revestido-com-cera-calcas-gangas-denim-jeans-masculina\/","title":{"rendered":"Bela Tom Para-Aramid Revestido com Cera Cal\u00e7as Gangas Denim Masculina"},"content":{"rendered":"<h2><strong>Cal\u00e7as de homens para motociclos,\u00a0Bela Tom Men Jeans Revestido com Cera<\/strong><\/h2>\n<p><strong>descri\u00e7\u00e3o:<\/strong><\/p>\n<ul>\n<li>Tecido revestido a cera<\/li>\n<li>Tecido Kevlar<\/li>\n<li>Corte ajustado<\/li>\n<li>Refor\u00e7os de conforto el\u00e1stico<\/li>\n<li>Revestimento interno refor\u00e7ado no dorso e joelhos<\/li>\n<li>Denim Hi Flex, a oferecer grande liberdade de movimento<\/li>\n<li>Protetores de joelho e quadril remov\u00edveis fornecidos aprovados pela CE<\/li>\n<li>Bolsos de prote\u00e7\u00e3o para joelhos e quadris de f\u00e1cil acesso<\/li>\n<li>Protetores de joelho ajust\u00e1veis em altura pelo sistema Velcro para um ajuste perfeito<\/li>\n<li>Fecho com bot\u00e3o e z\u00edper<\/li>\n<li>5 bolsos, incluindo um bolso para moedas<\/li>\n<\/ul>\n","protected":false},"excerpt":{"rendered":"<p>Feito com tecido revestido a cera e kevlar, que o torna tr\u00eas vezes mais fortes que jeans regulares, mas mais confort\u00e1veis e seguros. Um ajuste perfeito para todo o tipo de passeio.<\/p>\n","protected":false},"featured_media":143150,"template":"","meta":[],"product_brand":[],"product_cat":[2645,2730,2733,2729,682,3260],"product_tag":[2753,2748],"class_list":{"0":"post-57339","1":"product","2":"type-product","3":"status-publish","4":"has-post-thumbnail","6":"product_cat-calcas-de-motociclista","7":"product_cat-denim-masculino-homes","8":"product_cat-jeans-masculino","9":"product_cat-jeans-para-motos","10":"product_cat-motorcycle-clothing-pt-pt","11":"product_cat-general-touring-category-pt","12":"product_tag-calcas-de-texteis-masculinas","13":"product_tag-hombre-touring-pant-pt-pt","14":"pa_size-34-americana-pt-pt","15":"pa_size-36-americana-pt-pt","16":"pa_size-40-americana-pt-pt","17":"pa_size-42-americana-pt-pt","18":"pa_size-44-americana-pt-pt","20":"first","21":"outofstock","22":"sale","23":"taxable","24":"shipping-taxable","25":"purchasable","26":"product-type-variable","27":"has-default-attributes"},"_links":{"self":[{"href":"https:\/\/primomoto.es\/pt-pt\/wp-json\/wp\/v2\/product\/57339","targetHints":{"allow":["GET"]}}],"collection":[{"href":"https:\/\/primomoto.es\/pt-pt\/wp-json\/wp\/v2\/product"}],"about":[{"href":"https:\/\/primomoto.es\/pt-pt\/wp-json\/wp\/v2\/types\/product"}],"wp:featuredmedia":[{"embeddable":true,"href":"https:\/\/primomoto.es\/pt-pt\/wp-json\/wp\/v2\/media\/143150"}],"wp:attachment":[{"href":"https:\/\/primomoto.es\/pt-pt\/wp-json\/wp\/v2\/media?parent=57339"}],"wp:term":[{"taxonomy":"product_brand","embeddable":true,"href":"https:\/\/primomoto.es\/pt-pt\/wp-json\/wp\/v2\/product_brand?post=57339"},{"taxonomy":"product_cat","embeddable":true,"href":"https:\/\/primomoto.es\/pt-pt\/wp-json\/wp\/v2\/product_cat?post=57339"},{"taxonomy":"product_tag","embeddable":true,"href":"https:\/\/primomoto.es\/pt-pt\/wp-json\/wp\/v2\/product_tag?post=57339"}],"curies":[{"name":"wp","href":"https:\/\/api.w.org\/{rel}","templated":true}]}}