{"id":57269,"date":"2021-01-04T11:50:35","date_gmt":"2021-08-18T09:51:53","guid":{"rendered":"https:\/\/primomoto.es\/bela-rocket-man-calcas-de-couro-de-motocicleta-para-homens-preto-azul\/"},"modified":"2023-03-29T07:56:23","modified_gmt":"2023-03-29T07:56:23","slug":"bela-rocket-man-calcas-corrida-preto-azul","status":"publish","type":"product","link":"https:\/\/primomoto.es\/pt-pt\/bela-rocket-man-calcas-corrida-preto-azul\/","title":{"rendered":"Bela Rocket Man Cal\u00e7as de couro de motocicleta para homens Preto\/Azul"},"content":{"rendered":"<h2>cal\u00e7a de couro de corrida de motocicleta para homens<\/h2>\n<p>&nbsp;<\/p>\n<p>Material:<\/p>\n<ul>\n<li>1\/1.1 mm Couro bovino grosso<\/li>\n<li>1\/1.1 mm Couro de canguru grosso<\/li>\n<\/ul>\n<p>composi\u00e7\u00e3o:<\/p>\n<ul>\n<li>Revestimento de poli malha fixo interno<\/li>\n<li>Exterior: 100% Couro Bovino (insere 92% Nylon 8% ELASTAN)<\/li>\n<\/ul>\n<p>Informa\u00e7\u00e3o t\u00e9cnica:<\/p>\n<ul>\n<li>Almofadas laterais com absor\u00e7\u00e3o de choque<\/li>\n<li>Zonas flex\u00edveis de couro na cintura e nos joelhos<\/li>\n<li>tecido el\u00e1stico de alta resist\u00eancia na \u00e1rea inguinal, coxas, pantorrilhas e virilhas<\/li>\n<li>Protetores de joelho e canela aprovados e remov\u00edveis<\/li>\n<li>Conex\u00e3o com z\u00edper na cintura para a jaqueta.<\/li>\n<li>Deslizadores de joelho inclu\u00eddos<\/li>\n<\/ul>\n","protected":false},"excerpt":{"rendered":"<p>A Bela est\u00e1 a oferecer esta cal\u00e7a de couro exclusiva, feita com couro bovino de alta qualidade com inser\u00e7\u00f5es canguru para oferecer a melhor articula\u00e7\u00e3o de prote\u00e7\u00e3o e a melhor adaptabilidade.<\/p>\n","protected":false},"featured_media":289597,"template":"","meta":[],"product_brand":[],"product_cat":[2645,2646,2725,682,3260],"product_tag":[2758,2759],"class_list":{"0":"post-57269","1":"product","2":"type-product","3":"status-publish","4":"has-post-thumbnail","6":"product_cat-calcas-de-motociclista","7":"product_cat-homens-calca-de-motocicleta","8":"product_cat-calca-de-couro-homens","9":"product_cat-motorcycle-clothing-pt-pt","10":"product_cat-general-touring-category-pt","11":"product_tag-calca-de-couro-masculino","12":"product_tag-calcas-masculinas-de-corrida","13":"pa_size-46-xs-pt-pt","14":"pa_size-50-m-pt-pt-2","15":"pa_size-52-l-pt-pt","16":"pa_size-54-xl-pt-pt","17":"pa_size-56-2xl-pt-pt-2","18":"pa_size-58-3xl-pt-pt-2","19":"pa_size-60-4xl-pt-pt","20":"pa_size-62-5xl-pt-pt","22":"first","23":"instock","24":"sale","25":"taxable","26":"shipping-taxable","27":"purchasable","28":"product-type-variable","29":"has-default-attributes"},"_links":{"self":[{"href":"https:\/\/primomoto.es\/pt-pt\/wp-json\/wp\/v2\/product\/57269","targetHints":{"allow":["GET"]}}],"collection":[{"href":"https:\/\/primomoto.es\/pt-pt\/wp-json\/wp\/v2\/product"}],"about":[{"href":"https:\/\/primomoto.es\/pt-pt\/wp-json\/wp\/v2\/types\/product"}],"wp:featuredmedia":[{"embeddable":true,"href":"https:\/\/primomoto.es\/pt-pt\/wp-json\/wp\/v2\/media\/289597"}],"wp:attachment":[{"href":"https:\/\/primomoto.es\/pt-pt\/wp-json\/wp\/v2\/media?parent=57269"}],"wp:term":[{"taxonomy":"product_brand","embeddable":true,"href":"https:\/\/primomoto.es\/pt-pt\/wp-json\/wp\/v2\/product_brand?post=57269"},{"taxonomy":"product_cat","embeddable":true,"href":"https:\/\/primomoto.es\/pt-pt\/wp-json\/wp\/v2\/product_cat?post=57269"},{"taxonomy":"product_tag","embeddable":true,"href":"https:\/\/primomoto.es\/pt-pt\/wp-json\/wp\/v2\/product_tag?post=57269"}],"curies":[{"name":"wp","href":"https:\/\/api.w.org\/{rel}","templated":true}]}}