{"id":56657,"date":"2021-05-06T20:17:44","date_gmt":"2021-08-15T11:40:36","guid":{"rendered":"https:\/\/primomoto.es\/r-tech-timmy-lady-jeans-de-motocicleta-para-senhoras-cinza\/"},"modified":"2022-11-22T19:17:31","modified_gmt":"2022-11-22T19:17:31","slug":"r-tech-timmy-lady-jeans-de-motocicleta-para-senhoras-cinza","status":"publish","type":"product","link":"https:\/\/primomoto.es\/pt-pt\/r-tech-timmy-lady-jeans-de-motocicleta-para-senhoras-cinza\/","title":{"rendered":"R-Tech Timmy Senhora Jeans Cal\u00e7a Cinza"},"content":{"rendered":"<h2><strong>Motorcycle Jeans for Ladies &#8211; R-Tech Timmy Lady Jeans<\/strong><\/h2>\n<p><strong>INFORMA\u00c7\u00c3O DO PRODUTO:<\/strong><\/p>\n<p>The \u201cTimmy\u201d Ladies Wax Coated Motorcycle Jeans is a part of the latest R-Tech Jeans Brand Collection. Timmy Ladies jeans style is made of best Cotton and Elastane fabric. N\u00e3o s\u00f3 isso, os refor\u00e7os de tecido DuPont Aramida extras estrategicamente posicionados para excelente resist\u00eancia \u00e0 abras\u00e3o sem comprometer o bom conforto e elasticidade. The CE approved knee &amp; thigh protectors \u201cEN 1621-1:2012\u201d are hard to spot when riding \/ walking but offer best protection in case of any unfortunate mishap during drive&#8230;<\/p>\n<p><strong>Tecido do escudo:<\/strong><\/p>\n<ul>\n<li>10.0 Oz Wax Coated Stretch Denim<\/li>\n<li>Confeccionada em 98% Algod\u00e3o e 2% Elastano.<\/li>\n<li>Grey Color<\/li>\n<\/ul>\n<p><strong>Prote\u00e7\u00f5es:<\/strong><\/p>\n<ul>\n<li>Prote\u00e7\u00f5es remov\u00edveis nos joelhos e coxas com certifica\u00e7\u00e3o CE EN 1621-1:2012.<\/li>\n<li>Os protetores de joelho s\u00e3o ajust\u00e1veis devido ao velcro adicional anexado na parte superior e inferior.<\/li>\n<li>A prote\u00e7\u00e3o pode ser removida facilmente enquanto simplesmente abre os z\u00edperes laterais do joelho.<\/li>\n<\/ul>\n<p><strong>Conforto:<\/strong><\/p>\n<ul>\n<li>Forro interno de tecido DuPont Aramida, que \u00e9 propositadamente colocado para proporcionar excelente resist\u00eancia \u00e0 abras\u00e3o.<\/li>\n<li>Forro interno em malha 100% poli\u00e9ster para maior respirabilidade e conforto.<\/li>\n<li>Melhor ajuste no corte regular.<\/li>\n<li>YKK\u00ae Zippers (Fly &amp; Knee area)<\/li>\n<li>Com Bolsa de Protetores extra.<\/li>\n<\/ul>\n","protected":false},"excerpt":{"rendered":"<p>Motorcycle Jeans for Ladies &#8211; R-Tech Timmy Lady Jeans INFORMA\u00c7\u00c3O DO PRODUTO: The \u201cTimmy\u201d Ladies Wax Coated Motorcycle Jeans is<\/p>\n","protected":false},"featured_media":41312,"template":"","meta":[],"product_brand":[],"product_cat":[2645,2647,2732,2729,682,2731,2724,3260],"product_tag":[2741,2742],"class_list":{"0":"post-56657","1":"product","2":"type-product","3":"status-publish","4":"has-post-thumbnail","6":"product_cat-calcas-de-motociclista","7":"product_cat-calcastexteis-mulhere","8":"product_cat-jeans-feminino","9":"product_cat-jeans-para-motos","10":"product_cat-motorcycle-clothing-pt-pt","11":"product_cat-denim-feminino","12":"product_cat-calca-feminina","13":"product_cat-general-touring-category-pt","14":"product_tag-denim-da-corsa-pt-pt","15":"product_tag-mezclilla-de-las-mujeres-pt-pt","16":"pa_size-28-s-pt-pt","17":"pa_size-30-m-pt-pt","18":"pa_size-32-l-pt-pt","19":"pa_size-34-xl-pt-pt","20":"pa_size-36-2xl-pt-pt","21":"pa_size-38-3xl-pt-pt","22":"pa_size-40-4xl-pt-pt","24":"first","25":"outofstock","26":"sale","27":"taxable","28":"shipping-taxable","29":"purchasable","30":"product-type-variable","31":"has-default-attributes"},"_links":{"self":[{"href":"https:\/\/primomoto.es\/pt-pt\/wp-json\/wp\/v2\/product\/56657","targetHints":{"allow":["GET"]}}],"collection":[{"href":"https:\/\/primomoto.es\/pt-pt\/wp-json\/wp\/v2\/product"}],"about":[{"href":"https:\/\/primomoto.es\/pt-pt\/wp-json\/wp\/v2\/types\/product"}],"wp:featuredmedia":[{"embeddable":true,"href":"https:\/\/primomoto.es\/pt-pt\/wp-json\/wp\/v2\/media\/41312"}],"wp:attachment":[{"href":"https:\/\/primomoto.es\/pt-pt\/wp-json\/wp\/v2\/media?parent=56657"}],"wp:term":[{"taxonomy":"product_brand","embeddable":true,"href":"https:\/\/primomoto.es\/pt-pt\/wp-json\/wp\/v2\/product_brand?post=56657"},{"taxonomy":"product_cat","embeddable":true,"href":"https:\/\/primomoto.es\/pt-pt\/wp-json\/wp\/v2\/product_cat?post=56657"},{"taxonomy":"product_tag","embeddable":true,"href":"https:\/\/primomoto.es\/pt-pt\/wp-json\/wp\/v2\/product_tag?post=56657"}],"curies":[{"name":"wp","href":"https:\/\/api.w.org\/{rel}","templated":true}]}}