{"id":56614,"date":"2021-06-22T05:02:53","date_gmt":"2021-08-15T10:53:30","guid":{"rendered":"https:\/\/primomoto.es\/bela-transformer-calca-de-turismo-de-motocicleta-preto-vermelho\/"},"modified":"2022-08-11T06:29:25","modified_gmt":"2022-08-11T06:29:25","slug":"bela-transformer-calca-de-turismo-de-motocicleta-preto-vermelho","status":"publish","type":"product","link":"https:\/\/primomoto.es\/pt-pt\/bela-transformer-calca-de-turismo-de-motocicleta-preto-vermelho\/","title":{"rendered":"Bela Transformer Turismo Cal\u00e7a Preto \/ Vermelho"},"content":{"rendered":"<h2>\n            <strong>Cal\u00e7a de turismo de motocicleta para homens &#8211; Bela Transformer<\/strong><br \/>\n          <\/h2>\n<p>          <strong>Seguran\u00e7a:<\/strong><\/p>\n<ul>\n<li>Tecido externo resistente \u00e0 abras\u00e3o Mototex com tratamento DWR (repelente de poeira e \u00e1gua) e revestimento de filme PU \u00e0 prova d&#8217;\u00e1gua e respir\u00e1vel.<\/li>\n<li>Reflective features on the sides and lower leg for greater visibility.<\/li>\n<li>Removable CE Approved knee protectors.<\/li>\n<li>Removable eva foam hip protection.<\/li>\n<\/ul>\n<p>          <strong>Conforto:<\/strong><\/p>\n<ul>\n<li>Highly-breathable, removable \u201cC-Dry Tech\u201d waterproof membrane. Connection system to the trousers through a zip around the waist and quick poppers at the ankles.<\/li>\n<li>Removable thermal lining with 100% polyester padding. Connection system to the \u201cC-Dry Tech\u201d membrane through a zip around the waist and quick poppers at the ankles.<\/li>\n<li>Micro-perforated inner lining for improved breathability.<\/li>\n<li>Ventilation openings in the thigh area.<\/li>\n<li>Pre-curved knees greater comfort when riding.<\/li>\n<li>Tentex Stretchable fabric under legs and upper knees to feel relaxed in movements.<\/li>\n<li>Lateral opening with a zip and Velcro at the bottom part of the leg.<\/li>\n<li>Waist adjustment points.<\/li>\n<\/ul>\n<p>          <strong>Extra:<\/strong><\/p>\n<ul>\n<li>Two outside pockets with zip fastening.<\/li>\n<li>Completely removable, adjustable braces.<\/li>\n<li>Zip to join the jacket to the trousers with elasticated points.<\/li>\n<li>Branded zippers.<\/li>\n<\/ul>\n","protected":false},"excerpt":{"rendered":"<p>Cal\u00e7a de turismo de motocicleta para homens &#8211; Bela Transformer Seguran\u00e7a: Tecido externo resistente \u00e0 abras\u00e3o Mototex com tratamento DWR<\/p>\n","protected":false},"featured_media":47734,"template":"","meta":[],"product_brand":[],"product_cat":[2645,2646,2727,682,3260],"product_tag":[2738,2648],"class_list":{"0":"post-56614","1":"product","2":"type-product","3":"status-publish","4":"has-post-thumbnail","6":"product_cat-calcas-de-motociclista","7":"product_cat-homens-calca-de-motocicleta","8":"product_cat-calca-textil-homen","9":"product_cat-motorcycle-clothing-pt-pt","10":"product_cat-general-touring-category-pt","11":"product_tag-pantalon-touring-pt-pt","12":"product_tag-pantaloni-in-tessuto-da-uomo-pt-pt","13":"pa_size-2xl-pt-pt","14":"pa_size-3xl-pt","15":"pa_size-4xl-pt","16":"pa_size-5xl-pt","17":"pa_size-l-pt-pt","18":"pa_size-m-pt-pt","19":"pa_size-s-pt-pt","20":"pa_size-xl-pt-pt","21":"pa_size-xs-pt-pt","23":"first","24":"outofstock","25":"sale","26":"taxable","27":"shipping-taxable","28":"purchasable","29":"product-type-variable","30":"has-default-attributes"},"_links":{"self":[{"href":"https:\/\/primomoto.es\/pt-pt\/wp-json\/wp\/v2\/product\/56614","targetHints":{"allow":["GET"]}}],"collection":[{"href":"https:\/\/primomoto.es\/pt-pt\/wp-json\/wp\/v2\/product"}],"about":[{"href":"https:\/\/primomoto.es\/pt-pt\/wp-json\/wp\/v2\/types\/product"}],"wp:featuredmedia":[{"embeddable":true,"href":"https:\/\/primomoto.es\/pt-pt\/wp-json\/wp\/v2\/media\/47734"}],"wp:attachment":[{"href":"https:\/\/primomoto.es\/pt-pt\/wp-json\/wp\/v2\/media?parent=56614"}],"wp:term":[{"taxonomy":"product_brand","embeddable":true,"href":"https:\/\/primomoto.es\/pt-pt\/wp-json\/wp\/v2\/product_brand?post=56614"},{"taxonomy":"product_cat","embeddable":true,"href":"https:\/\/primomoto.es\/pt-pt\/wp-json\/wp\/v2\/product_cat?post=56614"},{"taxonomy":"product_tag","embeddable":true,"href":"https:\/\/primomoto.es\/pt-pt\/wp-json\/wp\/v2\/product_tag?post=56614"}],"curies":[{"name":"wp","href":"https:\/\/api.w.org\/{rel}","templated":true}]}}