{"id":55712,"date":"2021-01-20T06:00:39","date_gmt":"2021-01-20T06:00:39","guid":{"rendered":"https:\/\/primomoto.es\/bela-watson-casaco-touring-preto-caqui\/"},"modified":"2023-05-15T13:46:21","modified_gmt":"2023-05-15T13:46:21","slug":"bela-watson-touring-jaqueta-preto-caqui","status":"publish","type":"product","link":"https:\/\/primomoto.es\/pt-pt\/bela-watson-touring-jaqueta-preto-caqui\/","title":{"rendered":"Bela Watson Casaco Touring Preto\/C\u00e1qui"},"content":{"rendered":"<h2><strong>Jaqueta masculina de motociclismo &#8211; Bela Watson Casaco de moto<\/strong><\/h2>\n<p><strong>Especifica\u00e7\u00f5es t\u00e9cnicas:<\/strong><\/p>\n<ul>\n<li>Constru\u00e7\u00e3o t\u00eaxtil \u00e0 prova d&#8217;\u00e1gua e respir\u00e1vel de poli\u00e9ster 600D avan\u00e7ada<\/li>\n<li>Sistema de ventila\u00e7\u00e3o direta (DVS) entradas de ar do peito com z\u00edper e portas de exaust\u00e3o traseiras<\/li>\n<li>Prote\u00e7\u00e3o contra impacto interno fornecida por cotovelo remov\u00edvel e protetores de ombro<\/li>\n<li>Bolsos para prote\u00e7\u00e3o opcional de peito e costas<\/li>\n<li>Detalhes gr\u00e1ficos reflexivos e logotipos melhoram a visibilidade do piloto em diferentes condi\u00e7\u00f5es de ilumina\u00e7\u00e3o<\/li>\n<li>Bolsos de m\u00e3o com z\u00edper no peito superior que funcionam em conjunto com a abertura de ventila\u00e7\u00e3o para garantir n\u00edveis personalizados de ventila\u00e7\u00e3o<\/li>\n<li>Bolsos de carga \u00e0 prova d&#8217;\u00e1gua frontais para maior conveni\u00eancia e tranquilidade no fechamento<\/li>\n<li>Grande bolso externo para utilidades na parte inferior das costas, al\u00e9m de bolsos internos \u00e0 prova d&#8217;\u00e1gua e bolso interno para carteira<\/li>\n<li>Colar de borda macia integrada e constru\u00e7\u00e3o para conforto em longas dist\u00e2ncias<\/li>\n<li>Mangas pr\u00e9-contornadas com pain\u00e9is el\u00e1sticos de acorde\u00e3o nos cotovelos<\/li>\n<li>Z\u00edper premium com controles deslizantes para fechamento frontal principal oferece conveni\u00eancia adapt\u00e1vel e segura<\/li>\n<li>O forro t\u00e9rmico remov\u00edvel de manga comprida (corpo de 100g \/ mangas de 80g) garante conforto em dias quentes ou frios<\/li>\n<li>Bra\u00e7o, prendedor de ajuste de cintura para ajuste altamente personaliz\u00e1vel<\/li>\n<li>Bolsos externos com z\u00edper para armazenamento seguro e tranquilo<\/li>\n<li>Uma combina\u00e7\u00e3o perfeita de jaqueta de tr\u00eas camadas para passeios de longa dist\u00e2ncia.<\/li>\n<\/ul>\n","protected":false},"excerpt":{"rendered":"<p>Jaqueta masculina de motociclismo &#8211; Bela Watson Casaco de moto Especifica\u00e7\u00f5es t\u00e9cnicas: Constru\u00e7\u00e3o t\u00eaxtil \u00e0 prova d&#8217;\u00e1gua e respir\u00e1vel de<\/p>\n","protected":false},"featured_media":24152,"template":"","meta":[],"product_brand":[],"product_cat":[2614,2616,2615,682,3260],"product_tag":[2629,2661],"class_list":{"0":"post-55712","1":"product","2":"type-product","3":"status-publish","4":"has-post-thumbnail","6":"product_cat-casacos-motos","7":"product_cat-casacos-de-texteis","8":"product_cat-homens-jaquetas-de-motocicleta","9":"product_cat-motorcycle-clothing-pt-pt","10":"product_cat-general-touring-category-pt","11":"product_tag-chaqueta-de-turismo-pt-pt","12":"product_tag-jaqueta-textil-masculina-pt-pt-2","13":"pa_size-l-pt-pt","14":"pa_size-s-pt-pt","15":"pa_size-xl-pt-pt","16":"pa_size-xxl-pt-pt","17":"pa_size-xxxl-pt-pt","19":"first","20":"outofstock","21":"sale","22":"taxable","23":"shipping-taxable","24":"purchasable","25":"product-type-variable","26":"has-default-attributes"},"_links":{"self":[{"href":"https:\/\/primomoto.es\/pt-pt\/wp-json\/wp\/v2\/product\/55712","targetHints":{"allow":["GET"]}}],"collection":[{"href":"https:\/\/primomoto.es\/pt-pt\/wp-json\/wp\/v2\/product"}],"about":[{"href":"https:\/\/primomoto.es\/pt-pt\/wp-json\/wp\/v2\/types\/product"}],"wp:featuredmedia":[{"embeddable":true,"href":"https:\/\/primomoto.es\/pt-pt\/wp-json\/wp\/v2\/media\/24152"}],"wp:attachment":[{"href":"https:\/\/primomoto.es\/pt-pt\/wp-json\/wp\/v2\/media?parent=55712"}],"wp:term":[{"taxonomy":"product_brand","embeddable":true,"href":"https:\/\/primomoto.es\/pt-pt\/wp-json\/wp\/v2\/product_brand?post=55712"},{"taxonomy":"product_cat","embeddable":true,"href":"https:\/\/primomoto.es\/pt-pt\/wp-json\/wp\/v2\/product_cat?post=55712"},{"taxonomy":"product_tag","embeddable":true,"href":"https:\/\/primomoto.es\/pt-pt\/wp-json\/wp\/v2\/product_tag?post=55712"}],"curies":[{"name":"wp","href":"https:\/\/api.w.org\/{rel}","templated":true}]}}