{"id":55670,"date":"2021-02-10T12:28:04","date_gmt":"2021-02-10T12:28:04","guid":{"rendered":"https:\/\/primomoto.es\/bela-panther-jaqueta-para-homens-preto-branco-vermelho\/"},"modified":"2022-12-01T10:55:43","modified_gmt":"2022-12-01T10:55:43","slug":"bela-pantera-jaqueta-motocicleta-preta-branca-vermelha","status":"publish","type":"product","link":"https:\/\/primomoto.es\/pt-pt\/bela-pantera-jaqueta-motocicleta-preta-branca-vermelha\/","title":{"rendered":"Bela Panther Motocicleta Jaqueta Preto\/Branco\/Vermelho"},"content":{"rendered":"<h2><strong>Jaqueta de tecido para motocicleta para homens &#8211; Jaqueta Bela Panther<\/strong><\/h2>\n<p><strong>Descri\u00e7\u00e3o:<\/strong><\/p>\n<ul>\n<li>Inv\u00f3lucro externo: tecido de poli\u00e9ster 600D<\/li>\n<li>Prote\u00e7\u00e3o externa de ombro em TPU com logotipo premium da Bela<\/li>\n<li>Ombro interno, cotovelo e prote\u00e7\u00e3o para as costas inseridos<\/li>\n<li>Armadura dorsal com almofada dorsal de espuma de alta densidade<\/li>\n<li>Forro de edred\u00e3o fixo para o tempo frio<\/li>\n<li>Colarinho superior em neoprene para maior conforto<\/li>\n<li>Ajustadores de bra\u00e7o e cintura para ajuste ideal<\/li>\n<li>2 bolsos externos e 2 internos<\/li>\n<li>Z\u00edper de conex\u00e3o de cintura para cal\u00e7as<\/li>\n<li>Impress\u00f5es reflexivas para visibilidade noturna<\/li>\n<\/ul>\n","protected":false},"excerpt":{"rendered":"<p>Jaqueta de tecido para motocicleta para homens &#8211; Jaqueta Bela Panther Descri\u00e7\u00e3o: Inv\u00f3lucro externo: tecido de poli\u00e9ster 600D Prote\u00e7\u00e3o externa<\/p>\n","protected":false},"featured_media":28617,"template":"","meta":[],"product_brand":[],"product_cat":[2614,2616,2615,682],"product_tag":[2665,2670],"class_list":{"0":"post-55670","1":"product","2":"type-product","3":"status-publish","4":"has-post-thumbnail","6":"product_cat-casacos-motos","7":"product_cat-casacos-de-texteis","8":"product_cat-homens-jaquetas-de-motocicleta","9":"product_cat-motorcycle-clothing-pt-pt","10":"product_tag-jaqueta-de-tecido","11":"product_tag-jaqueta_man","12":"pa_size-46-xs-pt-pt","13":"pa_size-50-m-pt-pt-2","14":"pa_size-52-l-pt-pt","15":"pa_size-54-xl-pt-pt","16":"pa_size-56-2xl-pt-pt-2","17":"pa_size-58-3xl-pt-pt-2","18":"pa_size-60-4xl-pt-pt","19":"pa_size-62-5xl-pt-pt","20":"pa_size-64-6xl-pt-pt","22":"first","23":"outofstock","24":"sale","25":"taxable","26":"shipping-taxable","27":"purchasable","28":"product-type-variable","29":"has-default-attributes"},"_links":{"self":[{"href":"https:\/\/primomoto.es\/pt-pt\/wp-json\/wp\/v2\/product\/55670","targetHints":{"allow":["GET"]}}],"collection":[{"href":"https:\/\/primomoto.es\/pt-pt\/wp-json\/wp\/v2\/product"}],"about":[{"href":"https:\/\/primomoto.es\/pt-pt\/wp-json\/wp\/v2\/types\/product"}],"wp:featuredmedia":[{"embeddable":true,"href":"https:\/\/primomoto.es\/pt-pt\/wp-json\/wp\/v2\/media\/28617"}],"wp:attachment":[{"href":"https:\/\/primomoto.es\/pt-pt\/wp-json\/wp\/v2\/media?parent=55670"}],"wp:term":[{"taxonomy":"product_brand","embeddable":true,"href":"https:\/\/primomoto.es\/pt-pt\/wp-json\/wp\/v2\/product_brand?post=55670"},{"taxonomy":"product_cat","embeddable":true,"href":"https:\/\/primomoto.es\/pt-pt\/wp-json\/wp\/v2\/product_cat?post=55670"},{"taxonomy":"product_tag","embeddable":true,"href":"https:\/\/primomoto.es\/pt-pt\/wp-json\/wp\/v2\/product_tag?post=55670"}],"curies":[{"name":"wp","href":"https:\/\/api.w.org\/{rel}","templated":true}]}}