{"id":55637,"date":"2021-02-11T12:00:51","date_gmt":"2021-08-10T07:27:26","guid":{"rendered":"https:\/\/primomoto.es\/bela-sprinter-lady-jaqueta-motocicleta-feminina-preto-cinza\/"},"modified":"2022-03-17T19:48:40","modified_gmt":"2022-03-17T19:48:40","slug":"bela-sprinter-lady-jaqueta-moto-feminina-preto-cinza","status":"publish","type":"product","link":"https:\/\/primomoto.es\/pt-pt\/bela-sprinter-lady-jaqueta-moto-feminina-preto-cinza\/","title":{"rendered":"Bela Sprinter Lady Jaqueta Motocicleta Feminina Preto\/Cinza"},"content":{"rendered":"<h2><strong>Jaqueta T\u00eaxtil para Motocicleta Feminina &#8211; Jaqueta Bela Sprinter<\/strong><\/h2>\n<p><strong>Descri\u00e7\u00e3o:<\/strong><\/p>\n<ul>\n<li>Casca externa: Maxtex 600D poli\u00e9ster e malha resistente \u00e0 abras\u00e3o<\/li>\n<li>Armadura CE com protetor traseiro de alta densidade<\/li>\n<li>Malha Comfort Fixed Liner<\/li>\n<li>Power Stretch nos ombros, peito e cotovelos<\/li>\n<li>Bra\u00e7os pr\u00e9-curvados<\/li>\n<li>Colarinho confort\u00e1vel de neoprene<\/li>\n<li>Impress\u00e3o reflexiva para aumentar a visibilidade noturna<\/li>\n<li>Ajustadores de bra\u00e7o e cintura para um ajuste personalizado<\/li>\n<li>2 bolsos externos e 2 internos<\/li>\n<li>Z\u00edper de conex\u00e3o para cal\u00e7as<\/li>\n<\/ul>\n","protected":false},"excerpt":{"rendered":"<p>Jaqueta T\u00eaxtil para Motocicleta Feminina &#8211; Jaqueta Bela Sprinter Descri\u00e7\u00e3o: Casca externa: Maxtex 600D poli\u00e9ster e malha resistente \u00e0 abras\u00e3o<\/p>\n","protected":false},"featured_media":28725,"template":"","meta":[],"product_brand":[],"product_cat":[2614,2628,2627,682,3260],"product_tag":[2686,2676],"class_list":{"0":"post-55637","1":"product","2":"type-product","3":"status-publish","4":"has-post-thumbnail","6":"product_cat-casacos-motos","7":"product_cat-casacos-de-texteis-mulher","8":"product_cat-mulheres-jaqueta-de-motocicleta","9":"product_cat-motorcycle-clothing-pt-pt","10":"product_cat-general-touring-category-pt","11":"product_tag-jaqueta-de-tecido-pt-pt-2","12":"product_tag-jaqueta_mulher","13":"pa_size-l-pt-pt","14":"pa_size-m-pt-pt","15":"pa_size-s-pt-pt","16":"pa_size-xl-pt-pt","17":"pa_size-xs-pt-pt","18":"pa_size-xxl-pt-pt","19":"pa_size-xxs-pt-pt","21":"first","22":"outofstock","23":"sale","24":"taxable","25":"shipping-taxable","26":"purchasable","27":"product-type-variable","28":"has-default-attributes"},"_links":{"self":[{"href":"https:\/\/primomoto.es\/pt-pt\/wp-json\/wp\/v2\/product\/55637","targetHints":{"allow":["GET"]}}],"collection":[{"href":"https:\/\/primomoto.es\/pt-pt\/wp-json\/wp\/v2\/product"}],"about":[{"href":"https:\/\/primomoto.es\/pt-pt\/wp-json\/wp\/v2\/types\/product"}],"wp:featuredmedia":[{"embeddable":true,"href":"https:\/\/primomoto.es\/pt-pt\/wp-json\/wp\/v2\/media\/28725"}],"wp:attachment":[{"href":"https:\/\/primomoto.es\/pt-pt\/wp-json\/wp\/v2\/media?parent=55637"}],"wp:term":[{"taxonomy":"product_brand","embeddable":true,"href":"https:\/\/primomoto.es\/pt-pt\/wp-json\/wp\/v2\/product_brand?post=55637"},{"taxonomy":"product_cat","embeddable":true,"href":"https:\/\/primomoto.es\/pt-pt\/wp-json\/wp\/v2\/product_cat?post=55637"},{"taxonomy":"product_tag","embeddable":true,"href":"https:\/\/primomoto.es\/pt-pt\/wp-json\/wp\/v2\/product_tag?post=55637"}],"curies":[{"name":"wp","href":"https:\/\/api.w.org\/{rel}","templated":true}]}}