{"id":55535,"date":"2021-02-12T11:09:38","date_gmt":"2021-02-12T11:09:38","guid":{"rendered":"https:\/\/primomoto.es\/r-tech-bold-lady-jaqueta-de-couro-feminina-castanho\/"},"modified":"2023-07-31T05:21:10","modified_gmt":"2023-07-31T05:21:10","slug":"r-tech-bold-lady-motorcycle-jaqueta-de-couro-marrom","status":"publish","type":"product","link":"https:\/\/primomoto.es\/pt-pt\/r-tech-bold-lady-motorcycle-jaqueta-de-couro-marrom\/","title":{"rendered":"R-Tech Bold Lady Motocicleta Couro Jaqueta Marrom"},"content":{"rendered":"<h2><span style=\"vertical-align: inherit;\"><span style=\"vertical-align: inherit;\">Jaqueta de couro R-Tech Bold Lady para mulheres<\/span><\/span><\/h2>\n<p><span style=\"vertical-align: inherit;\"><span style=\"vertical-align: inherit;\">Jaqueta de couro encerada elegante para mulheres.<\/span><\/span><\/p>\n<p><strong><span style=\"vertical-align: inherit;\"><span style=\"vertical-align: inherit;\">Especifica\u00e7\u00f5es t\u00e9cnicas:<\/span><\/span><\/strong><\/p>\n<ul>\n<li><span style=\"vertical-align: inherit;\"><span style=\"vertical-align: inherit;\">Espessura de couro tratado com 0,8-0,9 mm Estrutura encerada de alta qualidade<\/span><\/span><\/li>\n<li><span style=\"vertical-align: inherit;\"><span style=\"vertical-align: inherit;\">bot\u00e3o para colar de apar\u00eancia de moda de verdade.<\/span><\/span><\/li>\n<li><span style=\"vertical-align: inherit;\"><span style=\"vertical-align: inherit;\">forro de malha de poli\u00e9ster<\/span><\/span><\/li>\n<li><span style=\"vertical-align: inherit;\"><span style=\"vertical-align: inherit;\">Forro remov\u00edvel Zip-out feito de tecido Poly Cherry com 75 gm Poly Fill para aquecimento adicional.<\/span><\/span><\/li>\n<li><span style=\"vertical-align: inherit;\"><span style=\"vertical-align: inherit;\">Tratamento Wash and Waxed para looks mais vintage.<\/span><\/span><\/li>\n<li><span style=\"vertical-align: inherit;\"><span style=\"vertical-align: inherit;\">Patch de laser 3D na manga.<\/span><\/span><\/li>\n<\/ul>\n","protected":false},"excerpt":{"rendered":"<p><strong>Casaco de couro encerada femininno<\/strong><\/p>\n<ul>\n<li>Jaqueta de couro feminina R-TECH Confeccionada em couro tratado de alta qualidade, possui arma\u00e7\u00e3o em couro com 0,8-0,9mm de espessura e gola com bot\u00f5es para um visual mais moderno.<\/li>\n<li>Forro de malha de poli\u00e9ster remov\u00edvel com z\u00edper feito de tecido de poliuretano com 75gm Poly Fill para aquecimento extra.<\/li>\n<li>Tratamento lavado e encerado para um look mais vintage.<\/li>\n<li>Patch de laser 3D na manga.<\/li>\n<\/ul>\n","protected":false},"featured_media":29007,"template":"","meta":[],"product_brand":[],"product_cat":[2614,2628,2627,682,3265,3260],"product_tag":[2677,2676],"class_list":{"0":"post-55535","1":"product","2":"type-product","3":"status-publish","4":"has-post-thumbnail","6":"product_cat-casacos-motos","7":"product_cat-casacos-de-texteis-mulher","8":"product_cat-mulheres-jaqueta-de-motocicleta","9":"product_cat-motorcycle-clothing-pt-pt","10":"product_cat-rua","11":"product_cat-general-touring-category-pt","12":"product_tag-chaqueta-de-cuero-pt-pt","13":"product_tag-jaqueta_mulher","14":"pa_size-36-xs-pt-pt","15":"pa_size-38-s-pt-pt","16":"pa_size-40-m-pt-pt","17":"pa_size-42-l-pt-pt","18":"pa_size-44-xl-pt-pt","19":"pa_size-46-2xl-pt-pt","20":"pa_size-48-3xl-pt-pt","22":"first","23":"outofstock","24":"sale","25":"taxable","26":"shipping-taxable","27":"purchasable","28":"product-type-variable","29":"has-default-attributes"},"_links":{"self":[{"href":"https:\/\/primomoto.es\/pt-pt\/wp-json\/wp\/v2\/product\/55535","targetHints":{"allow":["GET"]}}],"collection":[{"href":"https:\/\/primomoto.es\/pt-pt\/wp-json\/wp\/v2\/product"}],"about":[{"href":"https:\/\/primomoto.es\/pt-pt\/wp-json\/wp\/v2\/types\/product"}],"wp:featuredmedia":[{"embeddable":true,"href":"https:\/\/primomoto.es\/pt-pt\/wp-json\/wp\/v2\/media\/29007"}],"wp:attachment":[{"href":"https:\/\/primomoto.es\/pt-pt\/wp-json\/wp\/v2\/media?parent=55535"}],"wp:term":[{"taxonomy":"product_brand","embeddable":true,"href":"https:\/\/primomoto.es\/pt-pt\/wp-json\/wp\/v2\/product_brand?post=55535"},{"taxonomy":"product_cat","embeddable":true,"href":"https:\/\/primomoto.es\/pt-pt\/wp-json\/wp\/v2\/product_cat?post=55535"},{"taxonomy":"product_tag","embeddable":true,"href":"https:\/\/primomoto.es\/pt-pt\/wp-json\/wp\/v2\/product_tag?post=55535"}],"curies":[{"name":"wp","href":"https:\/\/api.w.org\/{rel}","templated":true}]}}