{"id":55457,"date":"2021-02-12T13:28:46","date_gmt":"2021-02-12T13:28:46","guid":{"rendered":"https:\/\/primomoto.es\/bela-panther-jaqueta-para-homens-preto-cinza-escuro\/"},"modified":"2022-12-01T10:43:58","modified_gmt":"2022-12-01T10:43:58","slug":"bela-pantera-jaqueta-motocicleta-preta-escura-cinza","status":"publish","type":"product","link":"https:\/\/primomoto.es\/pt-pt\/bela-pantera-jaqueta-motocicleta-preta-escura-cinza\/","title":{"rendered":"Bela Panther Motocicleta Jaqueta Preto\/Escuro Cinza"},"content":{"rendered":"<h2><strong><span style=\"vertical-align: inherit;\"><span style=\"vertical-align: inherit;\">Jaqueta de tecido para motocicleta para homens &#8211; Jaqueta Bela Panther<\/span><\/span><\/strong><\/h2>\n<p><strong><span style=\"vertical-align: inherit;\"><span style=\"vertical-align: inherit;\">Descri\u00e7\u00e3o:<\/span><\/span><\/strong><\/p>\n<ul>\n<li><span style=\"vertical-align: inherit;\"><span style=\"vertical-align: inherit;\">Inv\u00f3lucro externo: tecido de poli\u00e9ster 600D<\/span><\/span><\/li>\n<li><span style=\"vertical-align: inherit;\"><span style=\"vertical-align: inherit;\">Prote\u00e7\u00e3o externa de ombro em TPU com logotipo premium da Bela<\/span><\/span><\/li>\n<li><span style=\"vertical-align: inherit;\"><span style=\"vertical-align: inherit;\">Ombro interno, cotovelo e prote\u00e7\u00e3o para as costas inseridos<\/span><\/span><\/li>\n<li><span style=\"vertical-align: inherit;\"><span style=\"vertical-align: inherit;\">Armadura traseira com almofada traseira de espuma de alta densidade<\/span><\/span><\/li>\n<li><span style=\"vertical-align: inherit;\"><span style=\"vertical-align: inherit;\">Forro de edred\u00e3o fixo para o tempo frio<\/span><\/span><\/li>\n<li><span style=\"vertical-align: inherit;\"><span style=\"vertical-align: inherit;\">Colarinho superior em neoprene para maior conforto<\/span><\/span><\/li>\n<li><span style=\"vertical-align: inherit;\"><span style=\"vertical-align: inherit;\">Ajustadores de bra\u00e7o e cintura para ajuste ideal<\/span><\/span><\/li>\n<li><span style=\"vertical-align: inherit;\"><span style=\"vertical-align: inherit;\">2 bolsos externos e 2 internos<\/span><\/span><\/li>\n<li><span style=\"vertical-align: inherit;\"><span style=\"vertical-align: inherit;\">Z\u00edper de conex\u00e3o de cintura para cal\u00e7as<\/span><\/span><\/li>\n<li><span style=\"vertical-align: inherit;\"><span style=\"vertical-align: inherit;\">Impress\u00f5es reflexivas para visibilidade noturna<\/span><\/span><\/li>\n<\/ul>\n","protected":false},"excerpt":{"rendered":"<p>Jaqueta de tecido para motocicleta para homens &#8211; Jaqueta Bela Panther Descri\u00e7\u00e3o: Inv\u00f3lucro externo: tecido de poli\u00e9ster 600D Prote\u00e7\u00e3o externa<\/p>\n","protected":false},"featured_media":29134,"template":"","meta":[],"product_brand":[],"product_cat":[2614,2616,2615,682],"product_tag":[2666,2665],"class_list":{"0":"post-55457","1":"product","2":"type-product","3":"status-publish","4":"has-post-thumbnail","6":"product_cat-casacos-motos","7":"product_cat-casacos-de-texteis","8":"product_cat-homens-jaquetas-de-motocicleta","9":"product_cat-motorcycle-clothing-pt-pt","10":"product_tag-chaqueta-de-los-hombres-pt-pt-2","11":"product_tag-jaqueta-de-tecido","12":"pa_size-46-xs-pt-pt","13":"pa_size-50-m-pt-pt-2","14":"pa_size-52-l-pt-pt","15":"pa_size-54-xl-pt-pt","16":"pa_size-56-2xl-pt-pt-2","17":"pa_size-58-3xl-pt-pt-2","18":"pa_size-60-4xl-pt-pt","19":"pa_size-62-5xl-pt-pt","20":"pa_size-64-6xl-pt-pt","22":"first","23":"outofstock","24":"sale","25":"taxable","26":"shipping-taxable","27":"purchasable","28":"product-type-variable","29":"has-default-attributes"},"_links":{"self":[{"href":"https:\/\/primomoto.es\/pt-pt\/wp-json\/wp\/v2\/product\/55457","targetHints":{"allow":["GET"]}}],"collection":[{"href":"https:\/\/primomoto.es\/pt-pt\/wp-json\/wp\/v2\/product"}],"about":[{"href":"https:\/\/primomoto.es\/pt-pt\/wp-json\/wp\/v2\/types\/product"}],"wp:featuredmedia":[{"embeddable":true,"href":"https:\/\/primomoto.es\/pt-pt\/wp-json\/wp\/v2\/media\/29134"}],"wp:attachment":[{"href":"https:\/\/primomoto.es\/pt-pt\/wp-json\/wp\/v2\/media?parent=55457"}],"wp:term":[{"taxonomy":"product_brand","embeddable":true,"href":"https:\/\/primomoto.es\/pt-pt\/wp-json\/wp\/v2\/product_brand?post=55457"},{"taxonomy":"product_cat","embeddable":true,"href":"https:\/\/primomoto.es\/pt-pt\/wp-json\/wp\/v2\/product_cat?post=55457"},{"taxonomy":"product_tag","embeddable":true,"href":"https:\/\/primomoto.es\/pt-pt\/wp-json\/wp\/v2\/product_tag?post=55457"}],"curies":[{"name":"wp","href":"https:\/\/api.w.org\/{rel}","templated":true}]}}