{"id":55401,"date":"2021-03-17T05:15:51","date_gmt":"2021-03-17T05:15:51","guid":{"rendered":"https:\/\/primomoto.es\/r-tech-marshal-jaqueta-de-passeio-preto-verde\/"},"modified":"2023-07-24T07:15:09","modified_gmt":"2023-07-24T07:15:09","slug":"r-tech-marshal-motocicleta-jaqueta-preta-verde","status":"publish","type":"product","link":"https:\/\/primomoto.es\/pt-pt\/r-tech-marshal-motocicleta-jaqueta-preta-verde\/","title":{"rendered":"R-Tech Marshal Motocicleta Jaqueta Preto\/Verde"},"content":{"rendered":"<p>&nbsp;<\/p>\n<h2><span style=\"vertical-align: inherit;\"><br \/>\n<span style=\"vertical-align: inherit;\">Jaqueta de pilotagem de motocicleta Marshall R-Tech<\/span><br \/>\n<\/span><\/h2>\n<p><strong><br \/>\n<span style=\"vertical-align: inherit;\"><br \/>\n<span style=\"vertical-align: inherit;\">Informa\u00e7\u00e3o t\u00e9cnica:<\/span><br \/>\n<\/span><br \/>\n<\/strong><\/p>\n<ul>\n<li><span style=\"vertical-align: inherit;\"><span style=\"vertical-align: inherit;\">Casca externa: poli\u00e9ster<\/span><\/span><\/li>\n<li><span style=\"vertical-align: inherit;\"><span style=\"vertical-align: inherit;\">Forro interior em malha macia<\/span><\/span><\/li>\n<li><span style=\"vertical-align: inherit;\"><span style=\"vertical-align: inherit;\">Preenchimento aprovado CE<\/span><\/span><\/li>\n<li><span style=\"vertical-align: inherit;\"><span style=\"vertical-align: inherit;\">Forro interno de poli\u00e9ster remov\u00edvel, com bolso interno para celular e documentos.<\/span><\/span><\/li>\n<li><span style=\"vertical-align: inherit;\"><span style=\"vertical-align: inherit;\">Tecido agrad\u00e1vel e macio ao toque no pesco\u00e7o<\/span><\/span><\/li>\n<li><span style=\"vertical-align: inherit;\"><span style=\"vertical-align: inherit;\">Dois bolsos aquecendo as m\u00e3os<\/span><\/span><\/li>\n<li><span style=\"vertical-align: inherit;\"><span style=\"vertical-align: inherit;\">Preenchendo na \u00e1rea do ombro e punho<\/span><\/span><\/li>\n<li><span style=\"vertical-align: inherit;\"><span style=\"vertical-align: inherit;\">Protetores no ombro, cotovelo e costas.<\/span><\/span><\/li>\n<li><span style=\"vertical-align: inherit;\"><span style=\"vertical-align: inherit;\">\u00c1reas reflexivas para melhor visibilidade noturna<\/span><\/span><\/li>\n<li><span style=\"vertical-align: inherit;\"><span style=\"vertical-align: inherit;\">Punho com fecho de velcro<\/span><\/span><\/li>\n<\/ul>\n","protected":false},"excerpt":{"rendered":"<p><span style=\"vertical-align: inherit;\"><br \/>\n<span style=\"vertical-align: inherit;\">Make yourself ride in the most comfortable way with the R-tech Marshal textile jacket for motorcycles. <\/span><br \/>\n<span style=\"vertical-align: inherit;\">It has removable polyester inner lining and protection with reflectors for better night-time visibility. <\/span><br \/>\n<span style=\"vertical-align: inherit;\">Marshal men jacket available in 3 colors and different sizes.<br \/>\n<\/span><br \/>\n<\/span><\/p>\n","protected":false},"featured_media":240933,"template":"","meta":[],"product_brand":[],"product_cat":[2614,2616,2615,682],"product_tag":[2629,2634],"class_list":{"0":"post-55401","1":"product","2":"type-product","3":"status-publish","4":"has-post-thumbnail","6":"product_cat-casacos-motos","7":"product_cat-casacos-de-texteis","8":"product_cat-homens-jaquetas-de-motocicleta","9":"product_cat-motorcycle-clothing-pt-pt","10":"product_tag-chaqueta-de-turismo-pt-pt","11":"product_tag-jaqueta-textil-masculina-pt-pt","12":"pa_size-44-xxs-pt-pt","13":"pa_size-46-xs-pt-pt","14":"pa_size-50-m-pt-pt-2","15":"pa_size-52-l-pt-pt","16":"pa_size-54-xl-pt-pt","17":"pa_size-56-2xl-pt-pt-2","18":"pa_size-58-3xl-pt-pt-2","19":"pa_size-60-4xl-pt-pt","20":"pa_size-62-5xl-pt-pt","21":"pa_size-64-6xl-pt-pt","22":"pa_size-66-7xl-pt-pt","23":"pa_size-68-8xl-pt-pt","25":"first","26":"instock","27":"sale","28":"taxable","29":"shipping-taxable","30":"purchasable","31":"product-type-variable","32":"has-default-attributes"},"_links":{"self":[{"href":"https:\/\/primomoto.es\/pt-pt\/wp-json\/wp\/v2\/product\/55401","targetHints":{"allow":["GET"]}}],"collection":[{"href":"https:\/\/primomoto.es\/pt-pt\/wp-json\/wp\/v2\/product"}],"about":[{"href":"https:\/\/primomoto.es\/pt-pt\/wp-json\/wp\/v2\/types\/product"}],"wp:featuredmedia":[{"embeddable":true,"href":"https:\/\/primomoto.es\/pt-pt\/wp-json\/wp\/v2\/media\/240933"}],"wp:attachment":[{"href":"https:\/\/primomoto.es\/pt-pt\/wp-json\/wp\/v2\/media?parent=55401"}],"wp:term":[{"taxonomy":"product_brand","embeddable":true,"href":"https:\/\/primomoto.es\/pt-pt\/wp-json\/wp\/v2\/product_brand?post=55401"},{"taxonomy":"product_cat","embeddable":true,"href":"https:\/\/primomoto.es\/pt-pt\/wp-json\/wp\/v2\/product_cat?post=55401"},{"taxonomy":"product_tag","embeddable":true,"href":"https:\/\/primomoto.es\/pt-pt\/wp-json\/wp\/v2\/product_tag?post=55401"}],"curies":[{"name":"wp","href":"https:\/\/api.w.org\/{rel}","templated":true}]}}