{"id":55383,"date":"2021-03-17T05:43:01","date_gmt":"2021-03-17T05:43:01","guid":{"rendered":"https:\/\/primomoto.es\/bela-elanur-lady-jaqueta-preto-antracite-rosa\/"},"modified":"2021-11-29T10:18:55","modified_gmt":"2021-11-29T10:18:55","slug":"jaqueta-bela-elanur-lady-preto-antracite-rosa","status":"publish","type":"product","link":"https:\/\/primomoto.es\/pt-pt\/jaqueta-bela-elanur-lady-preto-antracite-rosa\/","title":{"rendered":"Bela Elanur Lady Jaqueta &#8211; Preto \/ Antracite \/ Rosa"},"content":{"rendered":"<h2><strong>Jaqueta de motocicleta para senhora &#8211; Jaqueta de senhora Bela Elanur Lady<\/strong><\/h2>\n<p><strong>Descri\u00e7\u00e3o:<\/strong><\/p>\n<ul>\n<li>Tecido de poli\u00e9ster de alta densidade 500D<\/li>\n<li>Tecido agrad\u00e1vel e macio na gola<\/li>\n<li>Inser\u00e7\u00f5es de forro de malha de poli\u00e9ster interna<\/li>\n<li>Forro t\u00e9rmico remov\u00edvel<\/li>\n<li>Protetores compostos remov\u00edveis<\/li>\n<li>Preenchendo na \u00e1rea do ombro e punho<\/li>\n<li>Punho com fecho de velcro<\/li>\n<li>Bolsos de aquecimento de duas m\u00e3os<\/li>\n<li>Elementos reflexivos para visibilidade noturna<\/li>\n<li>ZIPPER: z\u00edperes de melhor qualidade com a marca MAX.<\/li>\n<\/ul>\n","protected":false},"excerpt":{"rendered":"<p>Jaqueta de motocicleta para senhora &#8211; Jaqueta de senhora Bela Elanur Lady Descri\u00e7\u00e3o: Tecido de poli\u00e9ster de alta densidade 500D<\/p>\n","protected":false},"featured_media":31752,"template":"","meta":[],"product_brand":[],"product_cat":[2614,2628,2627,682],"product_tag":[2629,2632],"class_list":{"0":"post-55383","1":"product","2":"type-product","3":"status-publish","4":"has-post-thumbnail","6":"product_cat-casacos-motos","7":"product_cat-casacos-de-texteis-mulher","8":"product_cat-mulheres-jaqueta-de-motocicleta","9":"product_cat-motorcycle-clothing-pt-pt","10":"product_tag-chaqueta-de-turismo-pt-pt","11":"product_tag-mulher-jaqueta-de-tecido","12":"pa_size-3xl-pt","13":"pa_size-l-pt-pt","14":"pa_size-m-pt-pt","15":"pa_size-s-pt-pt","16":"pa_size-xl-pt-pt","17":"pa_size-xs-pt-pt","18":"pa_size-xxl-pt-pt","19":"pa_size-xxs-pt-pt","21":"first","22":"outofstock","23":"sale","24":"taxable","25":"shipping-taxable","26":"purchasable","27":"product-type-variable","28":"has-default-attributes"},"_links":{"self":[{"href":"https:\/\/primomoto.es\/pt-pt\/wp-json\/wp\/v2\/product\/55383","targetHints":{"allow":["GET"]}}],"collection":[{"href":"https:\/\/primomoto.es\/pt-pt\/wp-json\/wp\/v2\/product"}],"about":[{"href":"https:\/\/primomoto.es\/pt-pt\/wp-json\/wp\/v2\/types\/product"}],"wp:featuredmedia":[{"embeddable":true,"href":"https:\/\/primomoto.es\/pt-pt\/wp-json\/wp\/v2\/media\/31752"}],"wp:attachment":[{"href":"https:\/\/primomoto.es\/pt-pt\/wp-json\/wp\/v2\/media?parent=55383"}],"wp:term":[{"taxonomy":"product_brand","embeddable":true,"href":"https:\/\/primomoto.es\/pt-pt\/wp-json\/wp\/v2\/product_brand?post=55383"},{"taxonomy":"product_cat","embeddable":true,"href":"https:\/\/primomoto.es\/pt-pt\/wp-json\/wp\/v2\/product_cat?post=55383"},{"taxonomy":"product_tag","embeddable":true,"href":"https:\/\/primomoto.es\/pt-pt\/wp-json\/wp\/v2\/product_tag?post=55383"}],"curies":[{"name":"wp","href":"https:\/\/api.w.org\/{rel}","templated":true}]}}