{"id":55083,"date":"2021-08-06T13:02:11","date_gmt":"2021-08-06T13:02:11","guid":{"rendered":"https:\/\/primomoto.es\/bela-transformer-jaqueta-touring-cinza-preto-azul\/"},"modified":"2022-12-19T10:59:23","modified_gmt":"2022-12-19T10:59:23","slug":"bela-transformer-motocicleta-jaqueta-touring-cinza-preta-azul","status":"publish","type":"product","link":"https:\/\/primomoto.es\/pt-pt\/bela-transformer-motocicleta-jaqueta-touring-cinza-preta-azul\/","title":{"rendered":"Bela Transformer Motocicleta Touring Jaqueta Cinza \/ Preto \/ Azul"},"content":{"rendered":"<h2><strong>Jaqueta de turismo de motocicleta &#8211; Jaqueta imperme\u00e1vel Bela Transformer<\/strong><\/h2>\n<p><strong>Descri\u00e7\u00e3o:<\/strong><\/p>\n<ul>\n<li>Outer Shell mototex 600D with 1680D protective fabric shoulders &amp; elbows<\/li>\n<li>Removable Throat Coat<\/li>\n<li>CE armour with Hi Density foam back pad (Prepared for optional D30 CE Level 2 back protector)<\/li>\n<li>Removable waterproof liner.<\/li>\n<li>Removable Thermal Quilted liner<\/li>\n<li>Concealed chest vent panels, arm vents &amp; large rear exhaust vents<\/li>\n<li>Poly mesh comfort liner<\/li>\n<li>Hydration water bag Pocket<\/li>\n<li>Reflective printing front &amp; back for low light visibility<\/li>\n<li>Ajustadores de bra\u00e7o e cintura para ajuste ideal<\/li>\n<li>Stretch panels in Shoulder &amp; Elbow<\/li>\n<li>Multiple storage pockets + hand warmer pockets.<\/li>\n<li>Z\u00edperes expansores de cintura<\/li>\n<li>Pant connection zipper<\/li>\n<\/ul>\n","protected":false},"excerpt":{"rendered":"<p>Jaqueta de turismo de motocicleta &#8211; Jaqueta imperme\u00e1vel Bela Transformer Descri\u00e7\u00e3o: Outer Shell mototex 600D with 1680D protective fabric shoulders<\/p>\n","protected":false},"featured_media":55036,"template":"","meta":[],"product_brand":[],"product_cat":[2614,2616,2615,682],"product_tag":[2652,2649],"class_list":{"0":"post-55083","1":"product","2":"type-product","3":"status-publish","4":"has-post-thumbnail","6":"product_cat-casacos-motos","7":"product_cat-casacos-de-texteis","8":"product_cat-homens-jaquetas-de-motocicleta","9":"product_cat-motorcycle-clothing-pt-pt","10":"product_tag-calca-de-tecido","11":"product_tag-pantalon-de-hombre-pt-pt","12":"pa_size-46-pt-pt","13":"pa_size-48-pt-pt","14":"pa_size-50-pt-pt","15":"pa_size-52-pt-pt","16":"pa_size-54-pt-pt","17":"pa_size-56-pt-pt","18":"pa_size-58-pt-pt","19":"pa_size-60-pt-pt","20":"pa_size-62-pt-pt","21":"pa_size-64-pt-pt","23":"first","24":"outofstock","25":"sale","26":"taxable","27":"shipping-taxable","28":"purchasable","29":"product-type-variable","30":"has-default-attributes"},"_links":{"self":[{"href":"https:\/\/primomoto.es\/pt-pt\/wp-json\/wp\/v2\/product\/55083","targetHints":{"allow":["GET"]}}],"collection":[{"href":"https:\/\/primomoto.es\/pt-pt\/wp-json\/wp\/v2\/product"}],"about":[{"href":"https:\/\/primomoto.es\/pt-pt\/wp-json\/wp\/v2\/types\/product"}],"wp:featuredmedia":[{"embeddable":true,"href":"https:\/\/primomoto.es\/pt-pt\/wp-json\/wp\/v2\/media\/55036"}],"wp:attachment":[{"href":"https:\/\/primomoto.es\/pt-pt\/wp-json\/wp\/v2\/media?parent=55083"}],"wp:term":[{"taxonomy":"product_brand","embeddable":true,"href":"https:\/\/primomoto.es\/pt-pt\/wp-json\/wp\/v2\/product_brand?post=55083"},{"taxonomy":"product_cat","embeddable":true,"href":"https:\/\/primomoto.es\/pt-pt\/wp-json\/wp\/v2\/product_cat?post=55083"},{"taxonomy":"product_tag","embeddable":true,"href":"https:\/\/primomoto.es\/pt-pt\/wp-json\/wp\/v2\/product_tag?post=55083"}],"curies":[{"name":"wp","href":"https:\/\/api.w.org\/{rel}","templated":true}]}}