{"id":54661,"date":"2021-08-06T09:48:35","date_gmt":"2021-08-06T09:48:35","guid":{"rendered":"https:\/\/primomoto.es\/bela-chaqueta-textil-crossroad-extreme-wp-negro-amarillo-fluor\/"},"modified":"2021-12-02T08:07:56","modified_gmt":"2021-12-02T08:07:56","slug":"bela-cross-road-wp-chaqueta-de-motociclismo-para-hombre-negroamarillo-fluor","status":"publish","type":"product","link":"https:\/\/primomoto.es\/pt-pt\/bela-cross-road-wp-chaqueta-de-motociclismo-para-hombre-negroamarillo-fluor\/","title":{"rendered":"BELA &#8211; Chaqueta Textil Crossroad Extreme WP Negro\/Amarillo Fluor"},"content":{"rendered":"<h2><strong>Jaqueta masculina de motociclismo &#8211; Bela Cross Road\u00a0<\/strong>Extreme WP<\/h2>\n<p><strong>Descri\u00e7\u00e3o:<\/strong><\/p>\n<ul>\n<li>Material externo: Nylon 600D<\/li>\n<li>Refor\u00e7os de ombro e cotovelo: poli\u00e9ster 1680D<\/li>\n<li>Forro: 100% poli\u00e9ster<\/li>\n<li>Forro imperme\u00e1vel destac\u00e1vel<\/li>\n<li>Forro t\u00e9rmico destac\u00e1vel<\/li>\n<li>Protetores de ombro e cotovelo certificados pela CE<\/li>\n<li>Fecho principal: Z\u00edper de vislon de marca e tiras de bot\u00e3o de metal.<\/li>\n<li>Sistema de ventila\u00e7\u00e3o: duas aberturas frontais e duas traseiras nos ombros, duas nas mangas.<\/li>\n<li>Aberturas de z\u00edper para ventila\u00e7\u00e3o sob os bolsos do peito.<\/li>\n<li>Quatro bolsos externos na frente, presos com um fecho e velcro<\/li>\n<li>Um grande bolso externo nas costas<\/li>\n<li>Mangas remov\u00edveis.<\/li>\n<\/ul>\n","protected":false},"excerpt":{"rendered":"<p>Jaqueta masculina de motociclismo &#8211; Bela Cross Road\u00a0Extreme WP Descri\u00e7\u00e3o: Material externo: Nylon 600D Refor\u00e7os de ombro e cotovelo: poli\u00e9ster<\/p>\n","protected":false},"featured_media":54615,"template":"","meta":[],"product_brand":[],"product_cat":[2614,2616,2615,682,3260],"product_tag":[2652,2649],"class_list":{"0":"post-54661","1":"product","2":"type-product","3":"status-publish","4":"has-post-thumbnail","6":"product_cat-casacos-motos","7":"product_cat-casacos-de-texteis","8":"product_cat-homens-jaquetas-de-motocicleta","9":"product_cat-motorcycle-clothing-pt-pt","10":"product_cat-general-touring-category-pt","11":"product_tag-calca-de-tecido","12":"product_tag-pantalon-de-hombre-pt-pt","13":"pa_size-46-pt-pt","14":"pa_size-48-pt-pt","15":"pa_size-50-pt-pt","16":"pa_size-52-pt-pt","17":"pa_size-54-pt-pt","18":"pa_size-56-pt-pt","19":"pa_size-58-pt-pt","20":"pa_size-60-pt-pt","21":"pa_size-62-pt-pt","22":"pa_size-64-pt-pt","24":"first","25":"outofstock","26":"sale","27":"taxable","28":"shipping-taxable","29":"purchasable","30":"product-type-variable","31":"has-default-attributes"},"_links":{"self":[{"href":"https:\/\/primomoto.es\/pt-pt\/wp-json\/wp\/v2\/product\/54661","targetHints":{"allow":["GET"]}}],"collection":[{"href":"https:\/\/primomoto.es\/pt-pt\/wp-json\/wp\/v2\/product"}],"about":[{"href":"https:\/\/primomoto.es\/pt-pt\/wp-json\/wp\/v2\/types\/product"}],"wp:featuredmedia":[{"embeddable":true,"href":"https:\/\/primomoto.es\/pt-pt\/wp-json\/wp\/v2\/media\/54615"}],"wp:attachment":[{"href":"https:\/\/primomoto.es\/pt-pt\/wp-json\/wp\/v2\/media?parent=54661"}],"wp:term":[{"taxonomy":"product_brand","embeddable":true,"href":"https:\/\/primomoto.es\/pt-pt\/wp-json\/wp\/v2\/product_brand?post=54661"},{"taxonomy":"product_cat","embeddable":true,"href":"https:\/\/primomoto.es\/pt-pt\/wp-json\/wp\/v2\/product_cat?post=54661"},{"taxonomy":"product_tag","embeddable":true,"href":"https:\/\/primomoto.es\/pt-pt\/wp-json\/wp\/v2\/product_tag?post=54661"}],"curies":[{"name":"wp","href":"https:\/\/api.w.org\/{rel}","templated":true}]}}