{"id":53852,"date":"2021-01-04T12:07:18","date_gmt":"2021-08-01T06:08:27","guid":{"rendered":"https:\/\/primomoto.es\/bela-atlas-barco\/"},"modified":"2022-03-18T14:12:58","modified_gmt":"2022-03-18T14:12:58","slug":"bela-atlas-homens-couro-botas-preto-goma","status":"publish","type":"product","link":"https:\/\/primomoto.es\/pt-pt\/bela-atlas-homens-couro-botas-preto-goma\/","title":{"rendered":"Bela Atlas Homens Couro Botas Preto\/Goma"},"content":{"rendered":"<p>&nbsp;<\/p>\n<h2><span style=\"vertical-align: inherit;\"><br \/>\n<span style=\"vertical-align: inherit;\">Bela Atlas Boat<\/span><br \/>\n<\/span><\/h2>\n<ul>\n<li><span style=\"vertical-align: inherit;\"><span style=\"vertical-align: inherit;\">Parte superior em microfibra italiana<\/span><\/span><\/li>\n<li><span style=\"vertical-align: inherit;\"><span style=\"vertical-align: inherit;\">Forro imperme\u00e1vel e respir\u00e1vel de 3 vias<\/span><\/span><\/li>\n<li><span style=\"vertical-align: inherit;\"><span style=\"vertical-align: inherit;\">Forro de poli\u00e9ster com espuma de c\u00e9lula aberta para maior conforto<\/span><\/span><\/li>\n<li><span style=\"vertical-align: inherit;\"><span style=\"vertical-align: inherit;\">Biqueira e calcanhar termopl\u00e1stico Techno GI\u00ae<\/span><\/span><\/li>\n<li><span style=\"vertical-align: inherit;\"><span style=\"vertical-align: inherit;\">Sola interm\u00e9dia de nylon moldada anti-tor\u00e7\u00e3o<\/span><\/span><\/li>\n<li><span style=\"vertical-align: inherit;\"><span style=\"vertical-align: inherit;\">Solado antiderrapante vulcanizado de alta densidade<\/span><\/span><\/li>\n<\/ul>\n","protected":false},"excerpt":{"rendered":"<p>&nbsp; Bela Atlas Boat Parte superior em microfibra italiana Forro imperme\u00e1vel e respir\u00e1vel de 3 vias Forro de poli\u00e9ster com<\/p>\n","protected":false},"featured_media":101887,"template":"","meta":[],"product_brand":[],"product_cat":[2571,2581,2572,682,3265],"product_tag":[2596,2612],"class_list":{"0":"post-53852","1":"product","2":"type-product","3":"status-publish","4":"has-post-thumbnail","6":"product_cat-botas-de-motocicleta","7":"product_cat-botas-urbanas","8":"product_cat-homens-botas-de-motocicleta","9":"product_cat-motorcycle-clothing-pt-pt","10":"product_cat-rua","11":"product_tag-botas-de-microfibra-pt-pt","12":"product_tag-botas-de-rua-masculinas","13":"pa_size-39-pt-pt","14":"pa_size-40-pt-pt","15":"pa_size-41-pt-pt","16":"pa_size-42-pt-pt","17":"pa_size-43-pt-pt","18":"pa_size-44-pt-pt","19":"pa_size-45-pt-pt","20":"pa_size-46-pt-pt","22":"first","23":"outofstock","24":"sale","25":"taxable","26":"shipping-taxable","27":"purchasable","28":"product-type-variable","29":"has-default-attributes"},"_links":{"self":[{"href":"https:\/\/primomoto.es\/pt-pt\/wp-json\/wp\/v2\/product\/53852","targetHints":{"allow":["GET"]}}],"collection":[{"href":"https:\/\/primomoto.es\/pt-pt\/wp-json\/wp\/v2\/product"}],"about":[{"href":"https:\/\/primomoto.es\/pt-pt\/wp-json\/wp\/v2\/types\/product"}],"wp:featuredmedia":[{"embeddable":true,"href":"https:\/\/primomoto.es\/pt-pt\/wp-json\/wp\/v2\/media\/101887"}],"wp:attachment":[{"href":"https:\/\/primomoto.es\/pt-pt\/wp-json\/wp\/v2\/media?parent=53852"}],"wp:term":[{"taxonomy":"product_brand","embeddable":true,"href":"https:\/\/primomoto.es\/pt-pt\/wp-json\/wp\/v2\/product_brand?post=53852"},{"taxonomy":"product_cat","embeddable":true,"href":"https:\/\/primomoto.es\/pt-pt\/wp-json\/wp\/v2\/product_cat?post=53852"},{"taxonomy":"product_tag","embeddable":true,"href":"https:\/\/primomoto.es\/pt-pt\/wp-json\/wp\/v2\/product_tag?post=53852"}],"curies":[{"name":"wp","href":"https:\/\/api.w.org\/{rel}","templated":true}]}}