{"id":53425,"date":"2021-01-14T07:44:52","date_gmt":"2021-07-28T11:26:52","guid":{"rendered":"https:\/\/primomoto.es\/bela-empact-boots-black\/"},"modified":"2022-05-18T10:07:40","modified_gmt":"2022-05-18T10:07:40","slug":"bela-empac-botas-pretas","status":"publish","type":"product","link":"https:\/\/primomoto.es\/pt-pt\/bela-empac-botas-pretas\/","title":{"rendered":"Bela Empact Chuteiras Preto"},"content":{"rendered":"<h2>\n            <strong>Bela Empact Boots &#8211; Best Fit Shoes<\/strong><br \/>\n          <\/h2>\n<p>          <strong>Especifica\u00e7\u00f5es t\u00e9cnicas:<\/strong><\/p>\n<ul>\n<li>Vintage suede leather and denim fabric<\/li>\n<li>Forro de poli\u00e9ster com espuma de c\u00e9lula aberta para maior conforto<\/li>\n<li>Membrana imperme\u00e1vel e respir\u00e1vel<\/li>\n<li>Biqueira e calcanhar termopl\u00e1stico Techno GI\u00ae<\/li>\n<li>Costura dupla em \u00e1reas de alta tens\u00e3o<\/li>\n<li>P\u00e9-cama substitu\u00edvel<\/li>\n<li>Cadar\u00e7os de fixa\u00e7\u00e3o com z\u00edper YKK para facilitar o encaixe<\/li>\n<li>Solado antiderrapante vulcanizado de alta densidade<\/li>\n<\/ul>\n","protected":false},"excerpt":{"rendered":"<p>Bela Empact Boots &#8211; Best Fit Shoes Especifica\u00e7\u00f5es t\u00e9cnicas: Vintage suede leather and denim fabric Forro de poli\u00e9ster com espuma<\/p>\n","protected":false},"featured_media":21793,"template":"","meta":[],"product_brand":[],"product_cat":[2571,2573,2581,2572,3270,682,3260],"product_tag":[2576,2597,2574],"class_list":{"0":"post-53425","1":"product","2":"type-product","3":"status-publish","4":"has-post-thumbnail","6":"product_cat-botas-de-motocicleta","7":"product_cat-botas-de-touring","8":"product_cat-botas-urbanas","9":"product_cat-homens-botas-de-motocicleta","10":"product_cat-corrida","11":"product_cat-motorcycle-clothing-pt-pt","12":"product_cat-general-touring-category-pt","13":"product_tag-botas-de-touring-pt-pt","14":"product_tag-botas-ejaculacao","15":"product_tag-botas-masculinas","16":"pa_size-39-pt-pt","17":"pa_size-40-pt-pt","18":"pa_size-41-pt-pt","19":"pa_size-42-pt-pt","20":"pa_size-43-pt-pt","21":"pa_size-44-pt-pt","23":"first","24":"instock","25":"sale","26":"taxable","27":"shipping-taxable","28":"purchasable","29":"product-type-variable","30":"has-default-attributes"},"_links":{"self":[{"href":"https:\/\/primomoto.es\/pt-pt\/wp-json\/wp\/v2\/product\/53425","targetHints":{"allow":["GET"]}}],"collection":[{"href":"https:\/\/primomoto.es\/pt-pt\/wp-json\/wp\/v2\/product"}],"about":[{"href":"https:\/\/primomoto.es\/pt-pt\/wp-json\/wp\/v2\/types\/product"}],"wp:featuredmedia":[{"embeddable":true,"href":"https:\/\/primomoto.es\/pt-pt\/wp-json\/wp\/v2\/media\/21793"}],"wp:attachment":[{"href":"https:\/\/primomoto.es\/pt-pt\/wp-json\/wp\/v2\/media?parent=53425"}],"wp:term":[{"taxonomy":"product_brand","embeddable":true,"href":"https:\/\/primomoto.es\/pt-pt\/wp-json\/wp\/v2\/product_brand?post=53425"},{"taxonomy":"product_cat","embeddable":true,"href":"https:\/\/primomoto.es\/pt-pt\/wp-json\/wp\/v2\/product_cat?post=53425"},{"taxonomy":"product_tag","embeddable":true,"href":"https:\/\/primomoto.es\/pt-pt\/wp-json\/wp\/v2\/product_tag?post=53425"}],"curies":[{"name":"wp","href":"https:\/\/api.w.org\/{rel}","templated":true}]}}