{"id":53417,"date":"2021-01-14T07:52:35","date_gmt":"2021-07-28T11:21:41","guid":{"rendered":"https:\/\/primomoto.es\/botas-bela-ghost-rider-preto\/"},"modified":"2022-05-18T10:15:44","modified_gmt":"2022-05-18T10:15:44","slug":"bela-ghost-rider-botas-preto","status":"publish","type":"product","link":"https:\/\/primomoto.es\/pt-pt\/bela-ghost-rider-botas-preto\/","title":{"rendered":"Bela Ghost Rider Botas Preto"},"content":{"rendered":"<section class=\"product-description-section block-section\" style=\"box-sizing: border-box; margin-bottom: 3rem; clear: both; color: #484848; font-family: Raleway, sans-serif; font-size: 13px; background-color: #fafafa;\">\n<div class=\"section-content\" style=\"box-sizing: border-box;\">\n<div class=\"product-description \" style=\"box-sizing: border-box;\">\n<div class=\"rte-content\" style=\"box-sizing: border-box;\">\n<h2>\n                    <strong>Botas Bela Ghost Rider &#8211; T\u00eanis para Homens<\/strong><br \/>\n                  <\/h2>\n<p>                  <strong>Especifica\u00e7\u00e3o t\u00e9cnica:<\/strong><\/p>\n<ul>\n<li>Superior: couro camur\u00e7a de aspecto vintage<\/li>\n<li>Forro de poli\u00e9ster com espuma de c\u00e9lula aberta para maior conforto<\/li>\n<li>Biqueira e calcanhar termopl\u00e1stico Techno GI\u00ae<\/li>\n<li>P\u00e9-cama substitu\u00edvel<\/li>\n<li>Solado antiderrapante vulcanizado de alta densidade<\/li>\n<\/ul><\/div><\/div><\/div>\n<\/section>\n<section id=\"product-details-wrapper\" class=\"product-details-section block-section\" style=\"box-sizing: border-box; margin-bottom: 3rem; clear: both; color: #484848; font-family: Raleway, sans-serif; font-size: 13px; background-color: #fafafa;\"><\/section>\n","protected":false},"excerpt":{"rendered":"<p>Ande com estas botas estilo vintage e sinta-se mais confort\u00e1vel do que as outras.<\/p>\n","protected":false},"featured_media":21826,"template":"","meta":[],"product_brand":[],"product_cat":[2571,2573,2581,2572,682,3265,3260],"product_tag":[2576,2597,2574],"class_list":{"0":"post-53417","1":"product","2":"type-product","3":"status-publish","4":"has-post-thumbnail","6":"product_cat-botas-de-motocicleta","7":"product_cat-botas-de-touring","8":"product_cat-botas-urbanas","9":"product_cat-homens-botas-de-motocicleta","10":"product_cat-motorcycle-clothing-pt-pt","11":"product_cat-rua","12":"product_cat-general-touring-category-pt","13":"product_tag-botas-de-touring-pt-pt","14":"product_tag-botas-ejaculacao","15":"product_tag-botas-masculinas","16":"pa_size-39-pt-pt","17":"pa_size-40-pt-pt","18":"pa_size-41-pt-pt","19":"pa_size-42-pt-pt","20":"pa_size-43-pt-pt","21":"pa_size-44-pt-pt","23":"first","24":"instock","25":"sale","26":"taxable","27":"shipping-taxable","28":"purchasable","29":"product-type-variable","30":"has-default-attributes"},"_links":{"self":[{"href":"https:\/\/primomoto.es\/pt-pt\/wp-json\/wp\/v2\/product\/53417","targetHints":{"allow":["GET"]}}],"collection":[{"href":"https:\/\/primomoto.es\/pt-pt\/wp-json\/wp\/v2\/product"}],"about":[{"href":"https:\/\/primomoto.es\/pt-pt\/wp-json\/wp\/v2\/types\/product"}],"wp:featuredmedia":[{"embeddable":true,"href":"https:\/\/primomoto.es\/pt-pt\/wp-json\/wp\/v2\/media\/21826"}],"wp:attachment":[{"href":"https:\/\/primomoto.es\/pt-pt\/wp-json\/wp\/v2\/media?parent=53417"}],"wp:term":[{"taxonomy":"product_brand","embeddable":true,"href":"https:\/\/primomoto.es\/pt-pt\/wp-json\/wp\/v2\/product_brand?post=53417"},{"taxonomy":"product_cat","embeddable":true,"href":"https:\/\/primomoto.es\/pt-pt\/wp-json\/wp\/v2\/product_cat?post=53417"},{"taxonomy":"product_tag","embeddable":true,"href":"https:\/\/primomoto.es\/pt-pt\/wp-json\/wp\/v2\/product_tag?post=53417"}],"curies":[{"name":"wp","href":"https:\/\/api.w.org\/{rel}","templated":true}]}}