{"id":53360,"date":"2021-01-14T08:39:05","date_gmt":"2021-07-28T10:40:24","guid":{"rendered":"https:\/\/primomoto.es\/bota-bela-fresco\/"},"modified":"2022-05-18T09:53:10","modified_gmt":"2022-05-18T09:53:10","slug":"bela-fresco-botas-pretas","status":"publish","type":"product","link":"https:\/\/primomoto.es\/pt-pt\/bela-fresco-botas-pretas\/","title":{"rendered":"Bela Fresco Chuteiras Preto"},"content":{"rendered":"<h2>Buty Bela Fresco Air<\/h2>\n<ul>\n<li>Couro camur\u00e7a vintage com pain\u00e9is de couro ventilados.<\/li>\n<li>Forro de poli\u00e9ster respir\u00e1vel.<\/li>\n<li>Anatomicznie wymienna wk\u0142adka<\/li>\n<li>Solidna gumowa podeszwa w starym stylu<\/li>\n<li>Podnosek i pi\u0119ta Techno GI\u00ae Thermoplastic<\/li>\n<li>Klasyczne sznurowanie<\/li>\n<\/ul>\n","protected":false},"excerpt":{"rendered":"<p>Buty Bela Fresco Air Couro camur\u00e7a vintage com pain\u00e9is de couro ventilados. Forro de poli\u00e9ster respir\u00e1vel. Anatomicznie wymienna wk\u0142adka Solidna<\/p>\n","protected":false},"featured_media":22070,"template":"","meta":[],"product_brand":[],"product_cat":[2571,2581,2572,682,3265],"product_tag":[2576,2607],"class_list":{"0":"post-53360","1":"product","2":"type-product","3":"status-publish","4":"has-post-thumbnail","6":"product_cat-botas-de-motocicleta","7":"product_cat-botas-urbanas","8":"product_cat-homens-botas-de-motocicleta","9":"product_cat-motorcycle-clothing-pt-pt","10":"product_cat-rua","11":"product_tag-botas-de-touring-pt-pt","12":"product_tag-botas-masculinas-pt-pt","13":"pa_size-39-pt-pt","14":"pa_size-40-pt-pt","15":"pa_size-41-pt-pt","16":"pa_size-42-pt-pt","17":"pa_size-43-pt-pt","18":"pa_size-44-pt-pt","20":"first","21":"instock","22":"sale","23":"taxable","24":"shipping-taxable","25":"purchasable","26":"product-type-variable","27":"has-default-attributes"},"_links":{"self":[{"href":"https:\/\/primomoto.es\/pt-pt\/wp-json\/wp\/v2\/product\/53360","targetHints":{"allow":["GET"]}}],"collection":[{"href":"https:\/\/primomoto.es\/pt-pt\/wp-json\/wp\/v2\/product"}],"about":[{"href":"https:\/\/primomoto.es\/pt-pt\/wp-json\/wp\/v2\/types\/product"}],"wp:featuredmedia":[{"embeddable":true,"href":"https:\/\/primomoto.es\/pt-pt\/wp-json\/wp\/v2\/media\/22070"}],"wp:attachment":[{"href":"https:\/\/primomoto.es\/pt-pt\/wp-json\/wp\/v2\/media?parent=53360"}],"wp:term":[{"taxonomy":"product_brand","embeddable":true,"href":"https:\/\/primomoto.es\/pt-pt\/wp-json\/wp\/v2\/product_brand?post=53360"},{"taxonomy":"product_cat","embeddable":true,"href":"https:\/\/primomoto.es\/pt-pt\/wp-json\/wp\/v2\/product_cat?post=53360"},{"taxonomy":"product_tag","embeddable":true,"href":"https:\/\/primomoto.es\/pt-pt\/wp-json\/wp\/v2\/product_tag?post=53360"}],"curies":[{"name":"wp","href":"https:\/\/api.w.org\/{rel}","templated":true}]}}