{"id":53237,"date":"2021-03-15T16:09:18","date_gmt":"2021-07-28T07:48:25","guid":{"rendered":"https:\/\/primomoto.es\/r-tech-tornado-2-0-botas-de-corrida-preto-cinza-amarelo-fluor\/"},"modified":"2021-12-13T09:27:14","modified_gmt":"2021-12-13T09:27:14","slug":"r-tech-tornado-2-botas-corrida-preto-cinza-amarelo","status":"publish","type":"product","link":"https:\/\/primomoto.es\/pt-pt\/r-tech-tornado-2-botas-corrida-preto-cinza-amarelo\/","title":{"rendered":"R-Tech Tornado 2.0 Botas de corrida &#8211; Preto \/ Cinza \/ Amarelo Fluor"},"content":{"rendered":"<h2><strong>Botas de couro para motociclismo para homens &#8211; R-Tech Tornado 2.0<\/strong><\/h2>\n<p>As Botas de Moto RTECH TORNADO 2.0 fazem parte da cole\u00e7\u00e3o mais recente da RTECH, que cont\u00e9m os recursos abaixo &#8230;<\/p>\n<p><strong>As especifica\u00e7\u00f5es incluem:<\/strong><\/p>\n<ul>\n<li>Design agressivo de bota estilo corrida<\/li>\n<li>Parte superior de microfibra italiana<\/li>\n<li>Caneleira moldada em TPU e suporte para panturrilha<\/li>\n<li>Calcanheira moldada almofada de mudan\u00e7a refor\u00e7ada<\/li>\n<li>Z\u00edper YKK e fecho de velcro<\/li>\n<li>Controle deslizante do dedo do p\u00e9 substitu\u00edvel<\/li>\n<li>Forro de poli\u00e9ster com espuma de c\u00e9lulas abertas para maior conforto<\/li>\n<li>Costura dupla em \u00e1reas de alta tens\u00e3o<\/li>\n<li>Techno GI\u00ae\ufe0f Biqueira termopl\u00e1stica e calcanhar<\/li>\n<li>P\u00e9-cama substitu\u00edvel<\/li>\n<li>Sola antiderrapante vulcanizada de alta densidade<\/li>\n<\/ul>\n","protected":false},"excerpt":{"rendered":"<p>Botas de couro para motociclismo para homens &#8211; R-Tech Tornado 2.0 As Botas de Moto RTECH TORNADO 2.0 fazem parte<\/p>\n","protected":false},"featured_media":31049,"template":"","meta":[],"product_brand":[],"product_cat":[2571,2577,2572,3270,682],"product_tag":[2601,2578],"class_list":{"0":"post-53237","1":"product","2":"type-product","3":"status-publish","4":"has-post-thumbnail","6":"product_cat-botas-de-motocicleta","7":"product_cat-homens-botas-de-corrida","8":"product_cat-homens-botas-de-motocicleta","9":"product_cat-corrida","10":"product_cat-motorcycle-clothing-pt-pt","11":"product_tag-botas-de-corrida-masculinas-pt-pt","12":"product_tag-botas-de-couro","13":"pa_size-39-pt-pt","14":"pa_size-40-pt-pt","15":"pa_size-41-pt-pt","16":"pa_size-42-pt-pt","17":"pa_size-43-pt-pt","18":"pa_size-44-pt-pt","19":"pa_size-45-pt-pt","20":"pa_size-46-pt-pt","21":"pa_size-47-pt-pt","22":"pa_size-48-pt-pt","24":"first","25":"outofstock","26":"sale","27":"taxable","28":"shipping-taxable","29":"purchasable","30":"product-type-variable","31":"has-default-attributes"},"_links":{"self":[{"href":"https:\/\/primomoto.es\/pt-pt\/wp-json\/wp\/v2\/product\/53237","targetHints":{"allow":["GET"]}}],"collection":[{"href":"https:\/\/primomoto.es\/pt-pt\/wp-json\/wp\/v2\/product"}],"about":[{"href":"https:\/\/primomoto.es\/pt-pt\/wp-json\/wp\/v2\/types\/product"}],"wp:featuredmedia":[{"embeddable":true,"href":"https:\/\/primomoto.es\/pt-pt\/wp-json\/wp\/v2\/media\/31049"}],"wp:attachment":[{"href":"https:\/\/primomoto.es\/pt-pt\/wp-json\/wp\/v2\/media?parent=53237"}],"wp:term":[{"taxonomy":"product_brand","embeddable":true,"href":"https:\/\/primomoto.es\/pt-pt\/wp-json\/wp\/v2\/product_brand?post=53237"},{"taxonomy":"product_cat","embeddable":true,"href":"https:\/\/primomoto.es\/pt-pt\/wp-json\/wp\/v2\/product_cat?post=53237"},{"taxonomy":"product_tag","embeddable":true,"href":"https:\/\/primomoto.es\/pt-pt\/wp-json\/wp\/v2\/product_tag?post=53237"}],"curies":[{"name":"wp","href":"https:\/\/api.w.org\/{rel}","templated":true}]}}