{"id":52923,"date":"2021-07-15T06:47:23","date_gmt":"2021-07-27T06:19:55","guid":{"rendered":"https:\/\/primomoto.es\/bela-junior-botas-de-motocicleta-de-turismo-castanho\/"},"modified":"2023-05-19T15:14:38","modified_gmt":"2023-05-19T15:14:38","slug":"bela-junior-impermeavel-motocicleta-bota-marrom","status":"publish","type":"product","link":"https:\/\/primomoto.es\/pt-pt\/bela-junior-impermeavel-motocicleta-bota-marrom\/","title":{"rendered":"Bela Junior \u00c0 prova d&#8217;\u00e1gua Motocicleta Bota Marrom"},"content":{"rendered":"<p style=\"font-weight: 400;\">\n            <strong>Botas de motocicleta Bela Junior WP Touring<\/strong>\n          <\/p>\n<p style=\"font-weight: 400;\">As botas para motos de turismo Bela Junior podem ser descritas em duas palavras: Conforto e Prote\u00e7\u00e3o. Nossas botas juniores s\u00e3o equipadas com 2 fivelas para ajustar a ader\u00eancia perfeita do p\u00e9. O material interno macio e a sola 100% borracha d\u00e3o a sensa\u00e7\u00e3o de conforto que voc\u00ea n\u00e3o encontra em uma bota de cano alto. Temos uma grande variedade de tamanhos em preto e marrom.<\/p>\n<p style=\"font-weight: 400;\">\n            <strong>Especifica\u00e7\u00f5es t\u00e9cnicas:<\/strong>\n          <\/p>\n<ul style=\"font-weight: 400;\">\n<li>Microfibra<\/li>\n<li>\u00c0 prova d&#8217;\u00e1gua<\/li>\n<li>Prote\u00e7\u00e3o de tornozelo.<\/li>\n<li>Duas fivelas ajust\u00e1veis.<\/li>\n<li>Aprova\u00e7\u00e3o CE.<\/li>\n<li>Aba com fecho de velcro.<\/li>\n<li>Acorde\u00e3o na frente e atr\u00e1s para facilitar os movimentos.<\/li>\n<li>Forro de poli\u00e9ster macio<\/li>\n<li>Calcanhar refor\u00e7ado para melhor ader\u00eancia e prote\u00e7\u00e3o do tornozelo nos dois lados<\/li>\n<li>100% b\u00eabado sozinho<\/li>\n<\/ul>\n","protected":false},"excerpt":{"rendered":"<p>As botas de motociclismo de turismo Bela Junior WP s\u00e3o feitas de microfibra premium especial. Estas botas est\u00e3o dispon\u00edveis em castanho e em todos os tamanhos.<\/p>\n","protected":false},"featured_media":51996,"template":"","meta":[],"product_brand":[],"product_cat":[2571,2573,2572,682,3260],"product_tag":[2575,2574],"class_list":{"0":"post-52923","1":"product","2":"type-product","3":"status-publish","4":"has-post-thumbnail","6":"product_cat-botas-de-motocicleta","7":"product_cat-botas-de-touring","8":"product_cat-homens-botas-de-motocicleta","9":"product_cat-motorcycle-clothing-pt-pt","10":"product_cat-general-touring-category-pt","11":"product_tag-bota-de-turismo-masculina","12":"product_tag-botas-masculinas","13":"pa_size-38-pt-pt","14":"pa_size-39-pt-pt","15":"pa_size-40-pt-pt","16":"pa_size-41-pt-pt","17":"pa_size-42-pt-pt","18":"pa_size-43-pt-pt","19":"pa_size-44-pt-pt","20":"pa_size-45-pt-pt","21":"pa_size-46-pt-pt","22":"pa_size-47-pt-pt","23":"pa_size-48-pt-pt","25":"first","26":"outofstock","27":"sale","28":"taxable","29":"shipping-taxable","30":"purchasable","31":"product-type-variable","32":"has-default-attributes"},"_links":{"self":[{"href":"https:\/\/primomoto.es\/pt-pt\/wp-json\/wp\/v2\/product\/52923","targetHints":{"allow":["GET"]}}],"collection":[{"href":"https:\/\/primomoto.es\/pt-pt\/wp-json\/wp\/v2\/product"}],"about":[{"href":"https:\/\/primomoto.es\/pt-pt\/wp-json\/wp\/v2\/types\/product"}],"wp:featuredmedia":[{"embeddable":true,"href":"https:\/\/primomoto.es\/pt-pt\/wp-json\/wp\/v2\/media\/51996"}],"wp:attachment":[{"href":"https:\/\/primomoto.es\/pt-pt\/wp-json\/wp\/v2\/media?parent=52923"}],"wp:term":[{"taxonomy":"product_brand","embeddable":true,"href":"https:\/\/primomoto.es\/pt-pt\/wp-json\/wp\/v2\/product_brand?post=52923"},{"taxonomy":"product_cat","embeddable":true,"href":"https:\/\/primomoto.es\/pt-pt\/wp-json\/wp\/v2\/product_cat?post=52923"},{"taxonomy":"product_tag","embeddable":true,"href":"https:\/\/primomoto.es\/pt-pt\/wp-json\/wp\/v2\/product_tag?post=52923"}],"curies":[{"name":"wp","href":"https:\/\/api.w.org\/{rel}","templated":true}]}}