{"id":51799,"date":"2021-01-11T11:11:38","date_gmt":"2021-07-14T11:38:10","guid":{"rendered":"https:\/\/primomoto.es\/bela-highway-men-luvas-de-inverno-homem-preto-cinza\/"},"modified":"2023-02-06T06:49:08","modified_gmt":"2023-02-06T06:49:08","slug":"bela-highway-men-luvas-inverno-preto-cinza","status":"publish","type":"product","link":"https:\/\/primomoto.es\/pt-pt\/bela-highway-men-luvas-inverno-preto-cinza\/","title":{"rendered":"Bela Highway Men Luvas de inverno homem Preto\/Cinza"},"content":{"rendered":"<h2>\n            <strong>Luvas de inverno para motocicleta &#8211; Luvas de couro Bela Highway<\/strong><br \/>\n          <\/h2>\n<p>          <strong>Descri\u00e7\u00e3o:<\/strong><\/p>\n<ul>\n<li>As luvas Bela Highway s\u00e3o confeccionadas com tecido de poli\u00e9ster de alta qualidade junto com a palma de couro genu\u00edno dentro do forro Thinsulate inserido para manter a m\u00e3o quente no inverno.<\/li>\n<li>Protective TPR pads on the palm back, knuckles and wrist side to prevent impact.<\/li>\n<li>Water repellent fabric on the surface and Inner with HIPORA waterproof membrane, Waterproof and breathable.<\/li>\n<li>2 hook and loop fastener closures at wrist part, can adjust the tightness freely and give you the best fit.<\/li>\n<li>Index fingers touch screen, which make it convenient to use in touch your phone and all kinds of touchable control electronic products.<\/li>\n<li>The surface of the winter motorcycle gloves is abrasion-resistant and windproof, Comfortable lining keeps hands dry and warm.<\/li>\n<li>Design a snow scraper on the index finger to remove rain and snow from the snow mirror in rainy and snowy weather.<\/li>\n<li>A perfect glove to make your winter rides warm, secure comfy<\/li>\n<\/ul>\n","protected":false},"excerpt":{"rendered":"<p>Luvas de inverno para motocicleta &#8211; Luvas de couro Bela Highway Descri\u00e7\u00e3o: As luvas Bela Highway s\u00e3o confeccionadas com tecido<\/p>\n","protected":false},"featured_media":21136,"template":"","meta":[],"product_brand":[],"product_cat":[2488,2482,2511,2489,3270,682,3260],"product_tag":[2534,2539,2538,2485],"class_list":{"0":"post-51799","1":"product","2":"type-product","3":"status-publish","4":"has-post-thumbnail","6":"product_cat-luvas-de-motocicleta-masculinas","7":"product_cat-luvas-de-motocicleta-pt","8":"product_cat-luvas-de-corrida","9":"product_cat-luvas-de-touring","10":"product_cat-corrida","11":"product_cat-motorcycle-clothing-pt-pt","12":"product_cat-general-touring-category-pt","13":"product_tag-luva-de-corrida","14":"product_tag-luva-de-homem","15":"product_tag-luva-de-inverno","16":"product_tag-luva-de-turismo","17":"pa_size-l-pt-pt","18":"pa_size-m-pt-pt","19":"pa_size-s-pt-pt","20":"pa_size-xl-pt-pt","21":"pa_size-xxl-pt-pt","22":"pa_size-xxxl-pt-pt","24":"first","25":"outofstock","26":"sale","27":"taxable","28":"shipping-taxable","29":"purchasable","30":"product-type-variable","31":"has-default-attributes"},"_links":{"self":[{"href":"https:\/\/primomoto.es\/pt-pt\/wp-json\/wp\/v2\/product\/51799","targetHints":{"allow":["GET"]}}],"collection":[{"href":"https:\/\/primomoto.es\/pt-pt\/wp-json\/wp\/v2\/product"}],"about":[{"href":"https:\/\/primomoto.es\/pt-pt\/wp-json\/wp\/v2\/types\/product"}],"wp:featuredmedia":[{"embeddable":true,"href":"https:\/\/primomoto.es\/pt-pt\/wp-json\/wp\/v2\/media\/21136"}],"wp:attachment":[{"href":"https:\/\/primomoto.es\/pt-pt\/wp-json\/wp\/v2\/media?parent=51799"}],"wp:term":[{"taxonomy":"product_brand","embeddable":true,"href":"https:\/\/primomoto.es\/pt-pt\/wp-json\/wp\/v2\/product_brand?post=51799"},{"taxonomy":"product_cat","embeddable":true,"href":"https:\/\/primomoto.es\/pt-pt\/wp-json\/wp\/v2\/product_cat?post=51799"},{"taxonomy":"product_tag","embeddable":true,"href":"https:\/\/primomoto.es\/pt-pt\/wp-json\/wp\/v2\/product_tag?post=51799"}],"curies":[{"name":"wp","href":"https:\/\/api.w.org\/{rel}","templated":true}]}}