{"id":51734,"date":"2021-03-19T10:26:26","date_gmt":"2021-07-14T10:58:16","guid":{"rendered":"https:\/\/primomoto.es\/bela-ice-winter-wp-luvas-de-inverno-motocicleta-preto-amarelo-fluor\/"},"modified":"2021-12-11T16:47:48","modified_gmt":"2021-12-11T16:47:48","slug":"bela-ice-winter-wp-luvas-de-inverno-impermeavel-preto-amarelo","status":"publish","type":"product","link":"https:\/\/primomoto.es\/pt-pt\/bela-ice-winter-wp-luvas-de-inverno-impermeavel-preto-amarelo\/","title":{"rendered":"Bela Ice Winter WP Luvas de inverno Motocicleta Preto\/Amarelo Fluor"},"content":{"rendered":"<h2>Luvas de inverno imperme\u00e1vel &#8211;\u00a0<strong>Luvas Bela Ice Winter WP<\/strong><\/h2>\n<p><strong>Descri\u00e7\u00e3o:<\/strong><\/p>\n<ul>\n<li>As luvas de inverno Wp Bela ICE s\u00e3o confeccionadas com tecido de poli\u00e9ster de alta qualidade junto com a palma de couro genu\u00edno dentro do forro Thinsulate inserido para manter a m\u00e3o quente no inverno. Almofadas de prote\u00e7\u00e3o TPR nas costas da palma, n\u00f3s dos dedos e lado do pulso para evitar o impacto.<\/li>\n<li>Tecido repelente \u00e0 \u00e1gua na superf\u00edcie e Interior com membrana imperme\u00e1vel HIPORA, Imperme\u00e1vel e respir\u00e1vel.<\/li>\n<li>2 fechos de velcro na parte do pulso, podem ajustar o aperto livremente e dar-lhe o melhor ajuste.<\/li>\n<li>Tela sens\u00edvel ao toque dos dedos indicadores, o que o torna conveniente para usar no toque do seu telefone e todos os tipos de produtos eletr\u00f4nicos de controle toc\u00e1veis.<\/li>\n<li>A superf\u00edcie das luvas de inverno para motocicletas \u00e9 resistente \u00e0 abras\u00e3o e \u00e0 prova de vento. O forro confort\u00e1vel mant\u00e9m as m\u00e3os secas e aquecidas. Desenhe um raspador de neve no dedo indicador para remover a chuva e a neve do espelho de neve em tempo chuvoso e com neve.<\/li>\n<li>Uma luva perfeita para tornar seus passeios de inverno quentes, seguros e confort\u00e1veis<\/li>\n<\/ul>\n","protected":false},"excerpt":{"rendered":"<p>Luvas de inverno imperme\u00e1vel &#8211;\u00a0Luvas Bela Ice Winter WP Descri\u00e7\u00e3o: As luvas de inverno Wp Bela ICE s\u00e3o confeccionadas com<\/p>\n","protected":false},"featured_media":32468,"template":"","meta":[],"product_brand":[],"product_cat":[2488,2482,2489,682,3260],"product_tag":[2504,2520],"class_list":{"0":"post-51734","1":"product","2":"type-product","3":"status-publish","4":"has-post-thumbnail","6":"product_cat-luvas-de-motocicleta-masculinas","7":"product_cat-luvas-de-motocicleta-pt","8":"product_cat-luvas-de-touring","9":"product_cat-motorcycle-clothing-pt-pt","10":"product_cat-general-touring-category-pt","11":"product_tag-hombres-touring-guante-pt-pt","12":"product_tag-homens-de-couro-de-luva","13":"pa_size-l-pt-pt","14":"pa_size-m-pt-pt","15":"pa_size-s-pt-pt","16":"pa_size-xxl-pt-pt","17":"pa_size-xxxl-pt-pt","19":"first","20":"outofstock","21":"sale","22":"taxable","23":"shipping-taxable","24":"purchasable","25":"product-type-variable","26":"has-default-attributes"},"_links":{"self":[{"href":"https:\/\/primomoto.es\/pt-pt\/wp-json\/wp\/v2\/product\/51734","targetHints":{"allow":["GET"]}}],"collection":[{"href":"https:\/\/primomoto.es\/pt-pt\/wp-json\/wp\/v2\/product"}],"about":[{"href":"https:\/\/primomoto.es\/pt-pt\/wp-json\/wp\/v2\/types\/product"}],"wp:featuredmedia":[{"embeddable":true,"href":"https:\/\/primomoto.es\/pt-pt\/wp-json\/wp\/v2\/media\/32468"}],"wp:attachment":[{"href":"https:\/\/primomoto.es\/pt-pt\/wp-json\/wp\/v2\/media?parent=51734"}],"wp:term":[{"taxonomy":"product_brand","embeddable":true,"href":"https:\/\/primomoto.es\/pt-pt\/wp-json\/wp\/v2\/product_brand?post=51734"},{"taxonomy":"product_cat","embeddable":true,"href":"https:\/\/primomoto.es\/pt-pt\/wp-json\/wp\/v2\/product_cat?post=51734"},{"taxonomy":"product_tag","embeddable":true,"href":"https:\/\/primomoto.es\/pt-pt\/wp-json\/wp\/v2\/product_tag?post=51734"}],"curies":[{"name":"wp","href":"https:\/\/api.w.org\/{rel}","templated":true}]}}