{"id":51507,"date":"2021-03-22T14:35:18","date_gmt":"2021-07-14T07:38:16","guid":{"rendered":"https:\/\/primomoto.es\/bela-venom-rs-luvas-de-corrida-masculinas-preto-cinza-2\/"},"modified":"2023-02-15T11:11:00","modified_gmt":"2023-02-15T11:11:00","slug":"bela-venom-rs-luvas-de-corrida-masculinas-preto-cinza-2","status":"publish","type":"product","link":"https:\/\/primomoto.es\/pt-pt\/bela-venom-rs-luvas-de-corrida-masculinas-preto-cinza-2\/","title":{"rendered":"Bela Hero Air Senhora Ver\u00e3o Luvas Preto \/ Vermelho"},"content":{"rendered":"<h2><strong>Luvas de ver\u00e3o para motocicleta &#8211; Bela Hero Air Gloves Lady<\/strong><\/h2>\n<p><strong>Descri\u00e7\u00e3o:<\/strong><\/p>\n<ul>\n<li>Leather &amp; mesh construction<\/li>\n<li>Shock absorbing knuckle protection<\/li>\n<li>Pre Curved shape<\/li>\n<li>Palmeira clarino<\/li>\n<li>Reinforced palm &amp; little finger<\/li>\n<li>Velcro wrist strap closure<\/li>\n<li>TPR sliders<\/li>\n<\/ul>\n","protected":false},"excerpt":{"rendered":"<p>Luvas de ver\u00e3o para motocicleta &#8211; Bela Hero Air Gloves Lady Descri\u00e7\u00e3o: Leather &amp; mesh construction Shock absorbing knuckle protection<\/p>\n","protected":false},"featured_media":33164,"template":"","meta":[],"product_brand":[],"product_cat":[2482,2484,2483,682,3260],"product_tag":[2485,2515,2516],"class_list":{"0":"post-51507","1":"product","2":"type-product","3":"status-publish","4":"has-post-thumbnail","6":"product_cat-luvas-de-motocicleta-pt","7":"product_cat-luvas-de-turismo-mulher","8":"product_cat-mulheres-luvas-de-motocicleta","9":"product_cat-motorcycle-clothing-pt-pt","10":"product_cat-general-touring-category-pt","11":"product_tag-luva-de-turismo","12":"product_tag-luva-de-verao","13":"product_tag-luva-textil-feminina","14":"pa_size-l-pt-pt","15":"pa_size-m-pt-pt","16":"pa_size-s-pt-pt","17":"pa_size-xl-pt-pt","18":"pa_size-xs-pt-pt","19":"pa_size-xxl-pt-pt","20":"pa_size-xxs-pt-pt","22":"first","23":"outofstock","24":"sale","25":"taxable","26":"shipping-taxable","27":"purchasable","28":"product-type-variable","29":"has-default-attributes"},"_links":{"self":[{"href":"https:\/\/primomoto.es\/pt-pt\/wp-json\/wp\/v2\/product\/51507","targetHints":{"allow":["GET"]}}],"collection":[{"href":"https:\/\/primomoto.es\/pt-pt\/wp-json\/wp\/v2\/product"}],"about":[{"href":"https:\/\/primomoto.es\/pt-pt\/wp-json\/wp\/v2\/types\/product"}],"wp:featuredmedia":[{"embeddable":true,"href":"https:\/\/primomoto.es\/pt-pt\/wp-json\/wp\/v2\/media\/33164"}],"wp:attachment":[{"href":"https:\/\/primomoto.es\/pt-pt\/wp-json\/wp\/v2\/media?parent=51507"}],"wp:term":[{"taxonomy":"product_brand","embeddable":true,"href":"https:\/\/primomoto.es\/pt-pt\/wp-json\/wp\/v2\/product_brand?post=51507"},{"taxonomy":"product_cat","embeddable":true,"href":"https:\/\/primomoto.es\/pt-pt\/wp-json\/wp\/v2\/product_cat?post=51507"},{"taxonomy":"product_tag","embeddable":true,"href":"https:\/\/primomoto.es\/pt-pt\/wp-json\/wp\/v2\/product_tag?post=51507"}],"curies":[{"name":"wp","href":"https:\/\/api.w.org\/{rel}","templated":true}]}}