{"id":51319,"date":"2021-06-18T09:43:44","date_gmt":"2021-07-14T06:18:00","guid":{"rendered":"https:\/\/primomoto.es\/bela-drift-man-luvas-texteis-para-motocicleta-pretas-vermelho\/"},"modified":"2023-02-08T10:33:22","modified_gmt":"2023-02-08T10:33:22","slug":"bela-drift-man-luvas-texteis-para-motocicleta-pretas-vermelho","status":"publish","type":"product","link":"https:\/\/primomoto.es\/pt-pt\/bela-drift-man-luvas-texteis-para-motocicleta-pretas-vermelho\/","title":{"rendered":"Bela Drift Man Luvas t\u00eaxteis para motocicleta Pretas \/ vermelho"},"content":{"rendered":"<h2>\n            <strong>Luvas de ver\u00e3o para motocicleta &#8211; Luvas Bela Drift<\/strong><br \/>\n          <\/h2>\n<p>          <strong>Descri\u00e7\u00e3o:<\/strong><\/p>\n<ul>\n<li>Luvas t\u00eaxteis.<\/li>\n<li>Forro de poli\u00e9ster macio no interior nas costas.<\/li>\n<li>Camadas refor\u00e7adas Clarino para melhor prote\u00e7\u00e3o.<\/li>\n<li>Debrum em couro sint\u00e9tico.<\/li>\n<li>TPR protections.<\/li>\n<li>Knuckle protector to improve safety.<\/li>\n<li>Forma curva para um encaixe agrad\u00e1vel.<\/li>\n<li>Adjustable Velcro closure on cuff made with soft fabric for better comfort.<\/li>\n<\/ul>\n","protected":false},"excerpt":{"rendered":"<p>Luvas de ver\u00e3o para motocicleta &#8211; Luvas Bela Drift Descri\u00e7\u00e3o: Luvas t\u00eaxteis. Forro de poli\u00e9ster macio no interior nas costas.<\/p>\n","protected":false},"featured_media":47388,"template":"","meta":[],"product_brand":[],"product_cat":[2488,2482,2489,682,3265,3260],"product_tag":[2490,2485],"class_list":{"0":"post-51319","1":"product","2":"type-product","3":"status-publish","4":"has-post-thumbnail","6":"product_cat-luvas-de-motocicleta-masculinas","7":"product_cat-luvas-de-motocicleta-pt","8":"product_cat-luvas-de-touring","9":"product_cat-motorcycle-clothing-pt-pt","10":"product_cat-rua","11":"product_cat-general-touring-category-pt","12":"product_tag-gant-homme-pt-pt","13":"product_tag-luva-de-turismo","14":"pa_size-2xl-pt-pt","15":"pa_size-3xl-pt","16":"pa_size-l-pt-pt","17":"pa_size-m-pt-pt","18":"pa_size-s-pt-pt","19":"pa_size-xl-pt-pt","21":"first","22":"outofstock","23":"sale","24":"taxable","25":"shipping-taxable","26":"purchasable","27":"product-type-variable","28":"has-default-attributes"},"_links":{"self":[{"href":"https:\/\/primomoto.es\/pt-pt\/wp-json\/wp\/v2\/product\/51319","targetHints":{"allow":["GET"]}}],"collection":[{"href":"https:\/\/primomoto.es\/pt-pt\/wp-json\/wp\/v2\/product"}],"about":[{"href":"https:\/\/primomoto.es\/pt-pt\/wp-json\/wp\/v2\/types\/product"}],"wp:featuredmedia":[{"embeddable":true,"href":"https:\/\/primomoto.es\/pt-pt\/wp-json\/wp\/v2\/media\/47388"}],"wp:attachment":[{"href":"https:\/\/primomoto.es\/pt-pt\/wp-json\/wp\/v2\/media?parent=51319"}],"wp:term":[{"taxonomy":"product_brand","embeddable":true,"href":"https:\/\/primomoto.es\/pt-pt\/wp-json\/wp\/v2\/product_brand?post=51319"},{"taxonomy":"product_cat","embeddable":true,"href":"https:\/\/primomoto.es\/pt-pt\/wp-json\/wp\/v2\/product_cat?post=51319"},{"taxonomy":"product_tag","embeddable":true,"href":"https:\/\/primomoto.es\/pt-pt\/wp-json\/wp\/v2\/product_tag?post=51319"}],"curies":[{"name":"wp","href":"https:\/\/api.w.org\/{rel}","templated":true}]}}